{"id":71213,"date":"2016-11-01T16:34:07","date_gmt":"2016-11-01T20:34:07","guid":{"rendered":"https:\/\/101d955997.nxcli.io\/?page_id=71213"},"modified":"2025-05-14T15:10:12","modified_gmt":"2025-05-14T19:10:12","slug":"a-propos-de-lapnb","status":"publish","type":"page","link":"https:\/\/panb.ca\/fr\/a-propos-de-lapnb\/","title":{"rendered":"A propos de nous"},"content":{"rendered":"\t\t<div data-elementor-type=\"wp-page\" data-elementor-id=\"71213\" class=\"elementor elementor-71213 elementor-340\">\n\t\t\t\t\t\t<section class=\"elementor-section elementor-top-section elementor-element elementor-element-11934cf thsn-col-stretched-none thsn-bg-color-over-image elementor-section-boxed elementor-section-height-default elementor-section-height-default\" data-id=\"11934cf\" data-element_type=\"section\" data-e-type=\"section\" data-settings=\"{&quot;background_background&quot;:&quot;classic&quot;}\">\n\t\t\t\t\t\t<div class=\"elementor-container elementor-column-gap-default\">\n\t\t\t\t\t<div class=\"elementor-column elementor-col-100 elementor-top-column elementor-element elementor-element-b9ed417 thsn-bg-color-over-image\" data-id=\"b9ed417\" data-element_type=\"column\" data-e-type=\"column\">\n\t\t\t<div class=\"elementor-widget-wrap elementor-element-populated\">\n\t\t\t\t\t\t<div class=\"elementor-element elementor-element-c42428d elementor-widget elementor-widget-heading\" data-id=\"c42428d\" data-element_type=\"widget\" data-e-type=\"widget\" data-widget_type=\"heading.default\">\n\t\t\t\t<div class=\"elementor-widget-container\">\n\t\t\t\t\t<h1 class=\"elementor-heading-title elementor-size-default\">Notre mandat<\/h1>\t\t\t\t<\/div>\n\t\t\t\t<\/div>\n\t\t\t\t<div class=\"elementor-element elementor-element-w81o256 elementor-widget elementor-widget-text-editor\" data-id=\"w81o256\" data-element_type=\"widget\" data-e-type=\"widget\" data-widget_type=\"text-editor.default\">\n\t\t\t\t<div class=\"elementor-widget-container\">\n\t\t\t\t\t\t\t\t\t<p>L&rsquo;Association des param\u00e9dics du Nouveau-Brunswick a le devoir de se conformer \u00e0 la Loi sur les param\u00e9dics du Nouveau-Brunswick et de prot\u00e9ger la profession de param\u00e9dic et le public qu&rsquo;elle sert.<\/p>\t\t\t\t\t\t\t\t<\/div>\n\t\t\t\t<\/div>\n\t\t\t\t\t<\/div>\n\t\t<\/div>\n\t\t\t\t\t<\/div>\n\t\t<\/section>\n\t\t\t\t<section class=\"elementor-section elementor-top-section elementor-element elementor-element-bc3eab9 thsn-col-stretched-none thsn-bg-color-over-image elementor-section-boxed elementor-section-height-default elementor-section-height-default\" data-id=\"bc3eab9\" data-element_type=\"section\" data-e-type=\"section\">\n\t\t\t\t\t\t<div class=\"elementor-container elementor-column-gap-default\">\n\t\t\t\t\t<div class=\"elementor-column elementor-col-100 elementor-top-column elementor-element elementor-element-440b229 thsn-bg-color-over-image\" data-id=\"440b229\" data-element_type=\"column\" data-e-type=\"column\">\n\t\t\t<div class=\"elementor-widget-wrap elementor-element-populated\">\n\t\t\t\t\t\t<div class=\"elementor-element elementor-element-027aa5f elementor-widget elementor-widget-heading\" data-id=\"027aa5f\" data-element_type=\"widget\" data-e-type=\"widget\" data-widget_type=\"heading.default\">\n\t\t\t\t<div class=\"elementor-widget-container\">\n\t\t\t\t\t<h1 class=\"elementor-heading-title elementor-size-default\">Notre mission<\/h1>\t\t\t\t<\/div>\n\t\t\t\t<\/div>\n\t\t\t\t<div class=\"elementor-element elementor-element-371fa3a elementor-widget elementor-widget-text-editor\" data-id=\"371fa3a\" data-element_type=\"widget\" data-e-type=\"widget\" data-widget_type=\"text-editor.default\">\n\t\t\t\t<div class=\"elementor-widget-container\">\n\t\t\t\t\t\t\t\t\t<p>D\u00e9velopper et promouvoir les normes \u00e9thiques, \u00e9ducatives et cliniques les plus \u00e9lev\u00e9es pour tous les param\u00e9dicaux.<\/p>\t\t\t\t\t\t\t\t<\/div>\n\t\t\t\t<\/div>\n\t\t\t\t\t<\/div>\n\t\t<\/div>\n\t\t\t\t\t<\/div>\n\t\t<\/section>\n\t\t\t\t<section class=\"elementor-section elementor-top-section elementor-element elementor-element-1673746 thsn-col-stretched-none thsn-bg-color-over-image elementor-section-boxed elementor-section-height-default elementor-section-height-default\" data-id=\"1673746\" data-element_type=\"section\" data-e-type=\"section\">\n\t\t\t\t\t\t<div class=\"elementor-container elementor-column-gap-default\">\n\t\t\t\t\t<div class=\"elementor-column elementor-col-100 elementor-top-column elementor-element elementor-element-6b6b3e8 thsn-bg-color-over-image\" data-id=\"6b6b3e8\" data-element_type=\"column\" data-e-type=\"column\">\n\t\t\t<div class=\"elementor-widget-wrap elementor-element-populated\">\n\t\t\t\t\t\t<div class=\"elementor-element elementor-element-7b8e887 elementor-widget elementor-widget-heading\" data-id=\"7b8e887\" data-element_type=\"widget\" data-e-type=\"widget\" data-widget_type=\"heading.default\">\n\t\t\t\t<div class=\"elementor-widget-container\">\n\t\t\t\t\t<h1 class=\"elementor-heading-title elementor-size-default\">L'autor\u00e9gulation<\/h1>\t\t\t\t<\/div>\n\t\t\t\t<\/div>\n\t\t\t\t<div class=\"elementor-element elementor-element-abd71ef elementor-widget elementor-widget-text-editor\" data-id=\"abd71ef\" data-element_type=\"widget\" data-e-type=\"widget\" data-widget_type=\"text-editor.default\">\n\t\t\t\t<div class=\"elementor-widget-container\">\n\t\t\t\t\t\t\t\t\tL&rsquo;Association des param\u00e9dics du Nouveau-Brunswick est responsable de la r\u00e9glementation de la pratique param\u00e9dicale au Nouveau-Brunswick, conform\u00e9ment \u00e0 la Loi sur les param\u00e9dics. L&rsquo;autor\u00e9gulation garantit que les auxiliaires m\u00e9dicaux mesurent la profession et les praticiens, car ils sont consid\u00e9r\u00e9s comme des experts dans ce domaine. Il serait pr\u00e9judiciable que des personnes autres que des param\u00e9dicaux contr\u00f4lent la pratique param\u00e9dicale, car elles ne connaissent pas toutes les composantes d&rsquo;une pratique s\u00fbre, efficace et \u00e9thique.\n\nChaque auxiliaire m\u00e9dical a un r\u00f4le \u00e0 jouer dans le paradigme de l&rsquo;autor\u00e9gulation car il est responsable du maintien de ses comp\u00e9tences en s&rsquo;assurant qu&rsquo;il atteint les objectifs du programme de maintien des comp\u00e9tences chaque ann\u00e9e et qu&rsquo;il maintient son autorisation d&rsquo;exercer annuelle aupr\u00e8s des Archives.\n\nEn tant que profession autor\u00e9glement\u00e9e, le gouvernement confie aux Archives le soin de d\u00e9terminer qui peut entrer dans le secteur param\u00e9dical et l&rsquo;exercer, dans le but de prot\u00e9ger le public contre les pr\u00e9judices. Les Archives sont \u00e9galement charg\u00e9es de sanctionner la licence d&rsquo;un membre, voire de la r\u00e9voquer le cas \u00e9ch\u00e9ant, par l&rsquo;interm\u00e9diaire des comit\u00e9s de plainte, de discipline et d&rsquo;aptitude \u00e0 la pratique.\n\nLes APNB doivent se conformer \u00e0 la Loi sur les travailleurs param\u00e9dicaux et \u00e0 ses r\u00e8glements administratifs ainsi qu&rsquo;\u00e0 ses politiques afin d&rsquo;assurer l&rsquo;autor\u00e9glementation au Nouveau-Brunswick.\n\nPour plus d&rsquo;informations sur l&rsquo;acte et les statuts, consultez l&rsquo;onglet correspondant dans la rubrique \u00ab\u00a0\u00c0 propos de nous\u00a0\u00bb.\t\t\t\t\t\t\t\t<\/div>\n\t\t\t\t<\/div>\n\t\t\t\t\t<\/div>\n\t\t<\/div>\n\t\t\t\t\t<\/div>\n\t\t<\/section>\n\t\t\t\t<\/div>\n\t\t","protected":false},"excerpt":{"rendered":"<p>Notre mandat L&rsquo;Association des param\u00e9dics du Nouveau-Brunswick a le devoir de se conformer \u00e0 la Loi sur les param\u00e9dics du Nouveau-Brunswick et de prot\u00e9ger la profession de param\u00e9dic et le public qu&rsquo;elle sert. Notre mission D\u00e9velopper et promouvoir les normes \u00e9thiques, \u00e9ducatives et cliniques les plus \u00e9lev\u00e9es pour tous les param\u00e9dicaux. L&rsquo;autor\u00e9gulation L&rsquo;Association des param\u00e9dics du Nouveau-Brunswick est responsable de la r\u00e9glementation de la pratique param\u00e9dicale au Nouveau-Brunswick, conform\u00e9ment \u00e0[&hellip;]<\/p>\n","protected":false},"author":2,"featured_media":0,"parent":0,"menu_order":0,"comment_status":"closed","ping_status":"closed","template":"","meta":{"_acf_changed":false,"footnotes":""},"class_list":["post-71213","page","type-page","status-publish","hentry"],"acf":[],"_links":{"self":[{"href":"https:\/\/panb.ca\/fr\/wp-json\/wp\/v2\/pages\/71213","targetHints":{"allow":["GET"]}}],"collection":[{"href":"https:\/\/panb.ca\/fr\/wp-json\/wp\/v2\/pages"}],"about":[{"href":"https:\/\/panb.ca\/fr\/wp-json\/wp\/v2\/types\/page"}],"author":[{"embeddable":true,"href":"https:\/\/panb.ca\/fr\/wp-json\/wp\/v2\/users\/2"}],"replies":[{"embeddable":true,"href":"https:\/\/panb.ca\/fr\/wp-json\/wp\/v2\/comments?post=71213"}],"version-history":[{"count":19,"href":"https:\/\/panb.ca\/fr\/wp-json\/wp\/v2\/pages\/71213\/revisions"}],"predecessor-version":[{"id":79936,"href":"https:\/\/panb.ca\/fr\/wp-json\/wp\/v2\/pages\/71213\/revisions\/79936"}],"wp:attachment":[{"href":"https:\/\/panb.ca\/fr\/wp-json\/wp\/v2\/media?parent=71213"}],"curies":[{"name":"wp","href":"https:\/\/api.w.org\/{rel}","templated":true}]}}