{"id":71370,"date":"2018-02-20T14:54:45","date_gmt":"2018-02-20T18:54:45","guid":{"rendered":"https:\/\/101d955997.nxcli.io\/?page_id=71370"},"modified":"2025-05-03T06:15:23","modified_gmt":"2025-05-03T10:15:23","slug":"inscription","status":"publish","type":"page","link":"https:\/\/panb.ca\/fr\/inscription\/","title":{"rendered":"Inscription"},"content":{"rendered":"<h1>Informations g\u00e9n\u00e9rales sur l&rsquo;inscription<\/h1>\n<p>Pour pouvoir pratiquer le param\u00e9dical ou utiliser le titre de param\u00e9dical dans la province du Nouveau-Brunswick, tous les techniciens m\u00e9dicaux d&rsquo;urgence (EMT), les param\u00e9dicaux de soins primaires (PCP) et les param\u00e9dicaux de soins avanc\u00e9s (ACP) doivent \u00eatre titulaires d&rsquo;une licence active d\u00e9livr\u00e9e par l&rsquo;Association des param\u00e9dics du Nouveau-Brunswick.<\/p>\n<p>Les Archives sont responsables de l&rsquo;autorisation d&rsquo;exercer de tous les praticiens param\u00e9dicaux au Nouveau-Brunswick et de veiller \u00e0 ce qu&rsquo;ils satisfassent \u00e0 toutes les exigences en mati\u00e8re d&rsquo;enregistrement et de maintien de l&rsquo;enregistrement, conform\u00e9ment \u00e0 la Loi sur les param\u00e9dics et aux r\u00e8glements administratifs et r\u00e8gles. Actuellement, les Archives enregistrent les techniciens m\u00e9dicaux d&rsquo;urgence, les param\u00e9dicaux de soins primaires et les praticiens param\u00e9dicaux de soins avanc\u00e9s. <\/p>\n<p>L&rsquo;association examine quatre types de demandes d&rsquo;enregistrement. <br \/>&#8211; Nouvel enregistrement <br \/>&#8211; R\u00e9activation de l&rsquo;enregistrement <br \/>&#8211; Enregistrement \u00e0 partir d&rsquo;une autre juridiction canadienne <br \/>&#8211; Enregistrement dans une autre juridiction (autre que le Canada). <\/p>\n<p>Selon le type de d\u00e9clarant, les informations requises pour que la demande soit examin\u00e9e varient consid\u00e9rablement. Chaque type d&rsquo;enregistrement contient d\u00e9sormais un lien vers un paquet d\u00e9taillant chaque \u00e9l\u00e9ment n\u00e9cessaire au traitement de votre enregistrement. Veillez \u00e0 choisir le niveau de document appropri\u00e9, car chaque document a \u00e9t\u00e9 cr\u00e9\u00e9 pour un EMT, un PCP ou un ACP, en fonction du niveau de pratique actuel du d\u00e9clarant. <\/p>\n<p>*** Veuillez noter que les PANB acceptent les paiements effectu\u00e9s par cr\u00e9dit\/d\u00e9bit\/mandat &#8211; les esp\u00e8ces ou les ch\u00e8ques personnels ne sont pas accept\u00e9s.<\/p>\n","protected":false},"excerpt":{"rendered":"<p>Informations g\u00e9n\u00e9rales sur l&rsquo;inscription Pour pouvoir pratiquer le param\u00e9dical ou utiliser le titre de param\u00e9dical dans la province du Nouveau-Brunswick, tous les techniciens m\u00e9dicaux d&rsquo;urgence (EMT), les param\u00e9dicaux de soins primaires (PCP) et les param\u00e9dicaux de soins avanc\u00e9s (ACP) doivent \u00eatre titulaires d&rsquo;une licence active d\u00e9livr\u00e9e par l&rsquo;Association des param\u00e9dics du Nouveau-Brunswick. Les Archives sont responsables de l&rsquo;autorisation d&rsquo;exercer de tous les praticiens param\u00e9dicaux au Nouveau-Brunswick et de veiller \u00e0[&hellip;]<\/p>\n","protected":false},"author":1,"featured_media":0,"parent":0,"menu_order":1,"comment_status":"closed","ping_status":"closed","template":"","meta":{"_acf_changed":false,"footnotes":""},"class_list":["post-71370","page","type-page","status-publish","hentry"],"acf":[],"_links":{"self":[{"href":"https:\/\/panb.ca\/fr\/wp-json\/wp\/v2\/pages\/71370","targetHints":{"allow":["GET"]}}],"collection":[{"href":"https:\/\/panb.ca\/fr\/wp-json\/wp\/v2\/pages"}],"about":[{"href":"https:\/\/panb.ca\/fr\/wp-json\/wp\/v2\/types\/page"}],"author":[{"embeddable":true,"href":"https:\/\/panb.ca\/fr\/wp-json\/wp\/v2\/users\/1"}],"replies":[{"embeddable":true,"href":"https:\/\/panb.ca\/fr\/wp-json\/wp\/v2\/comments?post=71370"}],"version-history":[{"count":11,"href":"https:\/\/panb.ca\/fr\/wp-json\/wp\/v2\/pages\/71370\/revisions"}],"predecessor-version":[{"id":79426,"href":"https:\/\/panb.ca\/fr\/wp-json\/wp\/v2\/pages\/71370\/revisions\/79426"}],"wp:attachment":[{"href":"https:\/\/panb.ca\/fr\/wp-json\/wp\/v2\/media?parent=71370"}],"curies":[{"name":"wp","href":"https:\/\/api.w.org\/{rel}","templated":true}]}}