{"id":71375,"date":"2018-02-21T15:05:16","date_gmt":"2018-02-21T19:05:16","guid":{"rendered":"https:\/\/101d955997.nxcli.io\/?page_id=71375"},"modified":"2025-07-11T11:26:28","modified_gmt":"2025-07-11T15:26:28","slug":"devenez-membre","status":"publish","type":"page","link":"https:\/\/panb.ca\/fr\/inscription\/devenez-membre\/","title":{"rendered":"Devenez membre"},"content":{"rendered":"\t\t<div data-elementor-type=\"wp-page\" data-elementor-id=\"71375\" class=\"elementor elementor-71375 elementor-1729\">\n\t\t\t\t\t\t<section class=\"elementor-section elementor-top-section elementor-element elementor-element-2ab69f2 thsn-col-stretched-none thsn-bg-color-over-image elementor-section-boxed elementor-section-height-default elementor-section-height-default\" data-id=\"2ab69f2\" data-element_type=\"section\" data-e-type=\"section\">\n\t\t\t\t\t\t<div class=\"elementor-container elementor-column-gap-default\">\n\t\t\t\t\t<div class=\"elementor-column elementor-col-100 elementor-top-column elementor-element elementor-element-4e57dec thsn-bg-color-over-image\" data-id=\"4e57dec\" data-element_type=\"column\" data-e-type=\"column\">\n\t\t\t<div class=\"elementor-widget-wrap elementor-element-populated\">\n\t\t\t\t\t\t<div class=\"elementor-element elementor-element-d667e82 elementor-widget elementor-widget-heading\" data-id=\"d667e82\" data-element_type=\"widget\" data-e-type=\"widget\" data-widget_type=\"heading.default\">\n\t\t\t\t<div class=\"elementor-widget-container\">\n\t\t\t\t\t<h2 class=\"elementor-heading-title elementor-size-default\">Nouveaux inscrits\n<\/h2>\t\t\t\t<\/div>\n\t\t\t\t<\/div>\n\t\t\t\t\t<\/div>\n\t\t<\/div>\n\t\t\t\t\t<\/div>\n\t\t<\/section>\n\t\t\t\t<section class=\"elementor-section elementor-top-section elementor-element elementor-element-704fa9a thsn-col-stretched-none thsn-bg-color-over-image elementor-section-boxed elementor-section-height-default elementor-section-height-default\" data-id=\"704fa9a\" data-element_type=\"section\" data-e-type=\"section\">\n\t\t\t\t\t\t<div class=\"elementor-container elementor-column-gap-default\">\n\t\t\t\t\t<div class=\"elementor-column elementor-col-100 elementor-top-column elementor-element elementor-element-47082ed thsn-bg-color-over-image\" data-id=\"47082ed\" data-element_type=\"column\" data-e-type=\"column\">\n\t\t\t<div class=\"elementor-widget-wrap elementor-element-populated\">\n\t\t\t\t\t\t<div class=\"elementor-element elementor-element-20ad42d elementor-widget elementor-widget-text-editor\" data-id=\"20ad42d\" data-element_type=\"widget\" data-e-type=\"widget\" data-widget_type=\"text-editor.default\">\n\t\t\t\t<div class=\"elementor-widget-container\">\n\t\t\t\t\t\t\t\t\t<p>Un nouvel inscrit est d\u00e9fini comme un dipl\u00f4m\u00e9 d&rsquo;un programme de formation param\u00e9dicale approuv\u00e9 par l&rsquo;Association des param\u00e9dics du Nouveau-Brunswick qui n\u2019a jamais \u00e9t\u00e9 inscrit dans une autre province ou un autre territoire. En g\u00e9n\u00e9ral, il s\u2019agit d\u2019un nouveau dipl\u00f4m\u00e9 d\u2019un programme d\u2019\u00e9tudes qui ne fait pas encore partie du syst\u00e8me de param\u00e9dic.<\/p><p>L\u2019\u00e9valuation et la documentation seront remplies dans les 30\u00a0jours qui suivent la r\u00e9ception des documents requis. Si, pour un motif quelconque, le candidat est en d\u00e9saccord avec la d\u00e9cision du registraire ou s\u2019il la conteste, il se peut qu\u2019on lui demande de soumettre par \u00e9crit une demande de r\u00e9vision au registraire.<\/p><p>Tous les candidats sont \u00e9valu\u00e9s \u00e0 l\u2019aide du Profil national de comp\u00e9tences professionnelles 2011, \u00e9labor\u00e9 par l\u2019Association des param\u00e9dics du Canada. Voir la trousse ci-dessous pour s\u2019inscrire \u00e0 l\u2019examen.<\/p><p>Remarque\u00a0: l\u2019examen comprend des questions m\u00e9dicol\u00e9gales concernant le Nouveau-Brunswick. Nous invitons les candidats \u00e0 consulter la \u00ab\u00a0documentation pr\u00e9paratoire \u00e0 l\u2019examen\u00a0\u00bb sous l\u2019onglet Inscription du site Web pour t\u00e9l\u00e9charger les documents requis pour se pr\u00e9parer \u00e0 cette partie de l\u2019examen.<\/p>\t\t\t\t\t\t\t\t<\/div>\n\t\t\t\t<\/div>\n\t\t\t\t\t<\/div>\n\t\t<\/div>\n\t\t\t\t\t<\/div>\n\t\t<\/section>\n\t\t\t\t<\/div>\n\t\t","protected":false},"excerpt":{"rendered":"<p>Nouveaux inscrits Un nouvel inscrit est d\u00e9fini comme un dipl\u00f4m\u00e9 d&rsquo;un programme de formation param\u00e9dicale approuv\u00e9 par l&rsquo;Association des param\u00e9dics du Nouveau-Brunswick qui n\u2019a jamais \u00e9t\u00e9 inscrit dans une autre province ou un autre territoire. En g\u00e9n\u00e9ral, il s\u2019agit d\u2019un nouveau dipl\u00f4m\u00e9 d\u2019un programme d\u2019\u00e9tudes qui ne fait pas encore partie du syst\u00e8me de param\u00e9dic. L\u2019\u00e9valuation et la documentation seront remplies dans les 30\u00a0jours qui suivent la r\u00e9ception des documents[&hellip;]<\/p>\n","protected":false},"author":1,"featured_media":0,"parent":71370,"menu_order":4,"comment_status":"closed","ping_status":"closed","template":"","meta":{"_acf_changed":false,"footnotes":""},"class_list":["post-71375","page","type-page","status-publish","hentry"],"acf":[],"_links":{"self":[{"href":"https:\/\/panb.ca\/fr\/wp-json\/wp\/v2\/pages\/71375","targetHints":{"allow":["GET"]}}],"collection":[{"href":"https:\/\/panb.ca\/fr\/wp-json\/wp\/v2\/pages"}],"about":[{"href":"https:\/\/panb.ca\/fr\/wp-json\/wp\/v2\/types\/page"}],"author":[{"embeddable":true,"href":"https:\/\/panb.ca\/fr\/wp-json\/wp\/v2\/users\/1"}],"replies":[{"embeddable":true,"href":"https:\/\/panb.ca\/fr\/wp-json\/wp\/v2\/comments?post=71375"}],"version-history":[{"count":34,"href":"https:\/\/panb.ca\/fr\/wp-json\/wp\/v2\/pages\/71375\/revisions"}],"predecessor-version":[{"id":79435,"href":"https:\/\/panb.ca\/fr\/wp-json\/wp\/v2\/pages\/71375\/revisions\/79435"}],"up":[{"embeddable":true,"href":"https:\/\/panb.ca\/fr\/wp-json\/wp\/v2\/pages\/71370"}],"wp:attachment":[{"href":"https:\/\/panb.ca\/fr\/wp-json\/wp\/v2\/media?parent=71375"}],"curies":[{"name":"wp","href":"https:\/\/api.w.org\/{rel}","templated":true}]}}