{"id":71398,"date":"2018-02-21T15:34:53","date_gmt":"2018-02-21T19:34:53","guid":{"rendered":"https:\/\/101d955997.nxcli.io\/?page_id=71398"},"modified":"2025-10-14T09:33:52","modified_gmt":"2025-10-14T13:33:52","slug":"changement-de-categorie-dexercice-de-la-paramedecine","status":"publish","type":"page","link":"https:\/\/panb.ca\/fr\/inscription\/changement-de-categorie-dexercice-de-la-paramedecine\/","title":{"rendered":"Changement de niveau du praticien"},"content":{"rendered":"\t\t<div data-elementor-type=\"wp-page\" data-elementor-id=\"71398\" class=\"elementor elementor-71398 elementor-1764\">\n\t\t\t\t\t\t<section class=\"elementor-section elementor-top-section elementor-element elementor-element-2ab69f2 thsn-col-stretched-none thsn-bg-color-over-image elementor-section-boxed elementor-section-height-default elementor-section-height-default\" data-id=\"2ab69f2\" data-element_type=\"section\" data-e-type=\"section\">\n\t\t\t\t\t\t<div class=\"elementor-container elementor-column-gap-default\">\n\t\t\t\t\t<div class=\"elementor-column elementor-col-100 elementor-top-column elementor-element elementor-element-4e57dec thsn-bg-color-over-image\" data-id=\"4e57dec\" data-element_type=\"column\" data-e-type=\"column\">\n\t\t\t<div class=\"elementor-widget-wrap elementor-element-populated\">\n\t\t\t\t\t\t<div class=\"elementor-element elementor-element-d667e82 elementor-widget elementor-widget-heading\" data-id=\"d667e82\" data-element_type=\"widget\" data-e-type=\"widget\" data-widget_type=\"heading.default\">\n\t\t\t\t<div class=\"elementor-widget-container\">\n\t\t\t\t\t<h1 class=\"elementor-heading-title elementor-size-default\">Changement de niveau du praticien<\/h1>\t\t\t\t<\/div>\n\t\t\t\t<\/div>\n\t\t\t\t\t<\/div>\n\t\t<\/div>\n\t\t\t\t\t<\/div>\n\t\t<\/section>\n\t\t\t\t<section class=\"elementor-section elementor-top-section elementor-element elementor-element-704fa9a thsn-col-stretched-none thsn-bg-color-over-image elementor-section-boxed elementor-section-height-default elementor-section-height-default\" data-id=\"704fa9a\" data-element_type=\"section\" data-e-type=\"section\">\n\t\t\t\t\t\t<div class=\"elementor-container elementor-column-gap-default\">\n\t\t\t\t\t<div class=\"elementor-column elementor-col-100 elementor-top-column elementor-element elementor-element-47082ed thsn-bg-color-over-image\" data-id=\"47082ed\" data-element_type=\"column\" data-e-type=\"column\">\n\t\t\t<div class=\"elementor-widget-wrap elementor-element-populated\">\n\t\t\t\t\t\t<div class=\"elementor-element elementor-element-20ad42d elementor-widget elementor-widget-text-editor\" data-id=\"20ad42d\" data-element_type=\"widget\" data-e-type=\"widget\" data-widget_type=\"text-editor.default\">\n\t\t\t\t<div class=\"elementor-widget-container\">\n\t\t\t\t\t\t\t\t\t<p>Les param\u00e9dics actuellement titulaires d&rsquo;un permis dans la province qui souhaitent passer du niveau de technicien m\u00e9dical d&rsquo;urgence \u00e0 celui de param\u00e9dic de soins primaires, ou de param\u00e9dic de soins primaires \u00e0 celui de param\u00e9dic de soins avanc\u00e9s, apr\u00e8s avoir suivi avec succ\u00e8s leur programme de formation, doivent remplir la demande pour leur nouveau niveau de permis via le portail de demande du site web. Pour acc\u00e9der \u00e0 ce portail, vous utiliserez les m\u00eames identifiants que pour acc\u00e9der au portail des titulaires de permis.<\/p><p>\u00a0<\/p><p>Vous devrez y remplir les formulaires n\u00e9cessaires, t\u00e9l\u00e9charger les documents requis et soumettre votre demande. Le syst\u00e8me tentera de vous facturer les frais de demande et d&rsquo;examen. Veuillez choisir un autre mode de paiement que le paiement en ligne. Veuillez noter que les frais de demande sont supprim\u00e9s, puisque vous \u00eates d\u00e9j\u00e0 membre, mais que des frais de traitement de 50 $ s&rsquo;appliquent \u00e0 la place. Les frais d&rsquo;examen restent applicables. Nous ajusterons les frais manuellement. Vous serez inform\u00e9 que les frais ont \u00e9t\u00e9 ajust\u00e9s et vous pourrez revenir et payer en ligne. Vous pouvez \u00e9galement choisir de payer par virement bancaire \u00e9lectronique. Vous pouvez contacter le bureau pour obtenir des informations suppl\u00e9mentaires.<\/p><p>Lien vers le <a href=\"https:\/\/nbpanb.portalca.thentiacloud.net\/webs\/portal\/application\/#\/login\">portail de candidature<\/a><\/p>\t\t\t\t\t\t\t\t<\/div>\n\t\t\t\t<\/div>\n\t\t\t\t\t<\/div>\n\t\t<\/div>\n\t\t\t\t\t<\/div>\n\t\t<\/section>\n\t\t\t\t<\/div>\n\t\t","protected":false},"excerpt":{"rendered":"<p>Changement de niveau du praticien Les param\u00e9dics actuellement titulaires d&rsquo;un permis dans la province qui souhaitent passer du niveau de technicien m\u00e9dical d&rsquo;urgence \u00e0 celui de param\u00e9dic de soins primaires, ou de param\u00e9dic de soins primaires \u00e0 celui de param\u00e9dic de soins avanc\u00e9s, apr\u00e8s avoir suivi avec succ\u00e8s leur programme de formation, doivent remplir la demande pour leur nouveau niveau de permis via le portail de demande du site web.[&hellip;]<\/p>\n","protected":false},"author":1,"featured_media":0,"parent":71370,"menu_order":1,"comment_status":"closed","ping_status":"closed","template":"","meta":{"_acf_changed":false,"footnotes":""},"class_list":["post-71398","page","type-page","status-publish","hentry"],"acf":[],"_links":{"self":[{"href":"https:\/\/panb.ca\/fr\/wp-json\/wp\/v2\/pages\/71398","targetHints":{"allow":["GET"]}}],"collection":[{"href":"https:\/\/panb.ca\/fr\/wp-json\/wp\/v2\/pages"}],"about":[{"href":"https:\/\/panb.ca\/fr\/wp-json\/wp\/v2\/types\/page"}],"author":[{"embeddable":true,"href":"https:\/\/panb.ca\/fr\/wp-json\/wp\/v2\/users\/1"}],"replies":[{"embeddable":true,"href":"https:\/\/panb.ca\/fr\/wp-json\/wp\/v2\/comments?post=71398"}],"version-history":[{"count":28,"href":"https:\/\/panb.ca\/fr\/wp-json\/wp\/v2\/pages\/71398\/revisions"}],"predecessor-version":[{"id":80549,"href":"https:\/\/panb.ca\/fr\/wp-json\/wp\/v2\/pages\/71398\/revisions\/80549"}],"up":[{"embeddable":true,"href":"https:\/\/panb.ca\/fr\/wp-json\/wp\/v2\/pages\/71370"}],"wp:attachment":[{"href":"https:\/\/panb.ca\/fr\/wp-json\/wp\/v2\/media?parent=71398"}],"curies":[{"name":"wp","href":"https:\/\/api.w.org\/{rel}","templated":true}]}}