{"id":71413,"date":"2018-02-21T15:52:52","date_gmt":"2018-02-21T19:52:52","guid":{"rendered":"https:\/\/101d955997.nxcli.io\/?page_id=71413"},"modified":"2025-07-11T11:27:21","modified_gmt":"2025-07-11T15:27:21","slug":"reactivation-de-limmatriculation","status":"publish","type":"page","link":"https:\/\/panb.ca\/fr\/inscription\/reactivation-de-limmatriculation\/","title":{"rendered":"R\u00e9activation de l&rsquo;enregistrement"},"content":{"rendered":"\t\t<div data-elementor-type=\"wp-page\" data-elementor-id=\"71413\" class=\"elementor elementor-71413 elementor-1793\">\n\t\t\t\t\t\t<section class=\"elementor-section elementor-top-section elementor-element elementor-element-2ab69f2 thsn-col-stretched-none thsn-bg-color-over-image elementor-section-boxed elementor-section-height-default elementor-section-height-default\" data-id=\"2ab69f2\" data-element_type=\"section\" data-e-type=\"section\">\n\t\t\t\t\t\t<div class=\"elementor-container elementor-column-gap-default\">\n\t\t\t\t\t<div class=\"elementor-column elementor-col-100 elementor-top-column elementor-element elementor-element-4e57dec thsn-bg-color-over-image\" data-id=\"4e57dec\" data-element_type=\"column\" data-e-type=\"column\">\n\t\t\t<div class=\"elementor-widget-wrap elementor-element-populated\">\n\t\t\t\t\t\t<div class=\"elementor-element elementor-element-d667e82 elementor-widget elementor-widget-heading\" data-id=\"d667e82\" data-element_type=\"widget\" data-e-type=\"widget\" data-widget_type=\"heading.default\">\n\t\t\t\t<div class=\"elementor-widget-container\">\n\t\t\t\t\t<h1 class=\"elementor-heading-title elementor-size-default\">R\u00e9activation de l'enregistrement<\/h1>\t\t\t\t<\/div>\n\t\t\t\t<\/div>\n\t\t\t\t\t<\/div>\n\t\t<\/div>\n\t\t\t\t\t<\/div>\n\t\t<\/section>\n\t\t\t\t<section class=\"elementor-section elementor-top-section elementor-element elementor-element-704fa9a thsn-col-stretched-none thsn-bg-color-over-image elementor-section-boxed elementor-section-height-default elementor-section-height-default\" data-id=\"704fa9a\" data-element_type=\"section\" data-e-type=\"section\">\n\t\t\t\t\t\t<div class=\"elementor-container elementor-column-gap-default\">\n\t\t\t\t\t<div class=\"elementor-column elementor-col-100 elementor-top-column elementor-element elementor-element-47082ed thsn-bg-color-over-image\" data-id=\"47082ed\" data-element_type=\"column\" data-e-type=\"column\">\n\t\t\t<div class=\"elementor-widget-wrap elementor-element-populated\">\n\t\t\t\t\t\t<div class=\"elementor-element elementor-element-20ad42d elementor-widget elementor-widget-text-editor\" data-id=\"20ad42d\" data-element_type=\"widget\" data-e-type=\"widget\" data-widget_type=\"text-editor.default\">\n\t\t\t\t<div class=\"elementor-widget-container\">\n\t\t\t\t\t\t\t\t\t<p>Une r\u00e9activation de l&rsquo;enregistrement est n\u00e9cessaire pour tout demandeur qui a d\u00e9j\u00e0 \u00e9t\u00e9 enregistr\u00e9 en tant que praticien au Nouveau-Brunswick et qui a laiss\u00e9 son statut d&rsquo;enregistrement expirer, ou qui a eu une p\u00e9riode de temps pendant laquelle il n&rsquo;a pas exerc\u00e9 de mani\u00e8re active. L&rsquo;objectif de ce processus est de s&rsquo;assurer que tous les praticiens r\u00e9activ\u00e9s r\u00e9pondent aux normes de formation et de comp\u00e9tences cliniques en vigueur au moment de la r\u00e9activation. Ces demandes seront examin\u00e9es et d\u00e9pendent de la p\u00e9riode pendant laquelle leur statut a expir\u00e9. Veuillez vous r\u00e9f\u00e9rer \u00e0 la politique de r\u00e9activation ci-dessous.<\/p>\n<p><strong>Statut actif :<\/strong> chaque m\u00e9decin doit avoir suivi 64 cr\u00e9dits de formation approuv\u00e9s au cours d&rsquo;une ann\u00e9e civile, \u00eatre titulaire d&rsquo;une certification CPR-HCP valide, compl\u00e9ter le module de formation en ligne, pr\u00e9senter une preuve d&rsquo;assurance responsabilit\u00e9 civile pour le montant requis par les statuts, compl\u00e9ter les informations d\u00e9mographiques et payer les frais d&rsquo;inscription.<\/p>\n<p><strong>Statut inactif :<\/strong> tout m\u00e9decin qui n&rsquo;a pas suivi 64 cr\u00e9dits de formation approuv\u00e9s dans un d\u00e9lai d&rsquo;un an, mais qui d\u00e9tient une certification CPR-HCP valide, qui a suivi le module de formation en ligne, qui pr\u00e9sente une preuve d&rsquo;assurance responsabilit\u00e9 civile pour le montant requis par les statuts, qui remplit les informations d\u00e9mographiques et qui paie ses frais d&rsquo;inscription. Les membres inactifs recevront une carte d&rsquo;identit\u00e9 portant la mention \u00ab\u00a0inactif\u00a0\u00bb d\u00e8s que leur inscription aura \u00e9t\u00e9 examin\u00e9e par le greffier, ainsi qu&rsquo;une lettre explicative.<\/p>\n<p>Le mod\u00e8le de statut inactif ci-dessous montre les trois diff\u00e9rents niveaux d&rsquo;inactivit\u00e9 pris en compte par les PANB et ce que les membres doivent faire pour retrouver leur statut actif.<\/p>\n<h4><span style=\"color: #00ccff;\">Statut de caducit\u00e9 ou d&rsquo;inactivit\u00e9, mais depuis moins de deux ann\u00e9es civiles :<\/span><\/h4>\n<ul>\n<li>Payer les frais d&rsquo;inscription<\/li>\n<li>Passer l&rsquo;examen des Archives avant la fin de leurs deux ann\u00e9es civiles (gratuit pour les membres actuels qui passent du statut inactif au statut actif uniquement). <\/li>\n<li>Soumettre le formulaire de r\u00e9activation d&rsquo;inscription d\u00fbment rempli<\/li>\n<li>Les candidats sont tenus de pr\u00e9senter, aupr\u00e8s d&rsquo;une source agr\u00e9\u00e9e, un contr\u00f4le renforc\u00e9 d&rsquo;informations <a href=\"https:\/\/www.sterlingtalentsolutions.ca\/panb\" target=\"blank\">polici\u00e8res<\/a>(E-Pic) effectu\u00e9 dans les 60 jours (\u00e0 compter de la date de l&rsquo;examen).<\/li>\n<li>Pr\u00e9senter une preuve de la validit\u00e9 du certificat de comp\u00e9tence en mati\u00e8re de soins de sant\u00e9 (d\u00e9livr\u00e9 au cours des 12 derniers mois).<\/li>\n<\/ul>\n<h4><span style=\"color: #00ccff;\">D\u00e9ch\u00e9ance ou inactivit\u00e9, mais plus de 2 ann\u00e9es civiles et moins de 5 ann\u00e9es civiles :<\/span><\/h4>\n<ul>\n<li>Compl\u00e9ter un programme de mise \u00e0 jour qui incorpore une composante clinique et de pr\u00e9ceptorat.<\/li>\n<li>Payer les frais d&rsquo;inscription<\/li>\n<li>Passer l&rsquo;examen des APNB<\/li>\n<li>Soumettre le formulaire de r\u00e9activation d&rsquo;inscription d\u00fbment rempli<\/li>\n<li>Les candidats sont tenus de pr\u00e9senter, aupr\u00e8s d&rsquo;une source agr\u00e9\u00e9e, un contr\u00f4le renforc\u00e9 d&rsquo;informations <a href=\"https:\/\/www.sterlingtalentsolutions.ca\/panb\" target=\"blank\">polici\u00e8res<\/a>(E-Pic) effectu\u00e9 dans les 60 jours (\u00e0 compter de la date de l&rsquo;examen).<\/li>\n<li>Pr\u00e9senter une preuve de la validit\u00e9 du certificat de comp\u00e9tence en mati\u00e8re de soins de sant\u00e9 (d\u00e9livr\u00e9 au cours des 12 derniers mois).<\/li>\n<\/ul>\n<h4><span style=\"color: #00ccff;\">Statut de caducit\u00e9 ou d&rsquo;inactivit\u00e9 depuis plus de 5 ann\u00e9es civiles :<\/span><\/h4>\n<ul>\n<li>Doit suivre un nouveau programme de certificat param\u00e9dical<\/li>\n<li>Trait\u00e9 comme un nouveau dipl\u00f4m\u00e9 de la profession (veuillez consulter la section des nouveaux inscrits pour plus de d\u00e9tails)<\/li>\n<\/ul>\n<p>***Les param\u00e9dicaux inscrits au NB qui souhaitent renouveler leur inscription doivent consulter l&rsquo;onglet \u00ab\u00a0Renouvellement de l&rsquo;inscription\u00a0\u00bb.<\/p>\n\t\t\t\t\t\t\t\t<\/div>\n\t\t\t\t<\/div>\n\t\t\t\t\t<\/div>\n\t\t<\/div>\n\t\t\t\t\t<\/div>\n\t\t<\/section>\n\t\t\t\t<section class=\"elementor-section elementor-top-section elementor-element elementor-element-3feb31c thsn-col-stretched-none thsn-bg-color-over-image elementor-section-boxed elementor-section-height-default elementor-section-height-default\" data-id=\"3feb31c\" data-element_type=\"section\" data-e-type=\"section\">\n\t\t\t\t\t\t<div class=\"elementor-container elementor-column-gap-default\">\n\t\t\t\t\t<div class=\"elementor-column elementor-col-25 elementor-top-column elementor-element elementor-element-c34739c thsn-bg-color-over-image\" data-id=\"c34739c\" data-element_type=\"column\" data-e-type=\"column\">\n\t\t\t<div class=\"elementor-widget-wrap elementor-element-populated\">\n\t\t\t\t\t\t<div class=\"elementor-element elementor-element-6f7dd12 elementor-widget elementor-widget-heading\" data-id=\"6f7dd12\" data-element_type=\"widget\" data-e-type=\"widget\" data-widget_type=\"heading.default\">\n\t\t\t\t<div class=\"elementor-widget-container\">\n\t\t\t\t\t<h5 class=\"elementor-heading-title elementor-size-default\">14 MAI 2025<\/h5>\t\t\t\t<\/div>\n\t\t\t\t<\/div>\n\t\t\t\t\t<\/div>\n\t\t<\/div>\n\t\t\t\t<div class=\"elementor-column elementor-col-25 elementor-top-column elementor-element elementor-element-1d38ff6 thsn-bg-color-over-image\" data-id=\"1d38ff6\" data-element_type=\"column\" data-e-type=\"column\">\n\t\t\t<div class=\"elementor-widget-wrap elementor-element-populated\">\n\t\t\t\t\t\t<div class=\"elementor-element elementor-element-5dbdf65 elementor-widget elementor-widget-heading\" data-id=\"5dbdf65\" data-element_type=\"widget\" data-e-type=\"widget\" data-widget_type=\"heading.default\">\n\t\t\t\t<div class=\"elementor-widget-container\">\n\t\t\t\t\t<h6 class=\"elementor-heading-title elementor-size-default\">R\u00e9activation du dossier d'enregistrement<\/h6>\t\t\t\t<\/div>\n\t\t\t\t<\/div>\n\t\t\t\t\t<\/div>\n\t\t<\/div>\n\t\t\t\t<div class=\"elementor-column elementor-col-25 elementor-top-column elementor-element elementor-element-cc466d1 thsn-bg-color-over-image\" data-id=\"cc466d1\" data-element_type=\"column\" data-e-type=\"column\">\n\t\t\t<div class=\"elementor-widget-wrap elementor-element-populated\">\n\t\t\t\t\t\t<div class=\"elementor-element elementor-element-32cb594 elementor-widget elementor-widget-text-editor\" data-id=\"32cb594\" data-element_type=\"widget\" data-e-type=\"widget\" data-widget_type=\"text-editor.default\">\n\t\t\t\t<div class=\"elementor-widget-container\">\n\t\t\t\t\t\t\t\t\t<a href=\"https:\/\/www.panb.ca\/files\/Reactivation of registration form 2025 FR.pdf\" target=\"_blank\"><img decoding=\"async\" class=\"aligncenter\" src=\"http:\/\/www.panb.ca\/images\/pdf.png\" alt=\"pdf file\" \/><\/a>\t\t\t\t\t\t\t\t<\/div>\n\t\t\t\t<\/div>\n\t\t\t\t\t<\/div>\n\t\t<\/div>\n\t\t\t\t<div class=\"elementor-column elementor-col-25 elementor-top-column elementor-element elementor-element-01b82bf thsn-bg-color-over-image\" data-id=\"01b82bf\" data-element_type=\"column\" data-e-type=\"column\">\n\t\t\t<div class=\"elementor-widget-wrap\">\n\t\t\t\t\t\t\t<\/div>\n\t\t<\/div>\n\t\t\t\t\t<\/div>\n\t\t<\/section>\n\t\t\t\t<\/div>\n\t\t","protected":false},"excerpt":{"rendered":"<p>R\u00e9activation de l&rsquo;enregistrement Une r\u00e9activation de l&rsquo;enregistrement est n\u00e9cessaire pour tout demandeur qui a d\u00e9j\u00e0 \u00e9t\u00e9 enregistr\u00e9 en tant que praticien au Nouveau-Brunswick et qui a laiss\u00e9 son statut d&rsquo;enregistrement expirer, ou qui a eu une p\u00e9riode de temps pendant laquelle il n&rsquo;a pas exerc\u00e9 de mani\u00e8re active. L&rsquo;objectif de ce processus est de s&rsquo;assurer que tous les praticiens r\u00e9activ\u00e9s r\u00e9pondent aux normes de formation et de comp\u00e9tences cliniques en[&hellip;]<\/p>\n","protected":false},"author":1,"featured_media":0,"parent":71370,"menu_order":5,"comment_status":"closed","ping_status":"closed","template":"","meta":{"_acf_changed":false,"footnotes":""},"class_list":["post-71413","page","type-page","status-publish","hentry"],"acf":[],"_links":{"self":[{"href":"https:\/\/panb.ca\/fr\/wp-json\/wp\/v2\/pages\/71413","targetHints":{"allow":["GET"]}}],"collection":[{"href":"https:\/\/panb.ca\/fr\/wp-json\/wp\/v2\/pages"}],"about":[{"href":"https:\/\/panb.ca\/fr\/wp-json\/wp\/v2\/types\/page"}],"author":[{"embeddable":true,"href":"https:\/\/panb.ca\/fr\/wp-json\/wp\/v2\/users\/1"}],"replies":[{"embeddable":true,"href":"https:\/\/panb.ca\/fr\/wp-json\/wp\/v2\/comments?post=71413"}],"version-history":[{"count":27,"href":"https:\/\/panb.ca\/fr\/wp-json\/wp\/v2\/pages\/71413\/revisions"}],"predecessor-version":[{"id":80094,"href":"https:\/\/panb.ca\/fr\/wp-json\/wp\/v2\/pages\/71413\/revisions\/80094"}],"up":[{"embeddable":true,"href":"https:\/\/panb.ca\/fr\/wp-json\/wp\/v2\/pages\/71370"}],"wp:attachment":[{"href":"https:\/\/panb.ca\/fr\/wp-json\/wp\/v2\/media?parent=71413"}],"curies":[{"name":"wp","href":"https:\/\/api.w.org\/{rel}","templated":true}]}}