{"id":71423,"date":"2018-02-21T17:11:42","date_gmt":"2018-02-21T21:11:42","guid":{"rendered":"https:\/\/101d955997.nxcli.io\/?page_id=71423"},"modified":"2025-05-14T12:53:06","modified_gmt":"2025-05-14T16:53:06","slug":"exercice-de-la-profession","status":"publish","type":"page","link":"https:\/\/panb.ca\/fr\/exercice-de-la-profession\/","title":{"rendered":"Pratique professionnelle"},"content":{"rendered":"\t\t<div data-elementor-type=\"wp-page\" data-elementor-id=\"71423\" class=\"elementor elementor-71423 elementor-1813\">\n\t\t\t\t\t\t<section class=\"elementor-section elementor-top-section elementor-element elementor-element-ee6d79e thsn-col-stretched-none thsn-bg-color-over-image elementor-section-boxed elementor-section-height-default elementor-section-height-default\" data-id=\"ee6d79e\" data-element_type=\"section\" data-e-type=\"section\">\n\t\t\t\t\t\t<div class=\"elementor-container elementor-column-gap-default\">\n\t\t\t\t\t<div class=\"elementor-column elementor-col-100 elementor-top-column elementor-element elementor-element-144d2a9 thsn-bg-color-over-image\" data-id=\"144d2a9\" data-element_type=\"column\" data-e-type=\"column\">\n\t\t\t<div class=\"elementor-widget-wrap elementor-element-populated\">\n\t\t\t\t\t\t<div class=\"elementor-element elementor-element-f76a354 elementor-widget elementor-widget-heading\" data-id=\"f76a354\" data-element_type=\"widget\" data-e-type=\"widget\" data-widget_type=\"heading.default\">\n\t\t\t\t<div class=\"elementor-widget-container\">\n\t\t\t\t\t<h1 class=\"elementor-heading-title elementor-size-default\">Pratique professionnelle<\/h1>\t\t\t\t<\/div>\n\t\t\t\t<\/div>\n\t\t\t\t\t<\/div>\n\t\t<\/div>\n\t\t\t\t\t<\/div>\n\t\t<\/section>\n\t\t\t\t<section class=\"elementor-section elementor-top-section elementor-element elementor-element-704fa9a thsn-col-stretched-none thsn-bg-color-over-image elementor-section-boxed elementor-section-height-default elementor-section-height-default\" data-id=\"704fa9a\" data-element_type=\"section\" data-e-type=\"section\">\n\t\t\t\t\t\t<div class=\"elementor-container elementor-column-gap-default\">\n\t\t\t\t\t<div class=\"elementor-column elementor-col-100 elementor-top-column elementor-element elementor-element-47082ed thsn-bg-color-over-image\" data-id=\"47082ed\" data-element_type=\"column\" data-e-type=\"column\">\n\t\t\t<div class=\"elementor-widget-wrap elementor-element-populated\">\n\t\t\t\t\t\t<div class=\"elementor-element elementor-element-20ad42d elementor-widget elementor-widget-text-editor\" data-id=\"20ad42d\" data-element_type=\"widget\" data-e-type=\"widget\" data-widget_type=\"text-editor.default\">\n\t\t\t\t<div class=\"elementor-widget-container\">\n\t\t\t\t\t\t\t\t\t<p>La conduite professionnelle est attendue de tous les membres r\u00e9glement\u00e9s de l&rsquo;Association des param\u00e9dics du Nouveau-Brunswick et est d\u00e9crite dans le Code de d\u00e9ontologie et les Normes d&rsquo;exercice.<\/p><p>En tant que profession de sant\u00e9 autor\u00e9glement\u00e9e au Nouveau-Brunswick, l&rsquo;Association est tenue par la loi d&rsquo;assurer une r\u00e9glementation appropri\u00e9e de la conduite de ses membres en ce qui concerne la protection du public.<\/p><p>Toutes les plaintes sont trait\u00e9es conform\u00e9ment aux exigences \u00e9nonc\u00e9es dans le projet de loi 66.<\/p>\t\t\t\t\t\t\t\t<\/div>\n\t\t\t\t<\/div>\n\t\t\t\t\t<\/div>\n\t\t<\/div>\n\t\t\t\t\t<\/div>\n\t\t<\/section>\n\t\t\t\t<section class=\"elementor-section elementor-top-section elementor-element elementor-element-965d319 thsn-col-stretched-none thsn-bg-color-over-image elementor-section-boxed elementor-section-height-default elementor-section-height-default\" data-id=\"965d319\" data-element_type=\"section\" data-e-type=\"section\">\n\t\t\t\t\t\t<div class=\"elementor-container elementor-column-gap-default\">\n\t\t\t\t\t<div class=\"elementor-column elementor-col-100 elementor-top-column elementor-element elementor-element-08ea4a7 thsn-bg-color-over-image\" data-id=\"08ea4a7\" data-element_type=\"column\" data-e-type=\"column\">\n\t\t\t<div class=\"elementor-widget-wrap elementor-element-populated\">\n\t\t\t\t\t\t<div class=\"elementor-element elementor-element-150bbcd elementor-view-default elementor-position-block-start elementor-mobile-position-block-start elementor-widget elementor-widget-icon-box\" data-id=\"150bbcd\" data-element_type=\"widget\" data-e-type=\"widget\" data-widget_type=\"icon-box.default\">\n\t\t\t\t<div class=\"elementor-widget-container\">\n\t\t\t\t\t\t\t<div class=\"elementor-icon-box-wrapper\">\n\n\t\t\t\t\t\t<div class=\"elementor-icon-box-icon\">\n\t\t\t\t<a href=\"https:\/\/nbpanb.portalca.thentiacloud.net\/webs\/portal\/register\/#\/complaint\" target=\"_blank\" class=\"elementor-icon\" tabindex=\"-1\">\n\t\t\t\t<i aria-hidden=\"true\" class=\"thsn-doctery-icon thsn-doctery-icon-information\"><\/i>\t\t\t\t<\/a>\n\t\t\t<\/div>\n\t\t\t\n\t\t\t\t\t\t<div class=\"elementor-icon-box-content\">\n\n\t\t\t\t\n\t\t\t\t\t\t\t\t\t<p class=\"elementor-icon-box-description\">\n\t\t\t\t\t\tPour d\u00e9poser une plainte aupr\u00e8s de l'Association des param\u00e9dics du Nouveau-Brunswick, veuillez suivre le lien suivant\t\t\t\t\t<\/p>\n\t\t\t\t\n\t\t\t<\/div>\n\t\t\t\n\t\t<\/div>\n\t\t\t\t\t\t<\/div>\n\t\t\t\t<\/div>\n\t\t\t\t\t<\/div>\n\t\t<\/div>\n\t\t\t\t\t<\/div>\n\t\t<\/section>\n\t\t\t\t<\/div>\n\t\t","protected":false},"excerpt":{"rendered":"<p>Pratique professionnelle La conduite professionnelle est attendue de tous les membres r\u00e9glement\u00e9s de l&rsquo;Association des param\u00e9dics du Nouveau-Brunswick et est d\u00e9crite dans le Code de d\u00e9ontologie et les Normes d&rsquo;exercice. En tant que profession de sant\u00e9 autor\u00e9glement\u00e9e au Nouveau-Brunswick, l&rsquo;Association est tenue par la loi d&rsquo;assurer une r\u00e9glementation appropri\u00e9e de la conduite de ses membres en ce qui concerne la protection du public. Toutes les plaintes sont trait\u00e9es conform\u00e9ment aux[&hellip;]<\/p>\n","protected":false},"author":1,"featured_media":0,"parent":0,"menu_order":2,"comment_status":"closed","ping_status":"closed","template":"","meta":{"_acf_changed":false,"footnotes":""},"class_list":["post-71423","page","type-page","status-publish","hentry"],"acf":[],"_links":{"self":[{"href":"https:\/\/panb.ca\/fr\/wp-json\/wp\/v2\/pages\/71423","targetHints":{"allow":["GET"]}}],"collection":[{"href":"https:\/\/panb.ca\/fr\/wp-json\/wp\/v2\/pages"}],"about":[{"href":"https:\/\/panb.ca\/fr\/wp-json\/wp\/v2\/types\/page"}],"author":[{"embeddable":true,"href":"https:\/\/panb.ca\/fr\/wp-json\/wp\/v2\/users\/1"}],"replies":[{"embeddable":true,"href":"https:\/\/panb.ca\/fr\/wp-json\/wp\/v2\/comments?post=71423"}],"version-history":[{"count":28,"href":"https:\/\/panb.ca\/fr\/wp-json\/wp\/v2\/pages\/71423\/revisions"}],"predecessor-version":[{"id":79833,"href":"https:\/\/panb.ca\/fr\/wp-json\/wp\/v2\/pages\/71423\/revisions\/79833"}],"wp:attachment":[{"href":"https:\/\/panb.ca\/fr\/wp-json\/wp\/v2\/media?parent=71423"}],"curies":[{"name":"wp","href":"https:\/\/api.w.org\/{rel}","templated":true}]}}