{"id":71434,"date":"2018-02-21T17:18:57","date_gmt":"2018-02-21T21:18:57","guid":{"rendered":"https:\/\/101d955997.nxcli.io\/?page_id=71434"},"modified":"2025-05-03T14:08:07","modified_gmt":"2025-05-03T18:08:07","slug":"code-de-deontologie","status":"publish","type":"page","link":"https:\/\/panb.ca\/fr\/exercice-de-la-profession\/code-de-deontologie\/","title":{"rendered":"Code de d\u00e9ontologie"},"content":{"rendered":"\t\t<div data-elementor-type=\"wp-page\" data-elementor-id=\"71434\" class=\"elementor elementor-71434 elementor-1819\">\n\t\t\t\t\t\t<section class=\"elementor-section elementor-top-section elementor-element elementor-element-086a397 thsn-col-stretched-none thsn-bg-color-over-image elementor-section-boxed elementor-section-height-default elementor-section-height-default\" data-id=\"086a397\" data-element_type=\"section\" data-e-type=\"section\">\n\t\t\t\t\t\t<div class=\"elementor-container elementor-column-gap-default\">\n\t\t\t\t\t<div class=\"elementor-column elementor-col-100 elementor-top-column elementor-element elementor-element-ce31090 thsn-bg-color-over-image\" data-id=\"ce31090\" data-element_type=\"column\" data-e-type=\"column\">\n\t\t\t<div class=\"elementor-widget-wrap elementor-element-populated\">\n\t\t\t\t\t\t<div class=\"elementor-element elementor-element-24e9b75 elementor-widget elementor-widget-heading\" data-id=\"24e9b75\" data-element_type=\"widget\" data-e-type=\"widget\" data-widget_type=\"heading.default\">\n\t\t\t\t<div class=\"elementor-widget-container\">\n\t\t\t\t\t<h1 class=\"elementor-heading-title elementor-size-default\">Code de d\u00e9ontologie<\/h1>\t\t\t\t<\/div>\n\t\t\t\t<\/div>\n\t\t\t\t\t<\/div>\n\t\t<\/div>\n\t\t\t\t\t<\/div>\n\t\t<\/section>\n\t\t\t\t<section class=\"elementor-section elementor-top-section elementor-element elementor-element-704fa9a thsn-col-stretched-none thsn-bg-color-over-image elementor-section-boxed elementor-section-height-default elementor-section-height-default\" data-id=\"704fa9a\" data-element_type=\"section\" data-e-type=\"section\">\n\t\t\t\t\t\t<div class=\"elementor-container elementor-column-gap-default\">\n\t\t\t\t\t<div class=\"elementor-column elementor-col-100 elementor-top-column elementor-element elementor-element-47082ed thsn-bg-color-over-image\" data-id=\"47082ed\" data-element_type=\"column\" data-e-type=\"column\">\n\t\t\t<div class=\"elementor-widget-wrap elementor-element-populated\">\n\t\t\t\t\t\t<div class=\"elementor-element elementor-element-20ad42d elementor-widget elementor-widget-text-editor\" data-id=\"20ad42d\" data-element_type=\"widget\" data-e-type=\"widget\" data-widget_type=\"text-editor.default\">\n\t\t\t\t<div class=\"elementor-widget-container\">\n\t\t\t\t\t\t\t\t\t<p>L&rsquo;objectif du code de d\u00e9ontologie est de promouvoir, de guider et d&rsquo;orienter la pratique professionnelle des param\u00e9dicaux<span class=\"Apple-converted-space\">.<\/span><span class=\"Apple-converted-space\"> <\/span><\/p>\n<p>Le code de d\u00e9ontologie constitue la ligne directrice \u00e0 travers laquelle le public peut juger la pratique professionnelle. Le code de d\u00e9ontologie \u00e9num\u00e8re, d\u00e9finit et d\u00e9crit les valeurs du param\u00e9dical et fournit des conseils sur la mani\u00e8re dont ces valeurs doivent \u00eatre mises en \u0153uvre. Ces d\u00e9clarations ont pour but de fournir un guide permettant aux auxiliaires m\u00e9dicaux de prendre des d\u00e9cisions appropri\u00e9es et de comprendre les actions \u00e0 entreprendre lorsqu&rsquo;ils exercent leur jugement professionnel dans le cadre de leurs fonctions. <\/p>\n<p>Chaque auxiliaire m\u00e9dical a la responsabilit\u00e9 d&rsquo;adh\u00e9rer au code de d\u00e9ontologie d\u00e8s son entr\u00e9e dans la profession.<span class=\"Apple-converted-space\"> <\/span>profession param\u00e9dicale. Les auxiliaires m\u00e9dicaux sont tenus de se comporter de mani\u00e8re \u00e9thique. Comme la sant\u00e9 et les services publics<span class=\"Apple-converted-space\"> <\/span>En tant que professionnels de la s\u00e9curit\u00e9, les auxiliaires m\u00e9dicaux sont cens\u00e9s appliquer ces valeurs dans leur pratique professionnelle et..,<span class=\"Apple-converted-space\"> <\/span>lorsqu&rsquo;elle a un impact sur la pratique professionnelle, dans la vie.<span class=\"Apple-converted-space\"> <\/span><\/p>\n<p>Les auxiliaires m\u00e9dicaux ont une responsabilit\u00e9 envers le patient et les autres, envers la profession, envers eux-m\u00eames et envers la soci\u00e9t\u00e9.<\/p>\n\t\t\t\t\t\t\t\t<\/div>\n\t\t\t\t<\/div>\n\t\t\t\t\t<\/div>\n\t\t<\/div>\n\t\t\t\t\t<\/div>\n\t\t<\/section>\n\t\t\t\t<section class=\"elementor-section elementor-top-section elementor-element elementor-element-ee6d79e thsn-col-stretched-none thsn-bg-color-over-image elementor-section-boxed elementor-section-height-default elementor-section-height-default\" data-id=\"ee6d79e\" data-element_type=\"section\" data-e-type=\"section\">\n\t\t\t\t\t\t<div class=\"elementor-container elementor-column-gap-default\">\n\t\t\t\t\t<div class=\"elementor-column elementor-col-100 elementor-top-column elementor-element elementor-element-144d2a9 thsn-bg-color-over-image\" data-id=\"144d2a9\" data-element_type=\"column\" data-e-type=\"column\">\n\t\t\t<div class=\"elementor-widget-wrap elementor-element-populated\">\n\t\t\t\t\t\t<div class=\"elementor-element elementor-element-f76a354 elementor-widget elementor-widget-heading\" data-id=\"f76a354\" data-element_type=\"widget\" data-e-type=\"widget\" data-widget_type=\"heading.default\">\n\t\t\t\t<div class=\"elementor-widget-container\">\n\t\t\t\t\t<h1 class=\"elementor-heading-title elementor-size-default\">Responsabilit\u00e9 \u00e0 l'\u00e9gard du patient\net autres <\/h1>\t\t\t\t<\/div>\n\t\t\t\t<\/div>\n\t\t\t\t\t<\/div>\n\t\t<\/div>\n\t\t\t\t\t<\/div>\n\t\t<\/section>\n\t\t\t\t<section class=\"elementor-section elementor-top-section elementor-element elementor-element-8e19705 thsn-col-stretched-none thsn-bg-color-over-image elementor-section-boxed elementor-section-height-default elementor-section-height-default\" data-id=\"8e19705\" data-element_type=\"section\" data-e-type=\"section\">\n\t\t\t\t\t\t<div class=\"elementor-container elementor-column-gap-default\">\n\t\t\t\t\t<div class=\"elementor-column elementor-col-100 elementor-top-column elementor-element elementor-element-b6439cb thsn-bg-color-over-image\" data-id=\"b6439cb\" data-element_type=\"column\" data-e-type=\"column\">\n\t\t\t<div class=\"elementor-widget-wrap elementor-element-populated\">\n\t\t\t\t\t\t<div class=\"elementor-element elementor-element-bdac690 elementor-widget elementor-widget-text-editor\" data-id=\"bdac690\" data-element_type=\"widget\" data-e-type=\"widget\" data-widget_type=\"text-editor.default\">\n\t\t\t\t<div class=\"elementor-widget-container\">\n\t\t\t\t\t\t\t\t\t<p>L&rsquo;ambulancier param\u00e9dical dispense des soins centr\u00e9s sur la personne :<\/p><p>1. Faire preuve de patience, de compassion et de courtoisie<br \/>2. D\u00e9fendre l&rsquo;int\u00e9r\u00eat sup\u00e9rieur du patient<br \/>3. Agir de mani\u00e8re \u00e0 garantir la dignit\u00e9, la s\u00e9curit\u00e9 et l&rsquo;intimit\u00e9 du patient<br \/>4. Maintien de la confidentialit\u00e9<br \/>5. Travailler en collaboration avec les autres<br \/>6. Communiquer avec respect avec les autres<br \/>7. Entretenir des relations professionnelles appropri\u00e9es<br \/>8. Respecter les droits du patient et des autres<\/p>\t\t\t\t\t\t\t\t<\/div>\n\t\t\t\t<\/div>\n\t\t\t\t\t<\/div>\n\t\t<\/div>\n\t\t\t\t\t<\/div>\n\t\t<\/section>\n\t\t\t\t<section class=\"elementor-section elementor-top-section elementor-element elementor-element-e7f8421 thsn-col-stretched-none thsn-bg-color-over-image elementor-section-boxed elementor-section-height-default elementor-section-height-default\" data-id=\"e7f8421\" data-element_type=\"section\" data-e-type=\"section\">\n\t\t\t\t\t\t<div class=\"elementor-container elementor-column-gap-default\">\n\t\t\t\t\t<div class=\"elementor-column elementor-col-100 elementor-top-column elementor-element elementor-element-5d0aba0 thsn-bg-color-over-image\" data-id=\"5d0aba0\" data-element_type=\"column\" data-e-type=\"column\">\n\t\t\t<div class=\"elementor-widget-wrap elementor-element-populated\">\n\t\t\t\t\t\t<div class=\"elementor-element elementor-element-c5a54a4 elementor-widget elementor-widget-heading\" data-id=\"c5a54a4\" data-element_type=\"widget\" data-e-type=\"widget\" data-widget_type=\"heading.default\">\n\t\t\t\t<div class=\"elementor-widget-container\">\n\t\t\t\t\t<h1 class=\"elementor-heading-title elementor-size-default\">Responsabilit\u00e9 \u00e0 l'\u00e9gard de la profession<\/h1>\t\t\t\t<\/div>\n\t\t\t\t<\/div>\n\t\t\t\t\t<\/div>\n\t\t<\/div>\n\t\t\t\t\t<\/div>\n\t\t<\/section>\n\t\t\t\t<section class=\"elementor-section elementor-top-section elementor-element elementor-element-8cf2c12 thsn-col-stretched-none thsn-bg-color-over-image elementor-section-boxed elementor-section-height-default elementor-section-height-default\" data-id=\"8cf2c12\" data-element_type=\"section\" data-e-type=\"section\">\n\t\t\t\t\t\t<div class=\"elementor-container elementor-column-gap-default\">\n\t\t\t\t\t<div class=\"elementor-column elementor-col-100 elementor-top-column elementor-element elementor-element-98449fd thsn-bg-color-over-image\" data-id=\"98449fd\" data-element_type=\"column\" data-e-type=\"column\">\n\t\t\t<div class=\"elementor-widget-wrap elementor-element-populated\">\n\t\t\t\t\t\t<div class=\"elementor-element elementor-element-bda0855 elementor-widget elementor-widget-text-editor\" data-id=\"bda0855\" data-element_type=\"widget\" data-e-type=\"widget\" data-widget_type=\"text-editor.default\">\n\t\t\t\t<div class=\"elementor-widget-container\">\n\t\t\t\t\t\t\t\t\t<p>Un ambulancier param\u00e9dical fait preuve d&rsquo;un comportement professionnel :<\/p><p>1. Exercer en conformit\u00e9 avec les normes de pratique<br \/>2. Promouvoir et faire respecter le code de d\u00e9ontologie de la profession<br \/>3. Favoriser les relations de travail professionnelles<br \/>4. Cr\u00e9er un environnement d&rsquo;apprentissage respectueux et positif<br \/>5. Assurer le leadership des autres<br \/>6. Apprendre, partager et construire la connaissance<br \/>7. Reconna\u00eetre les limites professionnelles<br \/>8. Consulter d&rsquo;autres personnes dans l&rsquo;int\u00e9r\u00eat du patient<br \/>9. Signaler, faire cesser ou r\u00e9orienter un comportement contraire \u00e0 l&rsquo;\u00e9thique ou incomp\u00e9tent<br \/>10. S&rsquo;abstenir de porter atteinte \u00e0 la r\u00e9putation des pairs et de la profession<\/p>\t\t\t\t\t\t\t\t<\/div>\n\t\t\t\t<\/div>\n\t\t\t\t\t<\/div>\n\t\t<\/div>\n\t\t\t\t\t<\/div>\n\t\t<\/section>\n\t\t\t\t<section class=\"elementor-section elementor-top-section elementor-element elementor-element-35df753 thsn-col-stretched-none thsn-bg-color-over-image elementor-section-boxed elementor-section-height-default elementor-section-height-default\" data-id=\"35df753\" data-element_type=\"section\" data-e-type=\"section\">\n\t\t\t\t\t\t<div class=\"elementor-container elementor-column-gap-default\">\n\t\t\t\t\t<div class=\"elementor-column elementor-col-100 elementor-top-column elementor-element elementor-element-0e39bf1 thsn-bg-color-over-image\" data-id=\"0e39bf1\" data-element_type=\"column\" data-e-type=\"column\">\n\t\t\t<div class=\"elementor-widget-wrap elementor-element-populated\">\n\t\t\t\t\t\t<div class=\"elementor-element elementor-element-f99de88 elementor-widget elementor-widget-heading\" data-id=\"f99de88\" data-element_type=\"widget\" data-e-type=\"widget\" data-widget_type=\"heading.default\">\n\t\t\t\t<div class=\"elementor-widget-container\">\n\t\t\t\t\t<h1 class=\"elementor-heading-title elementor-size-default\">Responsabilit\u00e9 envers soi-m\u00eame <\/h1>\t\t\t\t<\/div>\n\t\t\t\t<\/div>\n\t\t\t\t\t<\/div>\n\t\t<\/div>\n\t\t\t\t\t<\/div>\n\t\t<\/section>\n\t\t\t\t<section class=\"elementor-section elementor-top-section elementor-element elementor-element-4175017 thsn-col-stretched-none thsn-bg-color-over-image elementor-section-boxed elementor-section-height-default elementor-section-height-default\" data-id=\"4175017\" data-element_type=\"section\" data-e-type=\"section\">\n\t\t\t\t\t\t<div class=\"elementor-container elementor-column-gap-default\">\n\t\t\t\t\t<div class=\"elementor-column elementor-col-100 elementor-top-column elementor-element elementor-element-70a08b8 thsn-bg-color-over-image\" data-id=\"70a08b8\" data-element_type=\"column\" data-e-type=\"column\">\n\t\t\t<div class=\"elementor-widget-wrap elementor-element-populated\">\n\t\t\t\t\t\t<div class=\"elementor-element elementor-element-ea28b3b elementor-widget elementor-widget-text-editor\" data-id=\"ea28b3b\" data-element_type=\"widget\" data-e-type=\"widget\" data-widget_type=\"text-editor.default\">\n\t\t\t\t<div class=\"elementor-widget-container\">\n\t\t\t\t\t\t\t\t\t<p>Un auxiliaire m\u00e9dical maintient un niveau \u00e9lev\u00e9 d&rsquo;int\u00e9grit\u00e9 professionnelle :<\/p><p>1. Reconna\u00eetre que l&rsquo;autor\u00e9gulation de la profession est un privil\u00e8ge<br \/>2. Maintien de l&rsquo;aptitude mentale et physique \u00e0 la pratique et de la comp\u00e9tence clinique<br \/>3. Maintien d&rsquo;une bonne moralit\u00e9 et d&rsquo;une bonne r\u00e9putation<br \/>4. Maintenir la responsabilit\u00e9 professionnelle des actions men\u00e9es dans la pratique<br \/>5. Utiliser l&rsquo;\u00e9valuation par les pairs pour r\u00e9fl\u00e9chir, \u00e9valuer et autog\u00e9rer le d\u00e9veloppement professionnel<br \/>6. Reconna\u00eetre le travail effectu\u00e9 par d&rsquo;autres<br \/>7. Favoriser l&rsquo;identit\u00e9 professionnelle au travail<br \/>8. Reconna\u00eetre les conflits d&rsquo;int\u00e9r\u00eats et maintenir l&rsquo;impartialit\u00e9<br \/>9. \u00catre responsable d&rsquo;un comportement qui r\u00e9pond aux exigences des autorit\u00e9s m\u00e9dicales, juridiques et administratives.<\/p><p>les limites professionnelles de la profession<\/p>\t\t\t\t\t\t\t\t<\/div>\n\t\t\t\t<\/div>\n\t\t\t\t\t<\/div>\n\t\t<\/div>\n\t\t\t\t\t<\/div>\n\t\t<\/section>\n\t\t\t\t<section class=\"elementor-section elementor-top-section elementor-element elementor-element-a70770c thsn-col-stretched-none thsn-bg-color-over-image elementor-section-boxed elementor-section-height-default elementor-section-height-default\" data-id=\"a70770c\" data-element_type=\"section\" data-e-type=\"section\">\n\t\t\t\t\t\t<div class=\"elementor-container elementor-column-gap-default\">\n\t\t\t\t\t<div class=\"elementor-column elementor-col-100 elementor-top-column elementor-element elementor-element-b8be634 thsn-bg-color-over-image\" data-id=\"b8be634\" data-element_type=\"column\" data-e-type=\"column\">\n\t\t\t<div class=\"elementor-widget-wrap elementor-element-populated\">\n\t\t\t\t\t\t<div class=\"elementor-element elementor-element-5df6fab elementor-widget elementor-widget-heading\" data-id=\"5df6fab\" data-element_type=\"widget\" data-e-type=\"widget\" data-widget_type=\"heading.default\">\n\t\t\t\t<div class=\"elementor-widget-container\">\n\t\t\t\t\t<h1 class=\"elementor-heading-title elementor-size-default\">Responsabilit\u00e9 \u00e0 l'\u00e9gard de la soci\u00e9t\u00e9 <\/h1>\t\t\t\t<\/div>\n\t\t\t\t<\/div>\n\t\t\t\t\t<\/div>\n\t\t<\/div>\n\t\t\t\t\t<\/div>\n\t\t<\/section>\n\t\t\t\t<section class=\"elementor-section elementor-top-section elementor-element elementor-element-48c98cd thsn-col-stretched-none thsn-bg-color-over-image elementor-section-boxed elementor-section-height-default elementor-section-height-default\" data-id=\"48c98cd\" data-element_type=\"section\" data-e-type=\"section\">\n\t\t\t\t\t\t<div class=\"elementor-container elementor-column-gap-default\">\n\t\t\t\t\t<div class=\"elementor-column elementor-col-100 elementor-top-column elementor-element elementor-element-47f32d2 thsn-bg-color-over-image\" data-id=\"47f32d2\" data-element_type=\"column\" data-e-type=\"column\">\n\t\t\t<div class=\"elementor-widget-wrap elementor-element-populated\">\n\t\t\t\t\t\t<div class=\"elementor-element elementor-element-161df83 elementor-widget elementor-widget-text-editor\" data-id=\"161df83\" data-element_type=\"widget\" data-e-type=\"widget\" data-widget_type=\"text-editor.default\">\n\t\t\t\t<div class=\"elementor-widget-container\">\n\t\t\t\t\t\t\t\t\t<p>Un ambulancier param\u00e9dical se met au service de la soci\u00e9t\u00e9 :<\/p><p>1. Priorit\u00e9 \u00e0 l&rsquo;int\u00e9r\u00eat public<br \/>2. Reconna\u00eetre les d\u00e9terminants sociaux de la sant\u00e9 dans la pratique<br \/>3. S&rsquo;engager \u00e0 am\u00e9liorer la soci\u00e9t\u00e9 par le d\u00e9veloppement de la profession<br \/>4. Favoriser les soins innovants au profit de la soci\u00e9t\u00e9<br \/>5. Veiller \u00e0 ce que le d\u00e9veloppement professionnel soit conforme \u00e0 l&rsquo;int\u00e9r\u00eat public<\/p>\t\t\t\t\t\t\t\t<\/div>\n\t\t\t\t<\/div>\n\t\t\t\t\t<\/div>\n\t\t<\/div>\n\t\t\t\t\t<\/div>\n\t\t<\/section>\n\t\t\t\t<\/div>\n\t\t","protected":false},"excerpt":{"rendered":"<p>Code de d\u00e9ontologie L&rsquo;objectif du code de d\u00e9ontologie est de promouvoir, de guider et d&rsquo;orienter la pratique professionnelle des param\u00e9dicaux. Le code de d\u00e9ontologie constitue la ligne directrice \u00e0 travers laquelle le public peut juger la pratique professionnelle. Le code de d\u00e9ontologie \u00e9num\u00e8re, d\u00e9finit et d\u00e9crit les valeurs du param\u00e9dical et fournit des conseils sur la mani\u00e8re dont ces valeurs doivent \u00eatre mises en \u0153uvre. Ces d\u00e9clarations ont pour but[&hellip;]<\/p>\n","protected":false},"author":1,"featured_media":0,"parent":71423,"menu_order":1,"comment_status":"closed","ping_status":"closed","template":"","meta":{"_acf_changed":false,"footnotes":""},"class_list":["post-71434","page","type-page","status-publish","hentry"],"acf":[],"_links":{"self":[{"href":"https:\/\/panb.ca\/fr\/wp-json\/wp\/v2\/pages\/71434","targetHints":{"allow":["GET"]}}],"collection":[{"href":"https:\/\/panb.ca\/fr\/wp-json\/wp\/v2\/pages"}],"about":[{"href":"https:\/\/panb.ca\/fr\/wp-json\/wp\/v2\/types\/page"}],"author":[{"embeddable":true,"href":"https:\/\/panb.ca\/fr\/wp-json\/wp\/v2\/users\/1"}],"replies":[{"embeddable":true,"href":"https:\/\/panb.ca\/fr\/wp-json\/wp\/v2\/comments?post=71434"}],"version-history":[{"count":21,"href":"https:\/\/panb.ca\/fr\/wp-json\/wp\/v2\/pages\/71434\/revisions"}],"predecessor-version":[{"id":79489,"href":"https:\/\/panb.ca\/fr\/wp-json\/wp\/v2\/pages\/71434\/revisions\/79489"}],"up":[{"embeddable":true,"href":"https:\/\/panb.ca\/fr\/wp-json\/wp\/v2\/pages\/71423"}],"wp:attachment":[{"href":"https:\/\/panb.ca\/fr\/wp-json\/wp\/v2\/media?parent=71434"}],"curies":[{"name":"wp","href":"https:\/\/api.w.org\/{rel}","templated":true}]}}