{"id":71439,"date":"2019-07-12T17:23:45","date_gmt":"2019-07-12T21:23:45","guid":{"rendered":"https:\/\/101d955997.nxcli.io\/?page_id=71439"},"modified":"2025-05-03T14:10:32","modified_gmt":"2025-05-03T18:10:32","slug":"normes-de-pratique","status":"publish","type":"page","link":"https:\/\/panb.ca\/fr\/exercice-de-la-profession\/normes-de-pratique\/","title":{"rendered":"Normes de pratique"},"content":{"rendered":"\t\t<div data-elementor-type=\"wp-page\" data-elementor-id=\"71439\" class=\"elementor elementor-71439 elementor-1827\">\n\t\t\t\t\t\t<section class=\"elementor-section elementor-top-section elementor-element elementor-element-e63ff5f thsn-col-stretched-none thsn-bg-color-over-image elementor-section-boxed elementor-section-height-default elementor-section-height-default\" data-id=\"e63ff5f\" data-element_type=\"section\" data-e-type=\"section\">\n\t\t\t\t\t\t<div class=\"elementor-container elementor-column-gap-default\">\n\t\t\t\t\t<div class=\"elementor-column elementor-col-100 elementor-top-column elementor-element elementor-element-5e62119 thsn-bg-color-over-image\" data-id=\"5e62119\" data-element_type=\"column\" data-e-type=\"column\">\n\t\t\t<div class=\"elementor-widget-wrap elementor-element-populated\">\n\t\t\t\t\t\t<div class=\"elementor-element elementor-element-df0d16c elementor-widget elementor-widget-heading\" data-id=\"df0d16c\" data-element_type=\"widget\" data-e-type=\"widget\" data-widget_type=\"heading.default\">\n\t\t\t\t<div class=\"elementor-widget-container\">\n\t\t\t\t\t<h1 class=\"elementor-heading-title elementor-size-default\">Normes de pratique<\/h1>\t\t\t\t<\/div>\n\t\t\t\t<\/div>\n\t\t\t\t\t<\/div>\n\t\t<\/div>\n\t\t\t\t\t<\/div>\n\t\t<\/section>\n\t\t\t\t<section class=\"elementor-section elementor-top-section elementor-element elementor-element-704fa9a thsn-col-stretched-none thsn-bg-color-over-image elementor-section-boxed elementor-section-height-default elementor-section-height-default\" data-id=\"704fa9a\" data-element_type=\"section\" data-e-type=\"section\">\n\t\t\t\t\t\t<div class=\"elementor-container elementor-column-gap-default\">\n\t\t\t\t\t<div class=\"elementor-column elementor-col-100 elementor-top-column elementor-element elementor-element-47082ed thsn-bg-color-over-image\" data-id=\"47082ed\" data-element_type=\"column\" data-e-type=\"column\">\n\t\t\t<div class=\"elementor-widget-wrap elementor-element-populated\">\n\t\t\t\t\t\t<div class=\"elementor-element elementor-element-20ad42d elementor-widget elementor-widget-text-editor\" data-id=\"20ad42d\" data-element_type=\"widget\" data-e-type=\"widget\" data-widget_type=\"text-editor.default\">\n\t\t\t\t<div class=\"elementor-widget-container\">\n\t\t\t\t\t\t\t\t\t<p>Les auxiliaires m\u00e9dicaux sont tenus d&rsquo;agir et d&rsquo;accomplir des t\u00e2ches sp\u00e9cifiques. Les normes de pratique se rapportent aux six r\u00f4les (plus le r\u00f4le param\u00e9dical int\u00e9grateur) du profil param\u00e9dical canadien : clinicien, professionnel, \u00e9ducateur, d\u00e9fenseur, membre de l&rsquo;\u00e9quipe et praticien r\u00e9fl\u00e9chi.<\/p>\n\t\t\t\t\t\t\t\t<\/div>\n\t\t\t\t<\/div>\n\t\t\t\t\t<\/div>\n\t\t<\/div>\n\t\t\t\t\t<\/div>\n\t\t<\/section>\n\t\t\t\t<section class=\"elementor-section elementor-top-section elementor-element elementor-element-ee6d79e thsn-col-stretched-none thsn-bg-color-over-image elementor-section-boxed elementor-section-height-default elementor-section-height-default\" data-id=\"ee6d79e\" data-element_type=\"section\" data-e-type=\"section\">\n\t\t\t\t\t\t<div class=\"elementor-container elementor-column-gap-default\">\n\t\t\t\t\t<div class=\"elementor-column elementor-col-100 elementor-top-column elementor-element elementor-element-144d2a9 thsn-bg-color-over-image\" data-id=\"144d2a9\" data-element_type=\"column\" data-e-type=\"column\">\n\t\t\t<div class=\"elementor-widget-wrap elementor-element-populated\">\n\t\t\t\t\t\t<div class=\"elementor-element elementor-element-f76a354 elementor-widget elementor-widget-heading\" data-id=\"f76a354\" data-element_type=\"widget\" data-e-type=\"widget\" data-widget_type=\"heading.default\">\n\t\t\t\t<div class=\"elementor-widget-container\">\n\t\t\t\t\t<h1 class=\"elementor-heading-title elementor-size-default\">Clinicien<\/h1>\t\t\t\t<\/div>\n\t\t\t\t<\/div>\n\t\t\t\t\t<\/div>\n\t\t<\/div>\n\t\t\t\t\t<\/div>\n\t\t<\/section>\n\t\t\t\t<section class=\"elementor-section elementor-top-section elementor-element elementor-element-8e19705 thsn-col-stretched-none thsn-bg-color-over-image elementor-section-boxed elementor-section-height-default elementor-section-height-default\" data-id=\"8e19705\" data-element_type=\"section\" data-e-type=\"section\">\n\t\t\t\t\t\t<div class=\"elementor-container elementor-column-gap-default\">\n\t\t\t\t\t<div class=\"elementor-column elementor-col-100 elementor-top-column elementor-element elementor-element-b6439cb thsn-bg-color-over-image\" data-id=\"b6439cb\" data-element_type=\"column\" data-e-type=\"column\">\n\t\t\t<div class=\"elementor-widget-wrap elementor-element-populated\">\n\t\t\t\t\t\t<div class=\"elementor-element elementor-element-bdac690 elementor-widget elementor-widget-text-editor\" data-id=\"bdac690\" data-element_type=\"widget\" data-e-type=\"widget\" data-widget_type=\"text-editor.default\">\n\t\t\t\t<div class=\"elementor-widget-container\">\n\t\t\t\t\t\t\t\t\t<p>1. Appliquer les connaissances fondamentales \u00e0 la pratique fond\u00e9e sur des donn\u00e9es probantes, y compris dans le domaine param\u00e9dical,<br \/>sciences cliniques, sciences sociales, leadership, gestion, sant\u00e9 et services sociaux, et<br \/>les syst\u00e8mes de s\u00e9curit\u00e9 publique.<br \/>2. Obtenir le consentement \u00e9clair\u00e9 du patient et \u00e9valuer son \u00e9tat de sant\u00e9 m\u00e9dical et mental ainsi que son \u00e9tat de sant\u00e9 physique et mentale.<br \/>les besoins sociaux.<br \/>3. Demeurer responsable des conseils, de l&rsquo;\u00e9valuation, du traitement, du diagnostic, de l&rsquo;administration ou de l&rsquo;ex\u00e9cution des t\u00e2ches qui lui incombent.<br \/>la d\u00e9livrance de m\u00e9dicaments et l&rsquo;orientation.<br \/>4. D\u00e9montrer la ma\u00eetrise des comp\u00e9tences psychomotrices requises pour fournir des services de sant\u00e9.<br \/>5. Appliquer la pens\u00e9e critique et le jugement clinique dans la pratique.<br \/>6. Appliquer les processus d&rsquo;assurance et d&rsquo;am\u00e9lioration de la qualit\u00e9.<br \/>7. D\u00e9montrer une approche \u00e9clair\u00e9e de l&rsquo;acc\u00e8s au patient, de l&rsquo;\u00e9valuation, du traitement, du traitement dans le cadre d&rsquo;un programme d&rsquo;\u00e9ducation et de formation.<br \/>le lieu, l&rsquo;orientation, la d\u00e9sincarc\u00e9ration, le transfert et la continuit\u00e9 des soins, l&rsquo;immobilisation et le transport.<br \/>8. S&rsquo;assurer que l&rsquo;on est mentalement et physiquement apte \u00e0 exercer, et demander des conseils et une intervention.<br \/>lorsqu&rsquo;il est raisonnable et prudent.<\/p>\n\t\t\t\t\t\t\t\t<\/div>\n\t\t\t\t<\/div>\n\t\t\t\t\t<\/div>\n\t\t<\/div>\n\t\t\t\t\t<\/div>\n\t\t<\/section>\n\t\t\t\t<section class=\"elementor-section elementor-top-section elementor-element elementor-element-e7f8421 thsn-col-stretched-none thsn-bg-color-over-image elementor-section-boxed elementor-section-height-default elementor-section-height-default\" data-id=\"e7f8421\" data-element_type=\"section\" data-e-type=\"section\">\n\t\t\t\t\t\t<div class=\"elementor-container elementor-column-gap-default\">\n\t\t\t\t\t<div class=\"elementor-column elementor-col-100 elementor-top-column elementor-element elementor-element-5d0aba0 thsn-bg-color-over-image\" data-id=\"5d0aba0\" data-element_type=\"column\" data-e-type=\"column\">\n\t\t\t<div class=\"elementor-widget-wrap elementor-element-populated\">\n\t\t\t\t\t\t<div class=\"elementor-element elementor-element-c5a54a4 elementor-widget elementor-widget-heading\" data-id=\"c5a54a4\" data-element_type=\"widget\" data-e-type=\"widget\" data-widget_type=\"heading.default\">\n\t\t\t\t<div class=\"elementor-widget-container\">\n\t\t\t\t\t<h1 class=\"elementor-heading-title elementor-size-default\">Professionnel<\/h1>\t\t\t\t<\/div>\n\t\t\t\t<\/div>\n\t\t\t\t\t<\/div>\n\t\t<\/div>\n\t\t\t\t\t<\/div>\n\t\t<\/section>\n\t\t\t\t<section class=\"elementor-section elementor-top-section elementor-element elementor-element-8cf2c12 thsn-col-stretched-none thsn-bg-color-over-image elementor-section-boxed elementor-section-height-default elementor-section-height-default\" data-id=\"8cf2c12\" data-element_type=\"section\" data-e-type=\"section\">\n\t\t\t\t\t\t<div class=\"elementor-container elementor-column-gap-default\">\n\t\t\t\t\t<div class=\"elementor-column elementor-col-100 elementor-top-column elementor-element elementor-element-98449fd thsn-bg-color-over-image\" data-id=\"98449fd\" data-element_type=\"column\" data-e-type=\"column\">\n\t\t\t<div class=\"elementor-widget-wrap elementor-element-populated\">\n\t\t\t\t\t\t<div class=\"elementor-element elementor-element-bda0855 elementor-widget elementor-widget-text-editor\" data-id=\"bda0855\" data-element_type=\"widget\" data-e-type=\"widget\" data-widget_type=\"text-editor.default\">\n\t\t\t\t<div class=\"elementor-widget-container\">\n\t\t\t\t\t\t\t\t\t<p>1. Faire preuve de jugement clinique et professionnel pour garantir le consentement \u00e9clair\u00e9, le refus \u00e9clair\u00e9<br \/>des soins, et l&rsquo;orientation des soins en connaissance de cause.<br \/>2. Pratiquer de mani\u00e8re coh\u00e9rente avec les politiques et proc\u00e9dures applicables.<br \/>3. Signaler une pratique dangereuse, un comportement non professionnel pr\u00e9sum\u00e9 et\/ou une infraction p\u00e9nale potentielle.<br \/>\u00e0 l&rsquo;autorit\u00e9 comp\u00e9tente et coop\u00e9rer \u00e0 l&rsquo;enqu\u00eate.<br \/>4. Respecter la r\u00e9glementation et la l\u00e9gislation applicables.<br \/>5. Veiller \u00e0 ce que la documentation soit opportune, pr\u00e9cise, lisible et compl\u00e8te.<\/p>\n\t\t\t\t\t\t\t\t<\/div>\n\t\t\t\t<\/div>\n\t\t\t\t\t<\/div>\n\t\t<\/div>\n\t\t\t\t\t<\/div>\n\t\t<\/section>\n\t\t\t\t<section class=\"elementor-section elementor-top-section elementor-element elementor-element-35df753 thsn-col-stretched-none thsn-bg-color-over-image elementor-section-boxed elementor-section-height-default elementor-section-height-default\" data-id=\"35df753\" data-element_type=\"section\" data-e-type=\"section\">\n\t\t\t\t\t\t<div class=\"elementor-container elementor-column-gap-default\">\n\t\t\t\t\t<div class=\"elementor-column elementor-col-100 elementor-top-column elementor-element elementor-element-0e39bf1 thsn-bg-color-over-image\" data-id=\"0e39bf1\" data-element_type=\"column\" data-e-type=\"column\">\n\t\t\t<div class=\"elementor-widget-wrap elementor-element-populated\">\n\t\t\t\t\t\t<div class=\"elementor-element elementor-element-f99de88 elementor-widget elementor-widget-heading\" data-id=\"f99de88\" data-element_type=\"widget\" data-e-type=\"widget\" data-widget_type=\"heading.default\">\n\t\t\t\t<div class=\"elementor-widget-container\">\n\t\t\t\t\t<h1 class=\"elementor-heading-title elementor-size-default\">Avocat<\/h1>\t\t\t\t<\/div>\n\t\t\t\t<\/div>\n\t\t\t\t\t<\/div>\n\t\t<\/div>\n\t\t\t\t\t<\/div>\n\t\t<\/section>\n\t\t\t\t<section class=\"elementor-section elementor-top-section elementor-element elementor-element-4175017 thsn-col-stretched-none thsn-bg-color-over-image elementor-section-boxed elementor-section-height-default elementor-section-height-default\" data-id=\"4175017\" data-element_type=\"section\" data-e-type=\"section\">\n\t\t\t\t\t\t<div class=\"elementor-container elementor-column-gap-default\">\n\t\t\t\t\t<div class=\"elementor-column elementor-col-100 elementor-top-column elementor-element elementor-element-70a08b8 thsn-bg-color-over-image\" data-id=\"70a08b8\" data-element_type=\"column\" data-e-type=\"column\">\n\t\t\t<div class=\"elementor-widget-wrap elementor-element-populated\">\n\t\t\t\t\t\t<div class=\"elementor-element elementor-element-ea28b3b elementor-widget elementor-widget-text-editor\" data-id=\"ea28b3b\" data-element_type=\"widget\" data-e-type=\"widget\" data-widget_type=\"text-editor.default\">\n\t\t\t\t<div class=\"elementor-widget-container\">\n\t\t\t\t\t\t\t\t\t<p>1. Participer \u00e0 l&rsquo;examen r\u00e9gulier de la politique clinique, administrative et op\u00e9rationnelle<br \/>et la proc\u00e9dure.<br \/>2. Remettre en question les politiques et les proc\u00e9dures qui pourraient \u00eatre incompatibles avec les besoins des patients et la s\u00e9curit\u00e9.<br \/>la pratique des soins de sant\u00e9, et sugg\u00e9rer et mettre en \u0153uvre des am\u00e9liorations.<br \/>3. Appliquer des strat\u00e9gies d&rsquo;att\u00e9nuation des risques pour pr\u00e9venir ou minimiser les \u00e9v\u00e9nements ind\u00e9sirables<br \/>par le biais de l&rsquo;identification, de la notification, de la surveillance et du suivi.<br \/>4. Participer au maintien des comp\u00e9tences et des opportunit\u00e9s de d\u00e9veloppement professionnel.<br \/>5. Rechercher l&rsquo;assistance, la consultation, l&rsquo;orientation ou d&rsquo;autres actions lorsque c&rsquo;est dans l&rsquo;int\u00e9r\u00eat du patient.<br \/>6. Promouvoir la qualit\u00e9 et la s\u00e9curit\u00e9 dans la distribution et l&rsquo;administration des m\u00e9dicaments,<br \/>la gestion des stocks et la surveillance du syst\u00e8me.<br \/>7. S&rsquo;engager dans la recherche afin d&rsquo;identifier et de diffuser les meilleures pratiques.<\/p>\n\t\t\t\t\t\t\t\t<\/div>\n\t\t\t\t<\/div>\n\t\t\t\t\t<\/div>\n\t\t<\/div>\n\t\t\t\t\t<\/div>\n\t\t<\/section>\n\t\t\t\t<section class=\"elementor-section elementor-top-section elementor-element elementor-element-a70770c thsn-col-stretched-none thsn-bg-color-over-image elementor-section-boxed elementor-section-height-default elementor-section-height-default\" data-id=\"a70770c\" data-element_type=\"section\" data-e-type=\"section\">\n\t\t\t\t\t\t<div class=\"elementor-container elementor-column-gap-default\">\n\t\t\t\t\t<div class=\"elementor-column elementor-col-100 elementor-top-column elementor-element elementor-element-b8be634 thsn-bg-color-over-image\" data-id=\"b8be634\" data-element_type=\"column\" data-e-type=\"column\">\n\t\t\t<div class=\"elementor-widget-wrap elementor-element-populated\">\n\t\t\t\t\t\t<div class=\"elementor-element elementor-element-5df6fab elementor-widget elementor-widget-heading\" data-id=\"5df6fab\" data-element_type=\"widget\" data-e-type=\"widget\" data-widget_type=\"heading.default\">\n\t\t\t\t<div class=\"elementor-widget-container\">\n\t\t\t\t\t<h1 class=\"elementor-heading-title elementor-size-default\">Membre de l'\u00e9quipe<\/h1>\t\t\t\t<\/div>\n\t\t\t\t<\/div>\n\t\t\t\t\t<\/div>\n\t\t<\/div>\n\t\t\t\t\t<\/div>\n\t\t<\/section>\n\t\t\t\t<section class=\"elementor-section elementor-top-section elementor-element elementor-element-48c98cd thsn-col-stretched-none thsn-bg-color-over-image elementor-section-boxed elementor-section-height-default elementor-section-height-default\" data-id=\"48c98cd\" data-element_type=\"section\" data-e-type=\"section\">\n\t\t\t\t\t\t<div class=\"elementor-container elementor-column-gap-default\">\n\t\t\t\t\t<div class=\"elementor-column elementor-col-100 elementor-top-column elementor-element elementor-element-47f32d2 thsn-bg-color-over-image\" data-id=\"47f32d2\" data-element_type=\"column\" data-e-type=\"column\">\n\t\t\t<div class=\"elementor-widget-wrap elementor-element-populated\">\n\t\t\t\t\t\t<div class=\"elementor-element elementor-element-161df83 elementor-widget elementor-widget-text-editor\" data-id=\"161df83\" data-element_type=\"widget\" data-e-type=\"widget\" data-widget_type=\"text-editor.default\">\n\t\t\t\t<div class=\"elementor-widget-container\">\n\t\t\t\t\t\t\t\t\t<p>1. Informer les pairs du cadre r\u00e9glementaire des services param\u00e9dicaux.<br \/>2. S&rsquo;assurer que les pairs comprennent les exigences op\u00e9rationnelles et les limites de la pratique.<br \/>3. D\u00e9velopper et entretenir des relations professionnelles.<br \/>4. \u00c9couter attentivement, fournir un retour d&rsquo;information et communiquer efficacement.<br \/>5. G\u00e9rer les conflits avec respect et efficacit\u00e9.<\/p>\n\t\t\t\t\t\t\t\t<\/div>\n\t\t\t\t<\/div>\n\t\t\t\t\t<\/div>\n\t\t<\/div>\n\t\t\t\t\t<\/div>\n\t\t<\/section>\n\t\t\t\t<section class=\"elementor-section elementor-top-section elementor-element elementor-element-0ec79be thsn-col-stretched-none thsn-bg-color-over-image elementor-section-boxed elementor-section-height-default elementor-section-height-default\" data-id=\"0ec79be\" data-element_type=\"section\" data-e-type=\"section\">\n\t\t\t\t\t\t<div class=\"elementor-container elementor-column-gap-default\">\n\t\t\t\t\t<div class=\"elementor-column elementor-col-100 elementor-top-column elementor-element elementor-element-0e5b83f thsn-bg-color-over-image\" data-id=\"0e5b83f\" data-element_type=\"column\" data-e-type=\"column\">\n\t\t\t<div class=\"elementor-widget-wrap elementor-element-populated\">\n\t\t\t\t\t\t<div class=\"elementor-element elementor-element-a38782a elementor-widget elementor-widget-heading\" data-id=\"a38782a\" data-element_type=\"widget\" data-e-type=\"widget\" data-widget_type=\"heading.default\">\n\t\t\t\t<div class=\"elementor-widget-container\">\n\t\t\t\t\t<h1 class=\"elementor-heading-title elementor-size-default\">Praticien r\u00e9flexif<\/h1>\t\t\t\t<\/div>\n\t\t\t\t<\/div>\n\t\t\t\t\t<\/div>\n\t\t<\/div>\n\t\t\t\t\t<\/div>\n\t\t<\/section>\n\t\t\t\t<section class=\"elementor-section elementor-top-section elementor-element elementor-element-ce30a5c thsn-col-stretched-none thsn-bg-color-over-image elementor-section-boxed elementor-section-height-default elementor-section-height-default\" data-id=\"ce30a5c\" data-element_type=\"section\" data-e-type=\"section\">\n\t\t\t\t\t\t<div class=\"elementor-container elementor-column-gap-default\">\n\t\t\t\t\t<div class=\"elementor-column elementor-col-100 elementor-top-column elementor-element elementor-element-d76f266 thsn-bg-color-over-image\" data-id=\"d76f266\" data-element_type=\"column\" data-e-type=\"column\">\n\t\t\t<div class=\"elementor-widget-wrap elementor-element-populated\">\n\t\t\t\t\t\t<div class=\"elementor-element elementor-element-269fdc7 elementor-widget elementor-widget-text-editor\" data-id=\"269fdc7\" data-element_type=\"widget\" data-e-type=\"widget\" data-widget_type=\"text-editor.default\">\n\t\t\t\t<div class=\"elementor-widget-container\">\n\t\t\t\t\t\t\t\t\t<p>1. Rester responsable de ses actions dans la pratique.<br \/>2. Appliquer des informations valables issues de la recherche, des lignes directrices, des politiques et des proc\u00e9dures,<br \/>les d\u00e9clarations de consensus et les avis d&rsquo;experts dans la pratique.<br \/>3. R\u00e9examiner les d\u00e9cisions et critiquer les performances personnelles.<br \/>4. Appr\u00e9cier les \u00e9carts de performance personnelle.<br \/>5. Participer \u00e0 la formation professionnelle continue et \u00e0 l&rsquo;apprentissage tout au long de la vie.<br \/>6. Faire preuve de respect, d&rsquo;apprentissage continu et de retour d&rsquo;information dans la prestation de soins s\u00fbrs.<br \/>7. R\u00e9fl\u00e9chir au privil\u00e8ge et \u00e0 la responsabilit\u00e9 d&rsquo;\u00eatre un auxiliaire m\u00e9dical.<\/p>\n\t\t\t\t\t\t\t\t<\/div>\n\t\t\t\t<\/div>\n\t\t\t\t\t<\/div>\n\t\t<\/div>\n\t\t\t\t\t<\/div>\n\t\t<\/section>\n\t\t\t\t<\/div>\n\t\t","protected":false},"excerpt":{"rendered":"<p>Normes de pratique Les auxiliaires m\u00e9dicaux sont tenus d&rsquo;agir et d&rsquo;accomplir des t\u00e2ches sp\u00e9cifiques. Les normes de pratique se rapportent aux six r\u00f4les (plus le r\u00f4le param\u00e9dical int\u00e9grateur) du profil param\u00e9dical canadien : clinicien, professionnel, \u00e9ducateur, d\u00e9fenseur, membre de l&rsquo;\u00e9quipe et praticien r\u00e9fl\u00e9chi. Clinicien 1. Appliquer les connaissances fondamentales \u00e0 la pratique fond\u00e9e sur des donn\u00e9es probantes, y compris dans le domaine param\u00e9dical,sciences cliniques, sciences sociales, leadership, gestion, sant\u00e9 et[&hellip;]<\/p>\n","protected":false},"author":1,"featured_media":0,"parent":71423,"menu_order":8,"comment_status":"closed","ping_status":"closed","template":"","meta":{"_acf_changed":false,"footnotes":""},"class_list":["post-71439","page","type-page","status-publish","hentry"],"acf":[],"_links":{"self":[{"href":"https:\/\/panb.ca\/fr\/wp-json\/wp\/v2\/pages\/71439","targetHints":{"allow":["GET"]}}],"collection":[{"href":"https:\/\/panb.ca\/fr\/wp-json\/wp\/v2\/pages"}],"about":[{"href":"https:\/\/panb.ca\/fr\/wp-json\/wp\/v2\/types\/page"}],"author":[{"embeddable":true,"href":"https:\/\/panb.ca\/fr\/wp-json\/wp\/v2\/users\/1"}],"replies":[{"embeddable":true,"href":"https:\/\/panb.ca\/fr\/wp-json\/wp\/v2\/comments?post=71439"}],"version-history":[{"count":8,"href":"https:\/\/panb.ca\/fr\/wp-json\/wp\/v2\/pages\/71439\/revisions"}],"predecessor-version":[{"id":79492,"href":"https:\/\/panb.ca\/fr\/wp-json\/wp\/v2\/pages\/71439\/revisions\/79492"}],"up":[{"embeddable":true,"href":"https:\/\/panb.ca\/fr\/wp-json\/wp\/v2\/pages\/71423"}],"wp:attachment":[{"href":"https:\/\/panb.ca\/fr\/wp-json\/wp\/v2\/media?parent=71439"}],"curies":[{"name":"wp","href":"https:\/\/api.w.org\/{rel}","templated":true}]}}