{"id":71606,"date":"2017-03-13T13:13:06","date_gmt":"2017-03-13T17:13:06","guid":{"rendered":"https:\/\/101d955997.nxcli.io\/?page_id=71606"},"modified":"2023-10-02T22:51:29","modified_gmt":"2023-10-03T02:51:29","slug":"membre-2017-fr","status":"publish","type":"page","link":"https:\/\/panb.ca\/fr\/membre-2017-fr\/","title":{"rendered":"Membre 2017"},"content":{"rendered":"\t\t<div data-elementor-type=\"wp-page\" data-elementor-id=\"71606\" class=\"elementor elementor-71606 elementor-71065\">\n\t\t\t\t\t\t<section class=\"elementor-section elementor-top-section elementor-element elementor-element-35cf832 thsn-col-stretched-none thsn-bg-color-over-image elementor-section-boxed elementor-section-height-default elementor-section-height-default\" data-id=\"35cf832\" data-element_type=\"section\" data-e-type=\"section\">\n\t\t\t\t\t\t<div class=\"elementor-container elementor-column-gap-extended\">\n\t\t\t\t\t<div class=\"elementor-column elementor-col-100 elementor-top-column elementor-element elementor-element-7439cc2 thsn-bg-color-over-image\" data-id=\"7439cc2\" data-element_type=\"column\" data-e-type=\"column\">\n\t\t\t<div class=\"elementor-widget-wrap elementor-element-populated\">\n\t\t\t\t\t\t<div class=\"elementor-element elementor-element-4829315 elementor-widget elementor-widget-text-editor\" data-id=\"4829315\" data-element_type=\"widget\" data-e-type=\"widget\" data-widget_type=\"text-editor.default\">\n\t\t\t\t<div class=\"elementor-widget-container\">\n\t\t\t\t\t\t\t\t\t<h3 class=\"western\" lang=\"en-CA\" align=\"center\"><span style=\"color: #000000;\"><span lang=\"x-none\"><b>ASSOCIATION DES PARAM\u00c9DICS DU NOUVEAU-BRUNSWICK<\/b><\/span><\/span><\/h3>\n<h4 class=\"western\" lang=\"en-CA\" align=\"center\"><span style=\"color: #000000;\"><span lang=\"x-none\"><b>Avis de discipline <\/b><\/span><\/span><span style=\"color: #000000;\"><span lang=\"en-US\"><b>Comit\u00e9 <\/b><\/span><\/span><span style=\"color: #000000;\"><span lang=\"x-none\"><b>D\u00e9cision<\/b><\/span><\/span><\/h4>\n\t\t\t\t\t\t\t\t<\/div>\n\t\t\t\t<\/div>\n\t\t\t\t\t<\/div>\n\t\t<\/div>\n\t\t\t\t\t<\/div>\n\t\t<\/section>\n\t\t\t\t<section class=\"elementor-section elementor-top-section elementor-element elementor-element-28fc4b1 thsn-col-stretched-none thsn-bg-color-over-image elementor-section-boxed elementor-section-height-default elementor-section-height-default\" data-id=\"28fc4b1\" data-element_type=\"section\" data-e-type=\"section\">\n\t\t\t\t\t\t<div class=\"elementor-container elementor-column-gap-default\">\n\t\t\t\t\t<div class=\"elementor-column elementor-col-16 elementor-top-column elementor-element elementor-element-6269a4d thsn-bg-color-over-image\" data-id=\"6269a4d\" data-element_type=\"column\" data-e-type=\"column\">\n\t\t\t<div class=\"elementor-widget-wrap\">\n\t\t\t\t\t\t\t<\/div>\n\t\t<\/div>\n\t\t\t\t<div class=\"elementor-column elementor-col-66 elementor-top-column elementor-element elementor-element-0ecafa8 thsn-bg-color-over-image\" data-id=\"0ecafa8\" data-element_type=\"column\" data-e-type=\"column\">\n\t\t\t<div class=\"elementor-widget-wrap elementor-element-populated\">\n\t\t\t\t\t\t<div class=\"elementor-element elementor-element-0b2d41d elementor-widget elementor-widget-text-editor\" data-id=\"0b2d41d\" data-element_type=\"widget\" data-e-type=\"widget\" data-widget_type=\"text-editor.default\">\n\t\t\t\t<div class=\"elementor-widget-container\">\n\t\t\t\t\t\t\t\t\t<p class=\"western\" lang=\"en-CA\" align=\"left\"><span style=\"color: #000000;\"><span lang=\"x-none\">Le comit\u00e9 de discipline (\u00a0\u00bb comit\u00e9 \u00ab\u00a0) de l&rsquo;Association des param\u00e9dics du Nouveau-Brunswick, par une <\/span><\/span><span style=\"color: #000000;\"><span lang=\"x-none\">d\u00e9cision dat\u00e9e du 13 mars 2017, a conclu qu&rsquo;un membre avait commis une faute professionnelle en falsifiant les dossiers des patients et en ne respectant pas les normes minimales de s\u00e9curit\u00e9. <\/span><\/span><span style=\"color: #000000;\"><span lang=\"x-none\">falsification de dossiers de patients et qu&rsquo;il n&rsquo;a pas respect\u00e9 les normes minimales en mati\u00e8re de connaissances, de comp\u00e9tences et de pratique exig\u00e9es d&rsquo;un travailleur param\u00e9dical. <\/span><\/span><span style=\"color: #000000;\"><span lang=\"x-none\">connaissances, de comp\u00e9tences et de pratique requises d&rsquo;un travailleur param\u00e9dical.<\/span><\/span><\/p>\n<p class=\"western\" lang=\"en-CA\" align=\"left\"><span style=\"color: #000000;\"><span lang=\"x-none\">Le Comit\u00e9 a ordonn\u00e9 que le membre :<\/span><\/span><\/p>\n<ol>\n<li style=\"list-style-type: none;\">\n<ol>\n<li class=\"western\" lang=\"en-CA\"><span style=\"color: #000000;\"><span lang=\"x-none\">est r\u00e9primand\u00e9 pour falsification de dossiers de patients ;<\/span><\/span><\/li>\n<li class=\"western\" lang=\"en-CA\"><span style=\"color: #000000;\"><span lang=\"x-none\">sera suspendu jusqu&rsquo;\u00e0 ce que le candidat ait suivi avec succ\u00e8s un programme de recyclage param\u00e9dical ;<\/span><\/span><\/li>\n<li class=\"western\" lang=\"en-CA\"><span style=\"color: #000000;\"><span lang=\"x-none\">faire en sorte que des \u00e9valuations \u00e9crites des performances, jug\u00e9es satisfaisantes par l&#8217;employeur, soient soumises <\/span><\/span><span style=\"color: #000000;\"><span lang=\"x-none\">au greffier par chaque employeur \u00e0 6, 12, 18 et 24 mois \u00e0 compter de la date de <\/span><\/span><span style=\"color: #000000;\"><span lang=\"x-none\">la date de retour \u00e0 la pratique ;<\/span><\/span><\/li>\n<li class=\"western\" lang=\"en-CA\"><span style=\"color: #000000;\"><span lang=\"x-none\">payer une amende de 500 $ \u00e0 l&rsquo;Association pour sa faute professionnelle ; et<\/span><\/span><\/li>\n<li class=\"western\" lang=\"en-CA\"><span style=\"color: #000000;\"><span lang=\"x-none\">payer les frais de l&rsquo;Association d&rsquo;un montant de 1 500 $ \u00e0 l&rsquo;Association dans les 12 mois suivant le retour \u00e0 la pratique active.<\/span><\/span> <span style=\"color: #000000;\"><span lang=\"x-none\">dans les 12 mois suivant le retour \u00e0 la pratique active.<\/span><\/span><\/li>\n<\/ol>\n<\/li>\n<\/ol>\n\t\t\t\t\t\t\t\t<\/div>\n\t\t\t\t<\/div>\n\t\t\t\t\t<\/div>\n\t\t<\/div>\n\t\t\t\t<div class=\"elementor-column elementor-col-16 elementor-top-column elementor-element elementor-element-12fa585 thsn-bg-color-over-image\" data-id=\"12fa585\" data-element_type=\"column\" data-e-type=\"column\">\n\t\t\t<div class=\"elementor-widget-wrap\">\n\t\t\t\t\t\t\t<\/div>\n\t\t<\/div>\n\t\t\t\t\t<\/div>\n\t\t<\/section>\n\t\t\t\t<section class=\"elementor-section elementor-top-section elementor-element elementor-element-dc692cf elementor-section-stretched elementor-section-content-middle thsn-col-stretched-none thsn-bg-color-over-image elementor-section-boxed elementor-section-height-default elementor-section-height-default\" data-id=\"dc692cf\" data-element_type=\"section\" data-e-type=\"section\" data-settings=\"{&quot;stretch_section&quot;:&quot;section-stretched&quot;,&quot;background_background&quot;:&quot;classic&quot;}\">\n\t\t\t\t\t\t<div class=\"elementor-container elementor-column-gap-extended\">\n\t\t\t\t\t<div class=\"elementor-column elementor-col-100 elementor-top-column elementor-element elementor-element-94857af thsn-bg-color-over-image\" data-id=\"94857af\" data-element_type=\"column\" data-e-type=\"column\">\n\t\t\t<div class=\"elementor-widget-wrap elementor-element-populated\">\n\t\t\t\t\t\t<div class=\"elementor-element elementor-element-d755ded elementor-widget elementor-widget-text-editor\" data-id=\"d755ded\" data-element_type=\"widget\" data-e-type=\"widget\" data-widget_type=\"text-editor.default\">\n\t\t\t\t<div class=\"elementor-widget-container\">\n\t\t\t\t\t\t\t\t\t<p><img decoding=\"async\" src=\"http:\/\/www.panb.ca\/images\/pdf.png\" alt=\"pdf file\"><br \/><a href=\"http:\/\/www.panb.ca\/files\/discipline-member-13-3-2017.pdf\">D\u00e9cision Disciplinaire<\/a><\/p>\n\t\t\t\t\t\t\t\t<\/div>\n\t\t\t\t<\/div>\n\t\t\t\t\t<\/div>\n\t\t<\/div>\n\t\t\t\t\t<\/div>\n\t\t<\/section>\n\t\t\t\t<\/div>\n\t\t","protected":false},"excerpt":{"rendered":"<p>ASSOCIATION DES PARAM\u00c9DICS DU NOUVEAU-BRUNSWICK Avis de discipline Comit\u00e9 D\u00e9cision Le comit\u00e9 de discipline (\u00a0\u00bb comit\u00e9 \u00ab\u00a0) de l&rsquo;Association des param\u00e9dics du Nouveau-Brunswick, par une d\u00e9cision dat\u00e9e du 13 mars 2017, a conclu qu&rsquo;un membre avait commis une faute professionnelle en falsifiant les dossiers des patients et en ne respectant pas les normes minimales de s\u00e9curit\u00e9. falsification de dossiers de patients et qu&rsquo;il n&rsquo;a pas respect\u00e9 les normes minimales en[&hellip;]<\/p>\n","protected":false},"author":1,"featured_media":0,"parent":0,"menu_order":0,"comment_status":"closed","ping_status":"closed","template":"","meta":{"_acf_changed":false,"footnotes":""},"class_list":["post-71606","page","type-page","status-publish","hentry"],"acf":[],"_links":{"self":[{"href":"https:\/\/panb.ca\/fr\/wp-json\/wp\/v2\/pages\/71606","targetHints":{"allow":["GET"]}}],"collection":[{"href":"https:\/\/panb.ca\/fr\/wp-json\/wp\/v2\/pages"}],"about":[{"href":"https:\/\/panb.ca\/fr\/wp-json\/wp\/v2\/types\/page"}],"author":[{"embeddable":true,"href":"https:\/\/panb.ca\/fr\/wp-json\/wp\/v2\/users\/1"}],"replies":[{"embeddable":true,"href":"https:\/\/panb.ca\/fr\/wp-json\/wp\/v2\/comments?post=71606"}],"version-history":[{"count":5,"href":"https:\/\/panb.ca\/fr\/wp-json\/wp\/v2\/pages\/71606\/revisions"}],"predecessor-version":[{"id":77188,"href":"https:\/\/panb.ca\/fr\/wp-json\/wp\/v2\/pages\/71606\/revisions\/77188"}],"wp:attachment":[{"href":"https:\/\/panb.ca\/fr\/wp-json\/wp\/v2\/media?parent=71606"}],"curies":[{"name":"wp","href":"https:\/\/api.w.org\/{rel}","templated":true}]}}