{"id":71614,"date":"2018-11-07T13:29:11","date_gmt":"2018-11-07T17:29:11","guid":{"rendered":"https:\/\/101d955997.nxcli.io\/?page_id=71614"},"modified":"2023-10-02T22:51:53","modified_gmt":"2023-10-03T02:51:53","slug":"membre-2018-11-fr","status":"publish","type":"page","link":"https:\/\/panb.ca\/fr\/membre-2018-11-fr\/","title":{"rendered":"Membre 2018"},"content":{"rendered":"\t\t<div data-elementor-type=\"wp-page\" data-elementor-id=\"71614\" class=\"elementor elementor-71614 elementor-71098\">\n\t\t\t\t\t\t<section class=\"elementor-section elementor-top-section elementor-element elementor-element-35cf832 thsn-col-stretched-none thsn-bg-color-over-image elementor-section-boxed elementor-section-height-default elementor-section-height-default\" data-id=\"35cf832\" data-element_type=\"section\" data-e-type=\"section\">\n\t\t\t\t\t\t<div class=\"elementor-container elementor-column-gap-extended\">\n\t\t\t\t\t<div class=\"elementor-column elementor-col-100 elementor-top-column elementor-element elementor-element-7439cc2 thsn-bg-color-over-image\" data-id=\"7439cc2\" data-element_type=\"column\" data-e-type=\"column\">\n\t\t\t<div class=\"elementor-widget-wrap elementor-element-populated\">\n\t\t\t\t\t\t<div class=\"elementor-element elementor-element-88cc2e7 elementor-widget elementor-widget-text-editor\" data-id=\"88cc2e7\" data-element_type=\"widget\" data-e-type=\"widget\" data-widget_type=\"text-editor.default\">\n\t\t\t\t<div class=\"elementor-widget-container\">\n\t\t\t\t\t\t\t\t\t<h3 class=\"western\" lang=\"en-CA\" align=\"center\"><span style=\"color: #000000;\"><span lang=\"x-none\"><b>ASSOCIATION DES PARAM\u00c9DICS DU NOUVEAU-BRUNSWICK<\/b><\/span><\/span><\/h3>\n<h4 class=\"western\" lang=\"en-CA\" align=\"center\"><span style=\"color: #000000;\"><span lang=\"x-none\"><b>Avis de discipline <\/b><\/span><\/span><span style=\"color: #000000;\"><span lang=\"en-US\"><b>Comit\u00e9 <\/b><\/span><\/span><span style=\"color: #000000;\"><span lang=\"x-none\"><b>D\u00e9cision<\/b><\/span><\/span><\/h4>\n\t\t\t\t\t\t\t\t<\/div>\n\t\t\t\t<\/div>\n\t\t\t\t\t<\/div>\n\t\t<\/div>\n\t\t\t\t\t<\/div>\n\t\t<\/section>\n\t\t\t\t<section class=\"elementor-section elementor-top-section elementor-element elementor-element-28fc4b1 thsn-col-stretched-none thsn-bg-color-over-image elementor-section-boxed elementor-section-height-default elementor-section-height-default\" data-id=\"28fc4b1\" data-element_type=\"section\" data-e-type=\"section\">\n\t\t\t\t\t\t<div class=\"elementor-container elementor-column-gap-default\">\n\t\t\t\t\t<div class=\"elementor-column elementor-col-16 elementor-top-column elementor-element elementor-element-6269a4d thsn-bg-color-over-image\" data-id=\"6269a4d\" data-element_type=\"column\" data-e-type=\"column\">\n\t\t\t<div class=\"elementor-widget-wrap\">\n\t\t\t\t\t\t\t<\/div>\n\t\t<\/div>\n\t\t\t\t<div class=\"elementor-column elementor-col-66 elementor-top-column elementor-element elementor-element-0ecafa8 thsn-bg-color-over-image\" data-id=\"0ecafa8\" data-element_type=\"column\" data-e-type=\"column\">\n\t\t\t<div class=\"elementor-widget-wrap elementor-element-populated\">\n\t\t\t\t\t\t<div class=\"elementor-element elementor-element-11c6a07 elementor-widget elementor-widget-text-editor\" data-id=\"11c6a07\" data-element_type=\"widget\" data-e-type=\"widget\" data-widget_type=\"text-editor.default\">\n\t\t\t\t<div class=\"elementor-widget-container\">\n\t\t\t\t\t\t\t\t\t<p class=\"western\" lang=\"en-CA\" align=\"left\"><span style=\"color: #000000;\"><span lang=\"x-none\">Le comit\u00e9 de discipline (\u00ab\u00a0comit\u00e9\u00a0\u00bb) de l&rsquo;Association des param\u00e9dics du Nouveau-Brunswick par un <\/span><\/span><span style=\"color: #000000;\"><span lang=\"x-none\">dat\u00e9e du 7 novembre 2018, a conclu qu&rsquo;un membre avait commis une faute professionnelle, <\/span><\/span><span style=\"color: #000000;\"><span lang=\"x-none\">un comportement indigne d&rsquo;un membre, un comportement portant atteinte au statut et \u00e0 la r\u00e9putation de l&rsquo;Union europ\u00e9enne. <\/span><\/span><span style=\"color: #000000;\"><span lang=\"x-none\">profession et l&rsquo;Association, en autorisant l&rsquo;administration d&rsquo;un m\u00e9dicament vivant \u00e0 un \u00e9tudiant sous la menace d&rsquo;une arme \u00e0 feu ou d&rsquo;une arme \u00e0 feu. <\/span><\/span><span style=\"color: #000000;\"><span lang=\"x-none\">Elle a \u00e9t\u00e9 accus\u00e9e d&rsquo;avoir fait preuve d&rsquo;indiff\u00e9rence \u00e0 l&rsquo;\u00e9gard du bien-\u00eatre d&rsquo;un \u00e9l\u00e8ve qui avait re\u00e7u un m\u00e9dicament vivant, <\/span><\/span><span style=\"color: #000000;\"><span lang=\"x-none\">et pour avoir omis de signaler un \u00e9v\u00e9nement important \u00e0 son employeur.<\/span><\/span><\/p>\n<p class=\"western\" lang=\"en-CA\" align=\"left\"><span style=\"color: #000000;\"><span lang=\"x-none\">Le Comit\u00e9 a ordonn\u00e9 que le membre :<\/span><\/span><\/p>\n<ol>\n<li style=\"list-style-type: none;\">\n<ol>\n<li class=\"western\" lang=\"en-CA\"><span style=\"color: #000000;\"><span lang=\"x-none\">est r\u00e9primand\u00e9e pour sa conduite ;<\/span><\/span><\/li>\n<li class=\"western\" lang=\"en-CA\"><span style=\"color: #000000;\"><span lang=\"x-none\">doit suivre un cours relatif \u00e0 l&rsquo;\u00e9thique et \u00e0 la conduite professionnelle ;<\/span><\/span><\/li>\n<li class=\"western\" lang=\"en-CA\"><span style=\"color: #000000;\"><span lang=\"x-none\">payer une amende de 1 000 $ ; et<\/span><\/span><\/li>\n<li class=\"western\" lang=\"en-CA\"><span style=\"color: #000000;\"><span lang=\"x-none\">prendre en charge une partie des frais de l&rsquo;association \u00e0 hauteur de 1000 $.<\/span><\/span><\/li>\n<\/ol>\n<\/li>\n<\/ol>\n\t\t\t\t\t\t\t\t<\/div>\n\t\t\t\t<\/div>\n\t\t\t\t\t<\/div>\n\t\t<\/div>\n\t\t\t\t<div class=\"elementor-column elementor-col-16 elementor-top-column elementor-element elementor-element-12fa585 thsn-bg-color-over-image\" data-id=\"12fa585\" data-element_type=\"column\" data-e-type=\"column\">\n\t\t\t<div class=\"elementor-widget-wrap\">\n\t\t\t\t\t\t\t<\/div>\n\t\t<\/div>\n\t\t\t\t\t<\/div>\n\t\t<\/section>\n\t\t\t\t<section class=\"elementor-section elementor-top-section elementor-element elementor-element-dc692cf elementor-section-stretched elementor-section-content-middle thsn-col-stretched-none thsn-bg-color-over-image elementor-section-boxed elementor-section-height-default elementor-section-height-default\" data-id=\"dc692cf\" data-element_type=\"section\" data-e-type=\"section\" data-settings=\"{&quot;stretch_section&quot;:&quot;section-stretched&quot;,&quot;background_background&quot;:&quot;classic&quot;}\">\n\t\t\t\t\t\t<div class=\"elementor-container elementor-column-gap-extended\">\n\t\t\t\t\t<div class=\"elementor-column elementor-col-100 elementor-top-column elementor-element elementor-element-94857af thsn-bg-color-over-image\" data-id=\"94857af\" data-element_type=\"column\" data-e-type=\"column\">\n\t\t\t<div class=\"elementor-widget-wrap elementor-element-populated\">\n\t\t\t\t\t\t<div class=\"elementor-element elementor-element-d755ded elementor-widget elementor-widget-text-editor\" data-id=\"d755ded\" data-element_type=\"widget\" data-e-type=\"widget\" data-widget_type=\"text-editor.default\">\n\t\t\t\t<div class=\"elementor-widget-container\">\n\t\t\t\t\t\t\t\t\t<p><img decoding=\"async\" src=\"http:\/\/www.panb.ca\/images\/pdf.png\" alt=\"pdf file\"><br \/><a href=\"http:\/\/www.panb.ca\/files\/discipline-member-7-11-2018.pdf\">D\u00e9cision Disciplinaire<\/a><\/p>\n\t\t\t\t\t\t\t\t<\/div>\n\t\t\t\t<\/div>\n\t\t\t\t\t<\/div>\n\t\t<\/div>\n\t\t\t\t\t<\/div>\n\t\t<\/section>\n\t\t\t\t<\/div>\n\t\t","protected":false},"excerpt":{"rendered":"<p>ASSOCIATION DES PARAM\u00c9DICS DU NOUVEAU-BRUNSWICK Avis de discipline Comit\u00e9 D\u00e9cision Le comit\u00e9 de discipline (\u00ab\u00a0comit\u00e9\u00a0\u00bb) de l&rsquo;Association des param\u00e9dics du Nouveau-Brunswick par un dat\u00e9e du 7 novembre 2018, a conclu qu&rsquo;un membre avait commis une faute professionnelle, un comportement indigne d&rsquo;un membre, un comportement portant atteinte au statut et \u00e0 la r\u00e9putation de l&rsquo;Union europ\u00e9enne. profession et l&rsquo;Association, en autorisant l&rsquo;administration d&rsquo;un m\u00e9dicament vivant \u00e0 un \u00e9tudiant sous la menace[&hellip;]<\/p>\n","protected":false},"author":1,"featured_media":0,"parent":0,"menu_order":0,"comment_status":"closed","ping_status":"closed","template":"","meta":{"_acf_changed":false,"footnotes":""},"class_list":["post-71614","page","type-page","status-publish","hentry"],"acf":[],"_links":{"self":[{"href":"https:\/\/panb.ca\/fr\/wp-json\/wp\/v2\/pages\/71614","targetHints":{"allow":["GET"]}}],"collection":[{"href":"https:\/\/panb.ca\/fr\/wp-json\/wp\/v2\/pages"}],"about":[{"href":"https:\/\/panb.ca\/fr\/wp-json\/wp\/v2\/types\/page"}],"author":[{"embeddable":true,"href":"https:\/\/panb.ca\/fr\/wp-json\/wp\/v2\/users\/1"}],"replies":[{"embeddable":true,"href":"https:\/\/panb.ca\/fr\/wp-json\/wp\/v2\/comments?post=71614"}],"version-history":[{"count":5,"href":"https:\/\/panb.ca\/fr\/wp-json\/wp\/v2\/pages\/71614\/revisions"}],"predecessor-version":[{"id":77189,"href":"https:\/\/panb.ca\/fr\/wp-json\/wp\/v2\/pages\/71614\/revisions\/77189"}],"wp:attachment":[{"href":"https:\/\/panb.ca\/fr\/wp-json\/wp\/v2\/media?parent=71614"}],"curies":[{"name":"wp","href":"https:\/\/api.w.org\/{rel}","templated":true}]}}