{"id":71676,"date":"2018-02-21T17:41:29","date_gmt":"2018-02-21T21:41:29","guid":{"rendered":"https:\/\/101d955997.nxcli.io\/?page_id=71676"},"modified":"2025-05-31T07:51:35","modified_gmt":"2025-05-31T11:51:35","slug":"registre-des-membres","status":"publish","type":"page","link":"https:\/\/panb.ca\/fr\/exercice-de-la-profession\/registre-des-membres\/","title":{"rendered":"Licence compl\u00e8te ou restreinte"},"content":{"rendered":"\t\t<div data-elementor-type=\"wp-page\" data-elementor-id=\"71676\" class=\"elementor elementor-71676 elementor-1843\">\n\t\t\t\t\t\t<section class=\"elementor-section elementor-top-section elementor-element elementor-element-2ab69f2 thsn-col-stretched-none thsn-bg-color-over-image elementor-section-boxed elementor-section-height-default elementor-section-height-default\" data-id=\"2ab69f2\" data-element_type=\"section\" data-e-type=\"section\">\n\t\t\t\t\t\t<div class=\"elementor-container elementor-column-gap-default\">\n\t\t\t\t\t<div class=\"elementor-column elementor-col-100 elementor-top-column elementor-element elementor-element-4e57dec thsn-bg-color-over-image\" data-id=\"4e57dec\" data-element_type=\"column\" data-e-type=\"column\">\n\t\t\t<div class=\"elementor-widget-wrap elementor-element-populated\">\n\t\t\t\t\t\t<div class=\"elementor-element elementor-element-d667e82 elementor-widget elementor-widget-heading\" data-id=\"d667e82\" data-element_type=\"widget\" data-e-type=\"widget\" data-widget_type=\"heading.default\">\n\t\t\t\t<div class=\"elementor-widget-container\">\n\t\t\t\t\t<h1 class=\"elementor-heading-title elementor-size-default\">Licence compl\u00e8te ou restreinte<\/h1>\t\t\t\t<\/div>\n\t\t\t\t<\/div>\n\t\t\t\t\t<\/div>\n\t\t<\/div>\n\t\t\t\t\t<\/div>\n\t\t<\/section>\n\t\t\t\t<section class=\"elementor-section elementor-top-section elementor-element elementor-element-704fa9a thsn-col-stretched-none thsn-bg-color-over-image elementor-section-boxed elementor-section-height-default elementor-section-height-default\" data-id=\"704fa9a\" data-element_type=\"section\" data-e-type=\"section\">\n\t\t\t\t\t\t<div class=\"elementor-container elementor-column-gap-default\">\n\t\t\t\t\t<div class=\"elementor-column elementor-col-100 elementor-top-column elementor-element elementor-element-47082ed thsn-bg-color-over-image\" data-id=\"47082ed\" data-element_type=\"column\" data-e-type=\"column\">\n\t\t\t<div class=\"elementor-widget-wrap elementor-element-populated\">\n\t\t\t\t\t\t<div class=\"elementor-element elementor-element-20ad42d elementor-widget elementor-widget-text-editor\" data-id=\"20ad42d\" data-element_type=\"widget\" data-e-type=\"widget\" data-widget_type=\"text-editor.default\">\n\t\t\t\t<div class=\"elementor-widget-container\">\n\t\t\t\t\t\t\t\t\t<p>Les Archives ont d\u00fb restreindre certaines licences param\u00e9dicales \u00e0 la suite de la modification du r\u00e8glement adopt\u00e9e lors de l&rsquo;assembl\u00e9e g\u00e9n\u00e9rale annuelle de 2011. En fait, lorsque le nouveau profil 2011 du CNOP a \u00e9t\u00e9 adopt\u00e9, il est apparu clairement que tous les m\u00e9decins en exercice ne remplissaient pas tous les crit\u00e8res n\u00e9cessaires pour conserver leur licence de PCP. Il semblait injuste d&rsquo;obliger les ambulanciers du Nouveau-Brunswick \u00e0 mettre \u00e0 jour leur formation s&rsquo;ils n&rsquo;allaient jamais \u00eatre en mesure de maintenir leurs comp\u00e9tences dans le cadre d&rsquo;un champ d&rsquo;application \u00e9largi.  <\/p><p>Une licence restreinte a \u00e9t\u00e9 d\u00e9livr\u00e9e aux m\u00e9decins qui ne poss\u00e9daient pas ce que nous avons appel\u00e9 les comp\u00e9tences \u00e9lectroniques, c&rsquo;est-\u00e0-dire un ensemble de comp\u00e9tences avanc\u00e9es que les m\u00e9decins d&rsquo;Ambulance Nouveau-Brunswick mettent en \u0153uvre dans le cadre de leur pratique. Les Archives ne d\u00e9livreront pas de licences restreintes aux auxiliaires m\u00e9dicaux qui d\u00e9cident de ne plus acqu\u00e9rir les nouvelles comp\u00e9tences li\u00e9es \u00e0 la mise \u00e0 niveau du CNOP. Il incombe \u00e0 chaque praticien de s&rsquo;assurer qu&rsquo;il reste comp\u00e9tent dans l&rsquo;exercice de toutes les comp\u00e9tences correspondant \u00e0 son niveau d&rsquo;autorisation.  <\/p><p>L&rsquo;objectif de l&rsquo;autorisation d&rsquo;exercer restreinte \u00e9tait de garantir que les praticiens eux-m\u00eames connaissent les comp\u00e9tences qu&rsquo;ils peuvent ou ne peuvent pas exercer et que les autres professionnels en fassent de m\u00eame.  <\/p><p>Les licences restreintes sont d\u00e9livr\u00e9es en mai 2012, accompagn\u00e9es d&rsquo;une lettre et d&rsquo;une nouvelle carte d&rsquo;identit\u00e9 afin de refl\u00e9ter les changements apport\u00e9s au champ d&rsquo;exercice du CNOP. Si vous avez re\u00e7u une telle lettre, vous pouvez choisir de conserver votre licence restreinte aussi longtemps que vous exercez votre profession ou vous pouvez choisir d&rsquo;obtenir une licence compl\u00e8te en am\u00e9liorant votre formation et vos comp\u00e9tences.  <\/p><p>Pour plus d&rsquo;informations sur les licences restreintes, veuillez contacter directement les Archives.<\/p>\t\t\t\t\t\t\t\t<\/div>\n\t\t\t\t<\/div>\n\t\t\t\t\t<\/div>\n\t\t<\/div>\n\t\t\t\t\t<\/div>\n\t\t<\/section>\n\t\t\t\t<section class=\"elementor-section elementor-top-section elementor-element elementor-element-a6354da elementor-section-stretched elementor-section-content-middle thsn-col-stretched-none thsn-bg-color-over-image elementor-section-boxed elementor-section-height-default elementor-section-height-default\" data-id=\"a6354da\" data-element_type=\"section\" data-e-type=\"section\" data-settings=\"{&quot;stretch_section&quot;:&quot;section-stretched&quot;,&quot;background_background&quot;:&quot;classic&quot;}\">\n\t\t\t\t\t\t<div class=\"elementor-container elementor-column-gap-extended\">\n\t\t\t\t\t<div class=\"elementor-column elementor-col-50 elementor-top-column elementor-element elementor-element-14b2577 thsn-bg-color-over-image\" data-id=\"14b2577\" data-element_type=\"column\" data-e-type=\"column\">\n\t\t\t<div class=\"elementor-widget-wrap elementor-element-populated\">\n\t\t\t\t\t\t<div class=\"elementor-element elementor-element-cac0d2f elementor-widget elementor-widget-text-editor\" data-id=\"cac0d2f\" data-element_type=\"widget\" data-e-type=\"widget\" data-widget_type=\"text-editor.default\">\n\t\t\t\t<div class=\"elementor-widget-container\">\n\t\t\t\t\t\t\t\t\t<a href=\"http:\/\/www.panb.ca\/files\/En%20Feb%202020%20by%20Name.pdf\"><\/a>\t\t\t\t\t\t\t\t<\/div>\n\t\t\t\t<\/div>\n\t\t\t\t\t<\/div>\n\t\t<\/div>\n\t\t\t\t<div class=\"elementor-column elementor-col-50 elementor-top-column elementor-element elementor-element-1fa53f8 thsn-bg-color-over-image\" data-id=\"1fa53f8\" data-element_type=\"column\" data-e-type=\"column\">\n\t\t\t<div class=\"elementor-widget-wrap elementor-element-populated\">\n\t\t\t\t\t\t<div class=\"elementor-element elementor-element-3b9655d elementor-widget elementor-widget-text-editor\" data-id=\"3b9655d\" data-element_type=\"widget\" data-e-type=\"widget\" data-widget_type=\"text-editor.default\">\n\t\t\t\t<div class=\"elementor-widget-container\">\n\t\t\t\t\t\t\t\t\t<a href=\"http:\/\/www.panb.ca\/files\/En%20Feb%202020%20by%20ID%20Number.pdf\">\t\t\t\t\t\t\t\t<\/div>\n\t\t\t\t<\/div>\n\t\t\t\t\t<\/div>\n\t\t<\/div>\n\t\t\t\t\t<\/div>\n\t\t<\/section>\n\t\t\t\t<\/div>\n\t\t","protected":false},"excerpt":{"rendered":"<p>Licence compl\u00e8te ou restreinte Les Archives ont d\u00fb restreindre certaines licences param\u00e9dicales \u00e0 la suite de la modification du r\u00e8glement adopt\u00e9e lors de l&rsquo;assembl\u00e9e g\u00e9n\u00e9rale annuelle de 2011. En fait, lorsque le nouveau profil 2011 du CNOP a \u00e9t\u00e9 adopt\u00e9, il est apparu clairement que tous les m\u00e9decins en exercice ne remplissaient pas tous les crit\u00e8res n\u00e9cessaires pour conserver leur licence de PCP. Il semblait injuste d&rsquo;obliger les ambulanciers du[&hellip;]<\/p>\n","protected":false},"author":1,"featured_media":0,"parent":71423,"menu_order":4,"comment_status":"closed","ping_status":"closed","template":"","meta":{"_acf_changed":false,"footnotes":""},"class_list":["post-71676","page","type-page","status-publish","hentry"],"acf":[],"_links":{"self":[{"href":"https:\/\/panb.ca\/fr\/wp-json\/wp\/v2\/pages\/71676","targetHints":{"allow":["GET"]}}],"collection":[{"href":"https:\/\/panb.ca\/fr\/wp-json\/wp\/v2\/pages"}],"about":[{"href":"https:\/\/panb.ca\/fr\/wp-json\/wp\/v2\/types\/page"}],"author":[{"embeddable":true,"href":"https:\/\/panb.ca\/fr\/wp-json\/wp\/v2\/users\/1"}],"replies":[{"embeddable":true,"href":"https:\/\/panb.ca\/fr\/wp-json\/wp\/v2\/comments?post=71676"}],"version-history":[{"count":32,"href":"https:\/\/panb.ca\/fr\/wp-json\/wp\/v2\/pages\/71676\/revisions"}],"predecessor-version":[{"id":79506,"href":"https:\/\/panb.ca\/fr\/wp-json\/wp\/v2\/pages\/71676\/revisions\/79506"}],"up":[{"embeddable":true,"href":"https:\/\/panb.ca\/fr\/wp-json\/wp\/v2\/pages\/71423"}],"wp:attachment":[{"href":"https:\/\/panb.ca\/fr\/wp-json\/wp\/v2\/media?parent=71676"}],"curies":[{"name":"wp","href":"https:\/\/api.w.org\/{rel}","templated":true}]}}