{"id":71681,"date":"2018-02-21T17:49:07","date_gmt":"2018-02-21T21:49:07","guid":{"rendered":"https:\/\/101d955997.nxcli.io\/?page_id=71681"},"modified":"2025-05-14T13:29:56","modified_gmt":"2025-05-14T17:29:56","slug":"champ-dexercice","status":"publish","type":"page","link":"https:\/\/panb.ca\/fr\/exercice-de-la-profession\/champ-dexercice\/","title":{"rendered":"Champ d&rsquo;application"},"content":{"rendered":"\t\t<div data-elementor-type=\"wp-page\" data-elementor-id=\"71681\" class=\"elementor elementor-71681 elementor-1851\">\n\t\t\t\t\t\t<section class=\"elementor-section elementor-top-section elementor-element elementor-element-2ab69f2 thsn-col-stretched-none thsn-bg-color-over-image elementor-section-boxed elementor-section-height-default elementor-section-height-default\" data-id=\"2ab69f2\" data-element_type=\"section\" data-e-type=\"section\">\n\t\t\t\t\t\t<div class=\"elementor-container elementor-column-gap-default\">\n\t\t\t\t\t<div class=\"elementor-column elementor-col-100 elementor-top-column elementor-element elementor-element-4e57dec thsn-bg-color-over-image\" data-id=\"4e57dec\" data-element_type=\"column\" data-e-type=\"column\">\n\t\t\t<div class=\"elementor-widget-wrap elementor-element-populated\">\n\t\t\t\t\t\t<div class=\"elementor-element elementor-element-d667e82 elementor-widget elementor-widget-heading\" data-id=\"d667e82\" data-element_type=\"widget\" data-e-type=\"widget\" data-widget_type=\"heading.default\">\n\t\t\t\t<div class=\"elementor-widget-container\">\n\t\t\t\t\t<h1 class=\"elementor-heading-title elementor-size-default\">Champ d'application<\/h1>\t\t\t\t<\/div>\n\t\t\t\t<\/div>\n\t\t\t\t\t<\/div>\n\t\t<\/div>\n\t\t\t\t\t<\/div>\n\t\t<\/section>\n\t\t\t\t<section class=\"elementor-section elementor-top-section elementor-element elementor-element-704fa9a thsn-col-stretched-none thsn-bg-color-over-image elementor-section-boxed elementor-section-height-default elementor-section-height-default\" data-id=\"704fa9a\" data-element_type=\"section\" data-e-type=\"section\">\n\t\t\t\t\t\t<div class=\"elementor-container elementor-column-gap-default\">\n\t\t\t\t\t<div class=\"elementor-column elementor-col-100 elementor-top-column elementor-element elementor-element-47082ed thsn-bg-color-over-image\" data-id=\"47082ed\" data-element_type=\"column\" data-e-type=\"column\">\n\t\t\t<div class=\"elementor-widget-wrap elementor-element-populated\">\n\t\t\t\t\t\t<div class=\"elementor-element elementor-element-20ad42d elementor-widget elementor-widget-text-editor\" data-id=\"20ad42d\" data-element_type=\"widget\" data-e-type=\"widget\" data-widget_type=\"text-editor.default\">\n\t\t\t\t<div class=\"elementor-widget-container\">\n\t\t\t\t\t\t\t\t\t<p>Au Nouveau-Brunswick, les ambulanciers param\u00e9dicaux exercent actuellement au niveau du profil national des comp\u00e9tences professionnelles de 2011, tel qu&rsquo;\u00e9tabli dans les r\u00e8glements de l&rsquo;Association.<\/p><p>Chaque ann\u00e9e, les m\u00e9decins acqui\u00e8rent soixante-quatre (64) cr\u00e9dits de formation \u00e0 partir d&rsquo;une combinaison de contacts avec les patients, de formations fournies par l&#8217;employeur, de cours de courte dur\u00e9e, de cours en ligne, de revues et d&rsquo;activit\u00e9s de b\u00e9n\u00e9volat. Cela permet au praticien de rester \u00e0 jour dans la profession. Cela permet \u00e9galement aux Archives de mesurer la pratique des m\u00e9decins venant d&rsquo;autres juridictions et de s&rsquo;assurer qu&rsquo;ils respectent ou d\u00e9passent nos normes professionnelles et prot\u00e8gent ainsi l&rsquo;int\u00e9r\u00eat du public. Les lignes directrices du NOCP permettent \u00e9galement aux \u00e9tablissements d&rsquo;enseignement de d\u00e9terminer leur programme d&rsquo;\u00e9tudes en fonction des attentes d&rsquo;une association professionnelle \u00e0 l&rsquo;\u00e9gard de ses dipl\u00f4m\u00e9s.<\/p><p>Les Archives ont jet\u00e9 les bases en 2011 pour s&rsquo;assurer que les ambulanciers param\u00e9dicaux de la province continueraient \u00e0 exercer leur profession conform\u00e9ment \u00e0 la version la plus r\u00e9cente des NOCP disponible \u00e0 l&rsquo;\u00e9poque. Cela garantit que nos professionnels sont au sommet de leur art et qu&rsquo;ils sont \u00e0 la pointe de la m\u00e9decine param\u00e9dicale.<\/p><p>La version la plus r\u00e9cente du CNPP peut \u00eatre t\u00e9l\u00e9charg\u00e9e ci-dessous. Le nom a \u00e9t\u00e9 modifi\u00e9 pour faciliter l&rsquo;utilisation. Ce document a \u00e9t\u00e9 copi\u00e9 \u00e0 partir du site web de l&rsquo;Association des param\u00e9dics du Canada. Pour plus d&rsquo;informations, veuillez consulter leur site. Le lien ci-dessous vous dirigera vers la page du profil national des comp\u00e9tences professionnelles.<\/p>\t\t\t\t\t\t\t\t<\/div>\n\t\t\t\t<\/div>\n\t\t\t\t\t<\/div>\n\t\t<\/div>\n\t\t\t\t\t<\/div>\n\t\t<\/section>\n\t\t\t\t<section class=\"elementor-section elementor-top-section elementor-element elementor-element-5005a79 thsn-col-stretched-none thsn-bg-color-over-image elementor-section-boxed elementor-section-height-default elementor-section-height-default\" data-id=\"5005a79\" data-element_type=\"section\" data-e-type=\"section\">\n\t\t\t\t\t\t<div class=\"elementor-container elementor-column-gap-default\">\n\t\t\t\t\t<div class=\"elementor-column elementor-col-25 elementor-top-column elementor-element elementor-element-bad8823 thsn-bg-color-over-image\" data-id=\"bad8823\" data-element_type=\"column\" data-e-type=\"column\">\n\t\t\t<div class=\"elementor-widget-wrap elementor-element-populated\">\n\t\t\t\t\t\t<div class=\"elementor-element elementor-element-222aa14 elementor-widget elementor-widget-heading\" data-id=\"222aa14\" data-element_type=\"widget\" data-e-type=\"widget\" data-widget_type=\"heading.default\">\n\t\t\t\t<div class=\"elementor-widget-container\">\n\t\t\t\t\t<h5 class=\"elementor-heading-title elementor-size-default\">29 SEP 2022<\/h5>\t\t\t\t<\/div>\n\t\t\t\t<\/div>\n\t\t\t\t\t<\/div>\n\t\t<\/div>\n\t\t\t\t<div class=\"elementor-column elementor-col-25 elementor-top-column elementor-element elementor-element-43af69c thsn-bg-color-over-image\" data-id=\"43af69c\" data-element_type=\"column\" data-e-type=\"column\">\n\t\t\t<div class=\"elementor-widget-wrap elementor-element-populated\">\n\t\t\t\t\t\t<div class=\"elementor-element elementor-element-433e1cb elementor-widget elementor-widget-heading\" data-id=\"433e1cb\" data-element_type=\"widget\" data-e-type=\"widget\" data-widget_type=\"heading.default\">\n\t\t\t\t<div class=\"elementor-widget-container\">\n\t\t\t\t\t<h6 class=\"elementor-heading-title elementor-size-default\">Profil PCP\/ACP 2011<\/h6>\t\t\t\t<\/div>\n\t\t\t\t<\/div>\n\t\t\t\t\t<\/div>\n\t\t<\/div>\n\t\t\t\t<div class=\"elementor-column elementor-col-25 elementor-top-column elementor-element elementor-element-20c7220 thsn-bg-color-over-image\" data-id=\"20c7220\" data-element_type=\"column\" data-e-type=\"column\">\n\t\t\t<div class=\"elementor-widget-wrap elementor-element-populated\">\n\t\t\t\t\t\t<div class=\"elementor-element elementor-element-c89968a elementor-widget elementor-widget-text-editor\" data-id=\"c89968a\" data-element_type=\"widget\" data-e-type=\"widget\" data-widget_type=\"text-editor.default\">\n\t\t\t\t<div class=\"elementor-widget-container\">\n\t\t\t\t\t\t\t\t\t<a href=\"http:\/\/www.panb.ca\/files\/2011-10-31-Approved-NOCP-English-Master.pdf\" target=\"_blank\"\/><img decoding=\"async\" class=\"aligncenter\" src=\"http:\/\/www.panb.ca\/images\/pdf.png\" alt=\"pdf file\" \/><\/a>\t\t\t\t\t\t\t\t<\/div>\n\t\t\t\t<\/div>\n\t\t\t\t\t<\/div>\n\t\t<\/div>\n\t\t\t\t<div class=\"elementor-column elementor-col-25 elementor-top-column elementor-element elementor-element-904f90c thsn-bg-color-over-image\" data-id=\"904f90c\" data-element_type=\"column\" data-e-type=\"column\">\n\t\t\t<div class=\"elementor-widget-wrap\">\n\t\t\t\t\t\t\t<\/div>\n\t\t<\/div>\n\t\t\t\t\t<\/div>\n\t\t<\/section>\n\t\t\t\t<section class=\"elementor-section elementor-top-section elementor-element elementor-element-3745d8f thsn-col-stretched-none thsn-bg-color-over-image elementor-section-boxed elementor-section-height-default elementor-section-height-default\" data-id=\"3745d8f\" data-element_type=\"section\" data-e-type=\"section\">\n\t\t\t\t\t\t<div class=\"elementor-container elementor-column-gap-default\">\n\t\t\t\t\t<div class=\"elementor-column elementor-col-25 elementor-top-column elementor-element elementor-element-aa58f63 thsn-bg-color-over-image\" data-id=\"aa58f63\" data-element_type=\"column\" data-e-type=\"column\">\n\t\t\t<div class=\"elementor-widget-wrap elementor-element-populated\">\n\t\t\t\t\t\t<div class=\"elementor-element elementor-element-f463969 elementor-widget elementor-widget-heading\" data-id=\"f463969\" data-element_type=\"widget\" data-e-type=\"widget\" data-widget_type=\"heading.default\">\n\t\t\t\t<div class=\"elementor-widget-container\">\n\t\t\t\t\t<h5 class=\"elementor-heading-title elementor-size-default\">9 MAR 2018<\/h5>\t\t\t\t<\/div>\n\t\t\t\t<\/div>\n\t\t\t\t\t<\/div>\n\t\t<\/div>\n\t\t\t\t<div class=\"elementor-column elementor-col-25 elementor-top-column elementor-element elementor-element-6e11037 thsn-bg-color-over-image\" data-id=\"6e11037\" data-element_type=\"column\" data-e-type=\"column\">\n\t\t\t<div class=\"elementor-widget-wrap elementor-element-populated\">\n\t\t\t\t\t\t<div class=\"elementor-element elementor-element-588f231 elementor-widget elementor-widget-heading\" data-id=\"588f231\" data-element_type=\"widget\" data-e-type=\"widget\" data-widget_type=\"heading.default\">\n\t\t\t\t<div class=\"elementor-widget-container\">\n\t\t\t\t\t<h6 class=\"elementor-heading-title elementor-size-default\">NB - Profil EMT 2022<\/h6>\t\t\t\t<\/div>\n\t\t\t\t<\/div>\n\t\t\t\t\t<\/div>\n\t\t<\/div>\n\t\t\t\t<div class=\"elementor-column elementor-col-25 elementor-top-column elementor-element elementor-element-9804f71 thsn-bg-color-over-image\" data-id=\"9804f71\" data-element_type=\"column\" data-e-type=\"column\">\n\t\t\t<div class=\"elementor-widget-wrap elementor-element-populated\">\n\t\t\t\t\t\t<div class=\"elementor-element elementor-element-fea3f0c elementor-widget elementor-widget-text-editor\" data-id=\"fea3f0c\" data-element_type=\"widget\" data-e-type=\"widget\" data-widget_type=\"text-editor.default\">\n\t\t\t\t<div class=\"elementor-widget-container\">\n\t\t\t\t\t\t\t\t\t<a href=\"http:\/\/www.panb.ca\/files\/Final%20EMT%20Competency%20Profile%20Sept%202022.pdf\" target=\"_blank\"\/><img decoding=\"async\" class=\"aligncenter\" src=\"http:\/\/www.panb.ca\/images\/pdf.png\" alt=\"pdf file\" \/><\/a>\t\t\t\t\t\t\t\t<\/div>\n\t\t\t\t<\/div>\n\t\t\t\t\t<\/div>\n\t\t<\/div>\n\t\t\t\t<div class=\"elementor-column elementor-col-25 elementor-top-column elementor-element elementor-element-323ad8d thsn-bg-color-over-image\" data-id=\"323ad8d\" data-element_type=\"column\" data-e-type=\"column\">\n\t\t\t<div class=\"elementor-widget-wrap\">\n\t\t\t\t\t\t\t<\/div>\n\t\t<\/div>\n\t\t\t\t\t<\/div>\n\t\t<\/section>\n\t\t\t\t<\/div>\n\t\t","protected":false},"excerpt":{"rendered":"<p>Champ d&rsquo;application Au Nouveau-Brunswick, les ambulanciers param\u00e9dicaux exercent actuellement au niveau du profil national des comp\u00e9tences professionnelles de 2011, tel qu&rsquo;\u00e9tabli dans les r\u00e8glements de l&rsquo;Association. Chaque ann\u00e9e, les m\u00e9decins acqui\u00e8rent soixante-quatre (64) cr\u00e9dits de formation \u00e0 partir d&rsquo;une combinaison de contacts avec les patients, de formations fournies par l&#8217;employeur, de cours de courte dur\u00e9e, de cours en ligne, de revues et d&rsquo;activit\u00e9s de b\u00e9n\u00e9volat. Cela permet au praticien de[&hellip;]<\/p>\n","protected":false},"author":1,"featured_media":0,"parent":71423,"menu_order":6,"comment_status":"closed","ping_status":"closed","template":"","meta":{"_acf_changed":false,"footnotes":""},"class_list":["post-71681","page","type-page","status-publish","hentry"],"acf":[],"_links":{"self":[{"href":"https:\/\/panb.ca\/fr\/wp-json\/wp\/v2\/pages\/71681","targetHints":{"allow":["GET"]}}],"collection":[{"href":"https:\/\/panb.ca\/fr\/wp-json\/wp\/v2\/pages"}],"about":[{"href":"https:\/\/panb.ca\/fr\/wp-json\/wp\/v2\/types\/page"}],"author":[{"embeddable":true,"href":"https:\/\/panb.ca\/fr\/wp-json\/wp\/v2\/users\/1"}],"replies":[{"embeddable":true,"href":"https:\/\/panb.ca\/fr\/wp-json\/wp\/v2\/comments?post=71681"}],"version-history":[{"count":18,"href":"https:\/\/panb.ca\/fr\/wp-json\/wp\/v2\/pages\/71681\/revisions"}],"predecessor-version":[{"id":79860,"href":"https:\/\/panb.ca\/fr\/wp-json\/wp\/v2\/pages\/71681\/revisions\/79860"}],"up":[{"embeddable":true,"href":"https:\/\/panb.ca\/fr\/wp-json\/wp\/v2\/pages\/71423"}],"wp:attachment":[{"href":"https:\/\/panb.ca\/fr\/wp-json\/wp\/v2\/media?parent=71681"}],"curies":[{"name":"wp","href":"https:\/\/api.w.org\/{rel}","templated":true}]}}