{"id":71686,"date":"2019-07-12T17:52:30","date_gmt":"2019-07-12T21:52:30","guid":{"rendered":"https:\/\/101d955997.nxcli.io\/?page_id=71686"},"modified":"2025-05-14T13:30:33","modified_gmt":"2025-05-14T17:30:33","slug":"lignes-directrices-de-lapnb-en-matiere-de-medias-sociaux","status":"publish","type":"page","link":"https:\/\/panb.ca\/fr\/exercice-de-la-profession\/lignes-directrices-de-lapnb-en-matiere-de-medias-sociaux\/","title":{"rendered":"Lignes directrices pour l&rsquo;utilisation des m\u00e9dias sociaux"},"content":{"rendered":"\t\t<div data-elementor-type=\"wp-page\" data-elementor-id=\"71686\" class=\"elementor elementor-71686 elementor-1856\">\n\t\t\t\t\t\t<section class=\"elementor-section elementor-top-section elementor-element elementor-element-2ab69f2 thsn-col-stretched-none thsn-bg-color-over-image elementor-section-boxed elementor-section-height-default elementor-section-height-default\" data-id=\"2ab69f2\" data-element_type=\"section\" data-e-type=\"section\">\n\t\t\t\t\t\t<div class=\"elementor-container elementor-column-gap-default\">\n\t\t\t\t\t<div class=\"elementor-column elementor-col-100 elementor-top-column elementor-element elementor-element-4e57dec thsn-bg-color-over-image\" data-id=\"4e57dec\" data-element_type=\"column\" data-e-type=\"column\">\n\t\t\t<div class=\"elementor-widget-wrap elementor-element-populated\">\n\t\t\t\t\t\t<div class=\"elementor-element elementor-element-d667e82 elementor-widget elementor-widget-heading\" data-id=\"d667e82\" data-element_type=\"widget\" data-e-type=\"widget\" data-widget_type=\"heading.default\">\n\t\t\t\t<div class=\"elementor-widget-container\">\n\t\t\t\t\t<h1 class=\"elementor-heading-title elementor-size-default\">Lignes directrices pour les m\u00e9dias sociaux<\/h1>\t\t\t\t<\/div>\n\t\t\t\t<\/div>\n\t\t\t\t\t<\/div>\n\t\t<\/div>\n\t\t\t\t\t<\/div>\n\t\t<\/section>\n\t\t\t\t<section class=\"elementor-section elementor-top-section elementor-element elementor-element-704fa9a thsn-col-stretched-none thsn-bg-color-over-image elementor-section-boxed elementor-section-height-default elementor-section-height-default\" data-id=\"704fa9a\" data-element_type=\"section\" data-e-type=\"section\">\n\t\t\t\t\t\t<div class=\"elementor-container elementor-column-gap-default\">\n\t\t\t\t\t<div class=\"elementor-column elementor-col-100 elementor-top-column elementor-element elementor-element-47082ed thsn-bg-color-over-image\" data-id=\"47082ed\" data-element_type=\"column\" data-e-type=\"column\">\n\t\t\t<div class=\"elementor-widget-wrap elementor-element-populated\">\n\t\t\t\t\t\t<div class=\"elementor-element elementor-element-20ad42d elementor-widget elementor-widget-text-editor\" data-id=\"20ad42d\" data-element_type=\"widget\" data-e-type=\"widget\" data-widget_type=\"text-editor.default\">\n\t\t\t\t<div class=\"elementor-widget-container\">\n\t\t\t\t\t\t\t\t\t<p>L&rsquo;Association des param\u00e9dics du Nouveau-Brunswick consid\u00e8re que les \u00ab\u00a0m\u00e9dias sociaux\u00a0\u00bb sont des outils bas\u00e9s sur Internet qui permettent aux individus de partager des informations, des id\u00e9es, des images ou d&rsquo;autres contenus et, dans certains cas, d&rsquo;interagir en temps r\u00e9el.<\/p><p>Ces lignes directrices ont \u00e9t\u00e9 pr\u00e9par\u00e9es pour donner aux membres des PANB un cadre pour leur utilisation des m\u00e9dias sociaux.<\/p>\t\t\t\t\t\t\t\t<\/div>\n\t\t\t\t<\/div>\n\t\t\t\t\t<\/div>\n\t\t<\/div>\n\t\t\t\t\t<\/div>\n\t\t<\/section>\n\t\t\t\t<section class=\"elementor-section elementor-top-section elementor-element elementor-element-b5385ce thsn-col-stretched-none thsn-bg-color-over-image elementor-section-boxed elementor-section-height-default elementor-section-height-default\" data-id=\"b5385ce\" data-element_type=\"section\" data-e-type=\"section\">\n\t\t\t\t\t\t<div class=\"elementor-container elementor-column-gap-default\">\n\t\t\t\t\t<div class=\"elementor-column elementor-col-25 elementor-top-column elementor-element elementor-element-e31bb4c thsn-bg-color-over-image\" data-id=\"e31bb4c\" data-element_type=\"column\" data-e-type=\"column\">\n\t\t\t<div class=\"elementor-widget-wrap elementor-element-populated\">\n\t\t\t\t\t\t<div class=\"elementor-element elementor-element-9e8515a elementor-widget elementor-widget-heading\" data-id=\"9e8515a\" data-element_type=\"widget\" data-e-type=\"widget\" data-widget_type=\"heading.default\">\n\t\t\t\t<div class=\"elementor-widget-container\">\n\t\t\t\t\t<h5 class=\"elementor-heading-title elementor-size-default\">8 MAR 2018<\/h5>\t\t\t\t<\/div>\n\t\t\t\t<\/div>\n\t\t\t\t\t<\/div>\n\t\t<\/div>\n\t\t\t\t<div class=\"elementor-column elementor-col-25 elementor-top-column elementor-element elementor-element-985587f thsn-bg-color-over-image\" data-id=\"985587f\" data-element_type=\"column\" data-e-type=\"column\">\n\t\t\t<div class=\"elementor-widget-wrap elementor-element-populated\">\n\t\t\t\t\t\t<div class=\"elementor-element elementor-element-43fd761 elementor-widget elementor-widget-heading\" data-id=\"43fd761\" data-element_type=\"widget\" data-e-type=\"widget\" data-widget_type=\"heading.default\">\n\t\t\t\t<div class=\"elementor-widget-container\">\n\t\t\t\t\t<h6 class=\"elementor-heading-title elementor-size-default\">Lignes directrices pour les m\u00e9dias sociaux<\/h6>\t\t\t\t<\/div>\n\t\t\t\t<\/div>\n\t\t\t\t\t<\/div>\n\t\t<\/div>\n\t\t\t\t<div class=\"elementor-column elementor-col-25 elementor-top-column elementor-element elementor-element-c81a0cd thsn-bg-color-over-image\" data-id=\"c81a0cd\" data-element_type=\"column\" data-e-type=\"column\">\n\t\t\t<div class=\"elementor-widget-wrap elementor-element-populated\">\n\t\t\t\t\t\t<div class=\"elementor-element elementor-element-6aa8612 elementor-widget elementor-widget-text-editor\" data-id=\"6aa8612\" data-element_type=\"widget\" data-e-type=\"widget\" data-widget_type=\"text-editor.default\">\n\t\t\t\t<div class=\"elementor-widget-container\">\n\t\t\t\t\t\t\t\t\t<a href=\"http:\/\/www.panb.ca\/files\/Social%20media%20guidelines.pdf\" target=\"_blank\"\/><img decoding=\"async\" class=\"aligncenter\" src=\"http:\/\/www.panb.ca\/images\/pdf.png\" alt=\"pdf file\" \/><\/a>\t\t\t\t\t\t\t\t<\/div>\n\t\t\t\t<\/div>\n\t\t\t\t\t<\/div>\n\t\t<\/div>\n\t\t\t\t<div class=\"elementor-column elementor-col-25 elementor-top-column elementor-element elementor-element-aa0b3a3 thsn-bg-color-over-image\" data-id=\"aa0b3a3\" data-element_type=\"column\" data-e-type=\"column\">\n\t\t\t<div class=\"elementor-widget-wrap\">\n\t\t\t\t\t\t\t<\/div>\n\t\t<\/div>\n\t\t\t\t\t<\/div>\n\t\t<\/section>\n\t\t\t\t<\/div>\n\t\t","protected":false},"excerpt":{"rendered":"<p>Lignes directrices pour les m\u00e9dias sociaux L&rsquo;Association des param\u00e9dics du Nouveau-Brunswick consid\u00e8re que les \u00ab\u00a0m\u00e9dias sociaux\u00a0\u00bb sont des outils bas\u00e9s sur Internet qui permettent aux individus de partager des informations, des id\u00e9es, des images ou d&rsquo;autres contenus et, dans certains cas, d&rsquo;interagir en temps r\u00e9el. Ces lignes directrices ont \u00e9t\u00e9 pr\u00e9par\u00e9es pour donner aux membres des PANB un cadre pour leur utilisation des m\u00e9dias sociaux. 8 MAR 2018 Lignes directrices[&hellip;]<\/p>\n","protected":false},"author":1,"featured_media":0,"parent":71423,"menu_order":7,"comment_status":"closed","ping_status":"closed","template":"","meta":{"_acf_changed":false,"footnotes":""},"class_list":["post-71686","page","type-page","status-publish","hentry"],"acf":[],"_links":{"self":[{"href":"https:\/\/panb.ca\/fr\/wp-json\/wp\/v2\/pages\/71686","targetHints":{"allow":["GET"]}}],"collection":[{"href":"https:\/\/panb.ca\/fr\/wp-json\/wp\/v2\/pages"}],"about":[{"href":"https:\/\/panb.ca\/fr\/wp-json\/wp\/v2\/types\/page"}],"author":[{"embeddable":true,"href":"https:\/\/panb.ca\/fr\/wp-json\/wp\/v2\/users\/1"}],"replies":[{"embeddable":true,"href":"https:\/\/panb.ca\/fr\/wp-json\/wp\/v2\/comments?post=71686"}],"version-history":[{"count":15,"href":"https:\/\/panb.ca\/fr\/wp-json\/wp\/v2\/pages\/71686\/revisions"}],"predecessor-version":[{"id":79863,"href":"https:\/\/panb.ca\/fr\/wp-json\/wp\/v2\/pages\/71686\/revisions\/79863"}],"up":[{"embeddable":true,"href":"https:\/\/panb.ca\/fr\/wp-json\/wp\/v2\/pages\/71423"}],"wp:attachment":[{"href":"https:\/\/panb.ca\/fr\/wp-json\/wp\/v2\/media?parent=71686"}],"curies":[{"name":"wp","href":"https:\/\/api.w.org\/{rel}","templated":true}]}}