{"id":71696,"date":"2018-02-23T05:46:16","date_gmt":"2018-02-23T09:46:16","guid":{"rendered":"https:\/\/101d955997.nxcli.io\/?page_id=71696"},"modified":"2025-05-10T15:45:59","modified_gmt":"2025-05-10T19:45:59","slug":"sante-mentale","status":"publish","type":"page","link":"https:\/\/panb.ca\/fr\/ressources\/sante-mentale\/","title":{"rendered":"Sant\u00e9 mentale"},"content":{"rendered":"\t\t<div data-elementor-type=\"wp-page\" data-elementor-id=\"71696\" class=\"elementor elementor-71696 elementor-1874\">\n\t\t\t\t\t\t<section class=\"elementor-section elementor-top-section elementor-element elementor-element-1673746 thsn-col-stretched-none thsn-bg-color-over-image elementor-section-boxed elementor-section-height-default elementor-section-height-default\" data-id=\"1673746\" data-element_type=\"section\" data-e-type=\"section\">\n\t\t\t\t\t\t<div class=\"elementor-container elementor-column-gap-default\">\n\t\t\t\t\t<div class=\"elementor-column elementor-col-100 elementor-top-column elementor-element elementor-element-6b6b3e8 thsn-bg-color-over-image\" data-id=\"6b6b3e8\" data-element_type=\"column\" data-e-type=\"column\">\n\t\t\t<div class=\"elementor-widget-wrap elementor-element-populated\">\n\t\t\t\t\t\t<div class=\"elementor-element elementor-element-7b8e887 elementor-widget elementor-widget-heading\" data-id=\"7b8e887\" data-element_type=\"widget\" data-e-type=\"widget\" data-widget_type=\"heading.default\">\n\t\t\t\t<div class=\"elementor-widget-container\">\n\t\t\t\t\t<h1 class=\"elementor-heading-title elementor-size-default\">Avez-vous une histoire ?<\/h1>\t\t\t\t<\/div>\n\t\t\t\t<\/div>\n\t\t\t\t\t<\/div>\n\t\t<\/div>\n\t\t\t\t\t<\/div>\n\t\t<\/section>\n\t\t\t\t<section class=\"elementor-section elementor-top-section elementor-element elementor-element-zd0h9m8 thsn-col-stretched-none thsn-bg-color-over-image elementor-section-boxed elementor-section-height-default elementor-section-height-default\" data-id=\"zd0h9m8\" data-element_type=\"section\" data-e-type=\"section\">\n\t\t\t\t\t\t<div class=\"elementor-container elementor-column-gap-extended\">\n\t\t\t\t\t<div class=\"elementor-column elementor-col-50 elementor-top-column elementor-element elementor-element-4mjxzoc thsn-bg-color-over-image\" data-id=\"4mjxzoc\" data-element_type=\"column\" data-e-type=\"column\">\n\t\t\t<div class=\"elementor-widget-wrap elementor-element-populated\">\n\t\t\t\t\t\t<div class=\"elementor-element elementor-element-w81o256 elementor-widget elementor-widget-text-editor\" data-id=\"w81o256\" data-element_type=\"widget\" data-e-type=\"widget\" data-widget_type=\"text-editor.default\">\n\t\t\t\t<div class=\"elementor-widget-container\">\n\t\t\t\t\t\t\t\t\t<p>Nous recherchons VOTRE histoire, quelque chose qui inspirera et motivera vos pairs \u00e0 adopter une attitude plus positive dans leur propre vie. Parfois, c&rsquo;est le plus petit geste qui peut aider quelqu&rsquo;un dans le besoin. Vous pouvez nous trouver \u00e0 l&rsquo;adresse <a href=\"mailto:yourstory@panb.ca?subject=This%20is%20my%20story\">yourstory@panb.ca<\/a> et, si vous le souhaitez, nous respecterons votre anonymat.<\/p>\n\t\t\t\t\t\t\t\t<\/div>\n\t\t\t\t<\/div>\n\t\t\t\t\t<\/div>\n\t\t<\/div>\n\t\t\t\t<div class=\"elementor-column elementor-col-50 elementor-top-column elementor-element elementor-element-5f616c5 thsn-bg-color-over-image\" data-id=\"5f616c5\" data-element_type=\"column\" data-e-type=\"column\">\n\t\t\t<div class=\"elementor-widget-wrap elementor-element-populated\">\n\t\t\t\t\t\t<div class=\"elementor-element elementor-element-714b55f elementor-widget elementor-widget-image\" data-id=\"714b55f\" data-element_type=\"widget\" data-e-type=\"widget\" data-widget_type=\"image.default\">\n\t\t\t\t<div class=\"elementor-widget-container\">\n\t\t\t\t\t\t\t\t\t\t\t\t\t\t\t<img fetchpriority=\"high\" decoding=\"async\" width=\"660\" height=\"371\" src=\"https:\/\/panb.ca\/wp-content\/uploads\/2021\/09\/your_story.jpg\" class=\"attachment-large size-large wp-image-1877\" alt=\"\" srcset=\"https:\/\/panb.ca\/wp-content\/uploads\/2021\/09\/your_story.jpg 660w, https:\/\/panb.ca\/wp-content\/uploads\/2021\/09\/your_story-600x337.jpg 600w, https:\/\/panb.ca\/wp-content\/uploads\/2021\/09\/your_story-300x169.jpg 300w\" sizes=\"(max-width: 660px) 100vw, 660px\" \/>\t\t\t\t\t\t\t\t\t\t\t\t\t\t\t<\/div>\n\t\t\t\t<\/div>\n\t\t\t\t\t<\/div>\n\t\t<\/div>\n\t\t\t\t\t<\/div>\n\t\t<\/section>\n\t\t\t\t<section class=\"elementor-section elementor-top-section elementor-element elementor-element-1c94523 thsn-col-stretched-none thsn-bg-color-over-image elementor-section-boxed elementor-section-height-default elementor-section-height-default\" data-id=\"1c94523\" data-element_type=\"section\" data-e-type=\"section\">\n\t\t\t\t\t\t<div class=\"elementor-container elementor-column-gap-default\">\n\t\t\t\t\t<div class=\"elementor-column elementor-col-100 elementor-top-column elementor-element elementor-element-15fb382 thsn-bg-color-over-image\" data-id=\"15fb382\" data-element_type=\"column\" data-e-type=\"column\">\n\t\t\t<div class=\"elementor-widget-wrap elementor-element-populated\">\n\t\t\t\t\t\t<div class=\"elementor-element elementor-element-50b066b elementor-widget elementor-widget-heading\" data-id=\"50b066b\" data-element_type=\"widget\" data-e-type=\"widget\" data-widget_type=\"heading.default\">\n\t\t\t\t<div class=\"elementor-widget-container\">\n\t\t\t\t\t<h1 class=\"elementor-heading-title elementor-size-default\">Liens sur la sant\u00e9 mentale<\/h1>\t\t\t\t<\/div>\n\t\t\t\t<\/div>\n\t\t\t\t\t<\/div>\n\t\t<\/div>\n\t\t\t\t\t<\/div>\n\t\t<\/section>\n\t\t\t\t<section class=\"elementor-section elementor-top-section elementor-element elementor-element-985c874 thsn-col-stretched-none thsn-bg-color-over-image elementor-section-boxed elementor-section-height-default elementor-section-height-default\" data-id=\"985c874\" data-element_type=\"section\" data-e-type=\"section\">\n\t\t\t\t\t\t<div class=\"elementor-container elementor-column-gap-extended\">\n\t\t\t\t\t<div class=\"elementor-column elementor-col-100 elementor-top-column elementor-element elementor-element-4d05e11 thsn-bg-color-over-image\" data-id=\"4d05e11\" data-element_type=\"column\" data-e-type=\"column\">\n\t\t\t<div class=\"elementor-widget-wrap elementor-element-populated\">\n\t\t\t\t\t\t<div class=\"elementor-element elementor-element-371fa3a elementor-widget elementor-widget-text-editor\" data-id=\"371fa3a\" data-element_type=\"widget\" data-e-type=\"widget\" data-widget_type=\"text-editor.default\">\n\t\t\t\t<div class=\"elementor-widget-container\">\n\t\t\t\t\t\t\t\t\t<div class=\"elementor-element elementor-element-47092a5 elementor-widget elementor-widget-text-editor\" style=\"font-size: 18px; color: #555555;\" data-id=\"47092a5\" data-element_type=\"widget\" data-widget_type=\"text-editor.default\">\n<div class=\"elementor-widget-container\" style=\"font-size: 18px;\">\n<div class=\"elementor-text-editor elementor-clearfix\" style=\"font-size: 18px;\">\n<div class=\"elementor-element elementor-element-47092a5 elementor-widget elementor-widget-text-editor\" data-id=\"47092a5\" data-element_type=\"widget\" data-widget_type=\"text-editor.default\">\n<div class=\"elementor-widget-container\">\n<div class=\"elementor-text-editor elementor-clearfix\">\n<h5><a href=\"http:\/\/www.gnb.ca\/0055\/contacts-e.asp\" target=\"blank\">Ressources en sant\u00e9 mentale du Nouveau-Brunswick <\/a><\/h5>\n<p class=\"smaller\">Pour plus d&rsquo;informations ou pour un rendez-vous, contactez le centre de sant\u00e9 mentale communautaire, l&rsquo;unit\u00e9 psychiatrique ou l&rsquo;h\u00f4pital le plus proche au Nouveau-Brunswick.<\/p>\n<\/div>\n<\/div>\n<\/div>\n<div class=\"elementor-element elementor-element-2c9ac53 elementor-widget elementor-widget-text-editor\" data-id=\"2c9ac53\" data-element_type=\"widget\" data-widget_type=\"text-editor.default\">\n<div class=\"elementor-widget-container\">\n<div class=\"elementor-text-editor elementor-clearfix\">\n<h5><a href=\"https:\/\/www.suicideprevention.ca\/\" target=\"blank\">Association canadienne pour la pr\u00e9vention du suicide<\/a><\/h5>\n<p class=\"smaller\">L&rsquo;Association canadienne pour la pr\u00e9vention du suicide (ACPS) a \u00e9t\u00e9 cr\u00e9\u00e9e en 1985 par un groupe de professionnels qui ont constat\u00e9 la n\u00e9cessit\u00e9 de fournir des informations et des ressources aux communaut\u00e9s afin de r\u00e9duire le taux de suicide et de minimiser les cons\u00e9quences n\u00e9fastes des comportements suicidaires.<\/p>\n<\/div>\n<\/div>\n<\/div>\n<div class=\"elementor-element elementor-element-1ea0737 elementor-widget elementor-widget-text-editor\" data-id=\"1ea0737\" data-element_type=\"widget\" data-widget_type=\"text-editor.default\">\n<div class=\"elementor-widget-container\">\n<div class=\"elementor-text-editor elementor-clearfix\">\n<h5><a href=\"https:\/\/cmha.ca\/\" target=\"blank\">Association canadienne pour la sant\u00e9 mentale <\/a><\/h5>\n<p class=\"smaller\">En tant qu&rsquo;organisation b\u00e9n\u00e9vole d&rsquo;envergure nationale, l&rsquo;Association canadienne pour la sant\u00e9 mentale promeut la sant\u00e9 mentale de tous et soutient la r\u00e9silience et le r\u00e9tablissement des personnes atteintes de maladie mentale. L&rsquo;ACSM accomplit cette mission par le biais de la d\u00e9fense des droits, de l&rsquo;\u00e9ducation, de la recherche et des services.<\/p>\n<\/div>\n<\/div>\n<\/div>\n<div class=\"elementor-element elementor-element-d14d273 elementor-widget elementor-widget-text-editor\" data-id=\"d14d273\" data-element_type=\"widget\" data-widget_type=\"text-editor.default\">\n<div class=\"elementor-widget-container\">\n<div class=\"elementor-text-editor elementor-clearfix\">\n<h5><a href=\"https:\/\/www.cpa.ca\/\" target=\"blank\">Association canadienne de psychologie <\/a><\/h5>\n<p class=\"smaller\">La Soci\u00e9t\u00e9 canadienne de psychologie (SCP) est l&rsquo;organisation professionnelle b\u00e9n\u00e9vole repr\u00e9sentant la psychologie. Les psychologues et les associ\u00e9s en psychologie sont sp\u00e9cialis\u00e9s dans le traitement du SSPT, des traumatismes li\u00e9s au stress op\u00e9rationnel, des troubles de l&rsquo;humeur et d&rsquo;autres probl\u00e8mes de sant\u00e9 mentale affectant les personnes travaillant dans les services correctionnels, les services d&rsquo;urgence et les services militaires.<\/p>\n<\/div>\n<\/div>\n<\/div>\n<div class=\"elementor-element elementor-element-1362253 elementor-widget elementor-widget-text-editor\" data-id=\"1362253\" data-element_type=\"widget\" data-widget_type=\"text-editor.default\">\n<div class=\"elementor-widget-container\">\n<div class=\"elementor-text-editor elementor-clearfix\">\n<h5><a href=\"https:\/\/copecanada.com\/\" target=\"blank\">C.O.P.E (Couples Overcoming PTSD Everyday) (Couples surmontant le stress au quotidien) <\/a><\/h5>\n<p class=\"smaller\">\u00ab\u00a0COPE (Couples Overcoming PTSD Everyday) est un programme nouveau et innovant qui utilise la puissance du \u00ab\u00a0groupe\u00a0\u00bb pour apprendre \u00e0 g\u00e9rer le stress post-traumatique \u00e0 la maison. En traitant la personne diagnostiqu\u00e9e comme souffrant d&rsquo;un syndrome de stress post-traumatique de mani\u00e8re isol\u00e9e, on passe \u00e0 c\u00f4t\u00e9 d&rsquo;un \u00e9l\u00e9ment majeur sur la voie d&rsquo;une meilleure sant\u00e9 et d&rsquo;une vie plus heureuse.<\/p>\n<\/div>\n<\/div>\n<\/div>\n<div class=\"elementor-element elementor-element-23cfbd0 elementor-widget elementor-widget-text-editor\" data-id=\"23cfbd0\" data-element_type=\"widget\" data-widget_type=\"text-editor.default\">\n<div class=\"elementor-widget-container\">\n<div class=\"elementor-text-editor elementor-clearfix\">\n<h5><a href=\"https:\/\/www.tema.ca\/\" target=\"blank\">Fonds comm\u00e9moratif Tema Conter <\/a><\/h5>\n<p class=\"smaller\">Le Tema Conter Memorial Trust est le principal fournisseur canadien de soutien par les pairs, d&rsquo;assistance aux familles, d&rsquo;\u00e9ducation et de formation pour les services d&rsquo;urgence, la s\u00e9curit\u00e9 publique, le personnel militaire et leurs familles.<\/p>\n<\/div>\n<\/div>\n<\/div>\n<\/div>\n<\/div>\n<\/div>\n\t\t\t\t\t\t\t\t<\/div>\n\t\t\t\t<\/div>\n\t\t\t\t\t<\/div>\n\t\t<\/div>\n\t\t\t\t\t<\/div>\n\t\t<\/section>\n\t\t\t\t<\/div>\n\t\t","protected":false},"excerpt":{"rendered":"<p>Avez-vous une histoire ? Nous recherchons VOTRE histoire, quelque chose qui inspirera et motivera vos pairs \u00e0 adopter une attitude plus positive dans leur propre vie. Parfois, c&rsquo;est le plus petit geste qui peut aider quelqu&rsquo;un dans le besoin. Vous pouvez nous trouver \u00e0 l&rsquo;adresse yourstory@panb.ca et, si vous le souhaitez, nous respecterons votre anonymat. Liens sur la sant\u00e9 mentale Ressources en sant\u00e9 mentale du Nouveau-Brunswick Pour plus d&rsquo;informations ou[&hellip;]<\/p>\n","protected":false},"author":1,"featured_media":0,"parent":71691,"menu_order":2,"comment_status":"closed","ping_status":"closed","template":"","meta":{"_acf_changed":false,"footnotes":""},"class_list":["post-71696","page","type-page","status-publish","hentry"],"acf":[],"_links":{"self":[{"href":"https:\/\/panb.ca\/fr\/wp-json\/wp\/v2\/pages\/71696","targetHints":{"allow":["GET"]}}],"collection":[{"href":"https:\/\/panb.ca\/fr\/wp-json\/wp\/v2\/pages"}],"about":[{"href":"https:\/\/panb.ca\/fr\/wp-json\/wp\/v2\/types\/page"}],"author":[{"embeddable":true,"href":"https:\/\/panb.ca\/fr\/wp-json\/wp\/v2\/users\/1"}],"replies":[{"embeddable":true,"href":"https:\/\/panb.ca\/fr\/wp-json\/wp\/v2\/comments?post=71696"}],"version-history":[{"count":11,"href":"https:\/\/panb.ca\/fr\/wp-json\/wp\/v2\/pages\/71696\/revisions"}],"predecessor-version":[{"id":79552,"href":"https:\/\/panb.ca\/fr\/wp-json\/wp\/v2\/pages\/71696\/revisions\/79552"}],"up":[{"embeddable":true,"href":"https:\/\/panb.ca\/fr\/wp-json\/wp\/v2\/pages\/71691"}],"wp:attachment":[{"href":"https:\/\/panb.ca\/fr\/wp-json\/wp\/v2\/media?parent=71696"}],"curies":[{"name":"wp","href":"https:\/\/api.w.org\/{rel}","templated":true}]}}