{"id":71701,"date":"2018-02-24T06:02:08","date_gmt":"2018-02-24T10:02:08","guid":{"rendered":"https:\/\/101d955997.nxcli.io\/?page_id=71701"},"modified":"2025-05-14T13:41:08","modified_gmt":"2025-05-14T17:41:08","slug":"liens-aux-ressources","status":"publish","type":"page","link":"https:\/\/panb.ca\/fr\/ressources\/liens-aux-ressources\/","title":{"rendered":"Liens vers des ressources"},"content":{"rendered":"\t\t<div data-elementor-type=\"wp-page\" data-elementor-id=\"71701\" class=\"elementor elementor-71701 elementor-1898\">\n\t\t\t\t\t\t<section class=\"elementor-section elementor-top-section elementor-element elementor-element-ee6d79e thsn-col-stretched-none thsn-bg-color-over-image elementor-section-boxed elementor-section-height-default elementor-section-height-default\" data-id=\"ee6d79e\" data-element_type=\"section\" data-e-type=\"section\">\n\t\t\t\t\t\t<div class=\"elementor-container elementor-column-gap-default\">\n\t\t\t\t\t<div class=\"elementor-column elementor-col-100 elementor-top-column elementor-element elementor-element-144d2a9 thsn-bg-color-over-image\" data-id=\"144d2a9\" data-element_type=\"column\" data-e-type=\"column\">\n\t\t\t<div class=\"elementor-widget-wrap elementor-element-populated\">\n\t\t\t\t\t\t<div class=\"elementor-element elementor-element-f76a354 elementor-widget elementor-widget-heading\" data-id=\"f76a354\" data-element_type=\"widget\" data-e-type=\"widget\" data-widget_type=\"heading.default\">\n\t\t\t\t<div class=\"elementor-widget-container\">\n\t\t\t\t\t<h1 class=\"elementor-heading-title elementor-size-default\">Associations nationales<\/h1>\t\t\t\t<\/div>\n\t\t\t\t<\/div>\n\t\t\t\t\t<\/div>\n\t\t<\/div>\n\t\t\t\t\t<\/div>\n\t\t<\/section>\n\t\t\t\t<section class=\"elementor-section elementor-top-section elementor-element elementor-element-704fa9a thsn-col-stretched-none thsn-bg-color-over-image elementor-section-boxed elementor-section-height-default elementor-section-height-default\" data-id=\"704fa9a\" data-element_type=\"section\" data-e-type=\"section\">\n\t\t\t\t\t\t<div class=\"elementor-container elementor-column-gap-default\">\n\t\t\t\t\t<div class=\"elementor-column elementor-col-100 elementor-top-column elementor-element elementor-element-47082ed thsn-bg-color-over-image\" data-id=\"47082ed\" data-element_type=\"column\" data-e-type=\"column\">\n\t\t\t<div class=\"elementor-widget-wrap elementor-element-populated\">\n\t\t\t\t\t\t<div class=\"elementor-element elementor-element-20ad42d elementor-widget elementor-widget-text-editor\" data-id=\"20ad42d\" data-element_type=\"widget\" data-e-type=\"widget\" data-widget_type=\"text-editor.default\">\n\t\t\t\t<div class=\"elementor-widget-container\">\n\t\t\t\t\t\t\t\t\t<p><br \/><a href=\"http:\/\/www.paramedicchiefs.ca\/\" target=\"blank\">Chefs des services param\u00e9dicaux du Canada.<\/a><\/p>\t\t\t\t\t\t\t\t<\/div>\n\t\t\t\t<\/div>\n\t\t\t\t\t<\/div>\n\t\t<\/div>\n\t\t\t\t\t<\/div>\n\t\t<\/section>\n\t\t\t\t<section class=\"elementor-section elementor-top-section elementor-element elementor-element-73f1c46 thsn-col-stretched-none thsn-bg-color-over-image elementor-section-boxed elementor-section-height-default elementor-section-height-default\" data-id=\"73f1c46\" data-element_type=\"section\" data-e-type=\"section\">\n\t\t\t\t\t\t<div class=\"elementor-container elementor-column-gap-default\">\n\t\t\t\t\t<div class=\"elementor-column elementor-col-100 elementor-top-column elementor-element elementor-element-668bc0f thsn-bg-color-over-image\" data-id=\"668bc0f\" data-element_type=\"column\" data-e-type=\"column\">\n\t\t\t<div class=\"elementor-widget-wrap elementor-element-populated\">\n\t\t\t\t\t\t<div class=\"elementor-element elementor-element-1f471e2 elementor-widget elementor-widget-heading\" data-id=\"1f471e2\" data-element_type=\"widget\" data-e-type=\"widget\" data-widget_type=\"heading.default\">\n\t\t\t\t<div class=\"elementor-widget-container\">\n\t\t\t\t\t<h1 class=\"elementor-heading-title elementor-size-default\">Organismes provinciaux de r\u00e9glementation des services param\u00e9dicaux\n<\/h1>\t\t\t\t<\/div>\n\t\t\t\t<\/div>\n\t\t\t\t\t<\/div>\n\t\t<\/div>\n\t\t\t\t\t<\/div>\n\t\t<\/section>\n\t\t\t\t<section class=\"elementor-section elementor-top-section elementor-element elementor-element-7758687 thsn-col-stretched-none thsn-bg-color-over-image elementor-section-boxed elementor-section-height-default elementor-section-height-default\" data-id=\"7758687\" data-element_type=\"section\" data-e-type=\"section\">\n\t\t\t\t\t\t<div class=\"elementor-container elementor-column-gap-default\">\n\t\t\t\t\t<div class=\"elementor-column elementor-col-100 elementor-top-column elementor-element elementor-element-378b80f thsn-bg-color-over-image\" data-id=\"378b80f\" data-element_type=\"column\" data-e-type=\"column\">\n\t\t\t<div class=\"elementor-widget-wrap elementor-element-populated\">\n\t\t\t\t\t\t<div class=\"elementor-element elementor-element-9e0c0db elementor-widget elementor-widget-text-editor\" data-id=\"9e0c0db\" data-element_type=\"widget\" data-e-type=\"widget\" data-widget_type=\"text-editor.default\">\n\t\t\t\t<div class=\"elementor-widget-container\">\n\t\t\t\t\t\t\t\t\t<p><a href=\"http:\/\/www.copr.ca\/\" target=\"blank\">Organisation canadienne des r\u00e9gulateurs param\u00e9dicaux (COPR)<\/a><br>\n<a href=\"https:\/\/yukoncareerpaths.ca\/career-profiles\/paramedic\" target=\"blank\">Yukon<\/a><a href=\"http:\/\/www2.gov.bc.ca\/gov\/content\/health\/about-bc-s-health-care-system\/partners\/colleges-boards-and-commissions\/emergency-medical-assistants-licensing-board\" target=\"blank\"><br>\nColombie Britannique<\/a><br>\n<a href=\"https:\/\/abparamedics.com\/\" target=\"blank\">Alberta<\/a><br>\n<a href=\"http:\/\/collegeofparamedics.sk.ca\/\" target=\"blank\">Saskatchewan<\/a><br>\n<a href=\"https:\/\/collegeparamb.ca\/\" target=\"blank\">Manitoba<\/a><br>\n<a href=\"http:\/\/www.health.gov.on.ca\/english\/providers\/program\/ambul\/ehs_mn.html\" target=\"blank\">Ontario<\/a><br>\n<a href=\"https:\/\/www.prehospitalierquebec.ca\/prehospitalier\/registre-national\/\" target=\"blank\">Qu\u00e9bec<\/a><br>\n<a href=\"http:\/\/panb.ca\/\" target=\"blank\">Nouveau-Brunswick<\/a><br>\n<a href=\"https:\/\/www.cpns.ca\/\" target=\"blank\">Nouvelle-\u00c9cosse<\/a><br>\n<a href=\"https:\/\/www.princeedwardisland.ca\/en\/service\/emergency-medical-technician-emt-licence-application\" target=\"blank\">\u00cele-du-Prince-\u00c9douard<\/a><br>\n<a href=\"https:\/\/www.gov.nl.ca\/hcs\/ehps\/nlpr\/\" target=\"blank\">Terre-Neuve et Labrador<\/a>&nbsp;<\/p>\t\t\t\t\t\t\t\t<\/div>\n\t\t\t\t<\/div>\n\t\t\t\t\t<\/div>\n\t\t<\/div>\n\t\t\t\t\t<\/div>\n\t\t<\/section>\n\t\t\t\t<section class=\"elementor-section elementor-top-section elementor-element elementor-element-19455c8 thsn-col-stretched-none thsn-bg-color-over-image elementor-section-boxed elementor-section-height-default elementor-section-height-default\" data-id=\"19455c8\" data-element_type=\"section\" data-e-type=\"section\">\n\t\t\t\t\t\t<div class=\"elementor-container elementor-column-gap-default\">\n\t\t\t\t\t<div class=\"elementor-column elementor-col-100 elementor-top-column elementor-element elementor-element-85c13dc thsn-bg-color-over-image\" data-id=\"85c13dc\" data-element_type=\"column\" data-e-type=\"column\">\n\t\t\t<div class=\"elementor-widget-wrap elementor-element-populated\">\n\t\t\t\t\t\t<div class=\"elementor-element elementor-element-9311a4d elementor-widget elementor-widget-heading\" data-id=\"9311a4d\" data-element_type=\"widget\" data-e-type=\"widget\" data-widget_type=\"heading.default\">\n\t\t\t\t<div class=\"elementor-widget-container\">\n\t\t\t\t\t<h1 class=\"elementor-heading-title elementor-size-default\">Gouvernement du Nouveau-Brunswick\n<\/h1>\t\t\t\t<\/div>\n\t\t\t\t<\/div>\n\t\t\t\t\t<\/div>\n\t\t<\/div>\n\t\t\t\t\t<\/div>\n\t\t<\/section>\n\t\t\t\t<section class=\"elementor-section elementor-top-section elementor-element elementor-element-7db6551 thsn-col-stretched-none thsn-bg-color-over-image elementor-section-boxed elementor-section-height-default elementor-section-height-default\" data-id=\"7db6551\" data-element_type=\"section\" data-e-type=\"section\">\n\t\t\t\t\t\t<div class=\"elementor-container elementor-column-gap-default\">\n\t\t\t\t\t<div class=\"elementor-column elementor-col-100 elementor-top-column elementor-element elementor-element-2d6f6ad thsn-bg-color-over-image\" data-id=\"2d6f6ad\" data-element_type=\"column\" data-e-type=\"column\">\n\t\t\t<div class=\"elementor-widget-wrap elementor-element-populated\">\n\t\t\t\t\t\t<div class=\"elementor-element elementor-element-2f942bf elementor-widget elementor-widget-text-editor\" data-id=\"2f942bf\" data-element_type=\"widget\" data-e-type=\"widget\" data-widget_type=\"text-editor.default\">\n\t\t\t\t<div class=\"elementor-widget-container\">\n\t\t\t\t\t\t\t\t\t<p><a href=\"http:\/\/www2.gnb.ca\/content\/gnb\/en\/departments\/health.html\" target=\"blank\">Minist\u00e8re de la Sant\u00e9<\/a><a href=\"http:\/\/www.paramedic.ca\/\" target=\"blank\"><br \/><\/a><a href=\"https:\/\/ambulancenb.ca\/en\/\" target=\"blank\">Ambulance Nouveau-Brunswick<\/a><\/p>\t\t\t\t\t\t\t\t<\/div>\n\t\t\t\t<\/div>\n\t\t\t\t\t<\/div>\n\t\t<\/div>\n\t\t\t\t\t<\/div>\n\t\t<\/section>\n\t\t\t\t<section class=\"elementor-section elementor-top-section elementor-element elementor-element-40f0682 thsn-col-stretched-none thsn-bg-color-over-image elementor-section-boxed elementor-section-height-default elementor-section-height-default\" data-id=\"40f0682\" data-element_type=\"section\" data-e-type=\"section\">\n\t\t\t\t\t\t<div class=\"elementor-container elementor-column-gap-default\">\n\t\t\t\t\t<div class=\"elementor-column elementor-col-100 elementor-top-column elementor-element elementor-element-0f74f4c thsn-bg-color-over-image\" data-id=\"0f74f4c\" data-element_type=\"column\" data-e-type=\"column\">\n\t\t\t<div class=\"elementor-widget-wrap elementor-element-populated\">\n\t\t\t\t\t\t<div class=\"elementor-element elementor-element-c344e1c elementor-widget elementor-widget-heading\" data-id=\"c344e1c\" data-element_type=\"widget\" data-e-type=\"widget\" data-widget_type=\"heading.default\">\n\t\t\t\t<div class=\"elementor-widget-container\">\n\t\t\t\t\t<h1 class=\"elementor-heading-title elementor-size-default\">L'\u00e9ducation<\/h1>\t\t\t\t<\/div>\n\t\t\t\t<\/div>\n\t\t\t\t\t<\/div>\n\t\t<\/div>\n\t\t\t\t\t<\/div>\n\t\t<\/section>\n\t\t\t\t<section class=\"elementor-section elementor-top-section elementor-element elementor-element-4416067 thsn-col-stretched-none thsn-bg-color-over-image elementor-section-boxed elementor-section-height-default elementor-section-height-default\" data-id=\"4416067\" data-element_type=\"section\" data-e-type=\"section\">\n\t\t\t\t\t\t<div class=\"elementor-container elementor-column-gap-default\">\n\t\t\t\t\t<div class=\"elementor-column elementor-col-100 elementor-top-column elementor-element elementor-element-c2c26d4 thsn-bg-color-over-image\" data-id=\"c2c26d4\" data-element_type=\"column\" data-e-type=\"column\">\n\t\t\t<div class=\"elementor-widget-wrap elementor-element-populated\">\n\t\t\t\t\t\t<div class=\"elementor-element elementor-element-4cbc799 elementor-widget elementor-widget-text-editor\" data-id=\"4cbc799\" data-element_type=\"widget\" data-e-type=\"widget\" data-widget_type=\"text-editor.default\">\n\t\t\t\t<div class=\"elementor-widget-container\">\n\t\t\t\t\t\t\t\t\t<p><a href=\"http:\/\/www.medaviehealthed.com\/\" target=\"blank\">Medavie Health Ed.<\/a><br \/><a href=\"http:\/\/www.hollandcollege.com\/\" target=\"blank\">Coll\u00e8ge de Hollande<\/a><br \/><a href=\"https:\/\/www.oultoncollege.com\/\" target=\"blank\">Coll\u00e8ge d&rsquo;Oulton<\/a><br \/><a href=\"https:\/\/www.omnilifesupport.com\" target=\"blank\">Omni Life Support\u00a0<\/a><\/p>\t\t\t\t\t\t\t\t<\/div>\n\t\t\t\t<\/div>\n\t\t\t\t\t<\/div>\n\t\t<\/div>\n\t\t\t\t\t<\/div>\n\t\t<\/section>\n\t\t\t\t<\/div>\n\t\t","protected":false},"excerpt":{"rendered":"<p>Associations nationales Chefs des services param\u00e9dicaux du Canada. Organismes provinciaux de r\u00e9glementation des services param\u00e9dicaux Organisation canadienne des r\u00e9gulateurs param\u00e9dicaux (COPR) Yukon Colombie Britannique Alberta Saskatchewan Manitoba Ontario Qu\u00e9bec Nouveau-Brunswick Nouvelle-\u00c9cosse \u00cele-du-Prince-\u00c9douard Terre-Neuve et Labrador&nbsp; Gouvernement du Nouveau-Brunswick Minist\u00e8re de la Sant\u00e9Ambulance Nouveau-Brunswick L&rsquo;\u00e9ducation Medavie Health Ed.Coll\u00e8ge de HollandeColl\u00e8ge d&rsquo;OultonOmni Life Support\u00a0<\/p>\n","protected":false},"author":1,"featured_media":0,"parent":71691,"menu_order":4,"comment_status":"closed","ping_status":"closed","template":"","meta":{"_acf_changed":false,"footnotes":""},"class_list":["post-71701","page","type-page","status-publish","hentry"],"acf":[],"_links":{"self":[{"href":"https:\/\/panb.ca\/fr\/wp-json\/wp\/v2\/pages\/71701","targetHints":{"allow":["GET"]}}],"collection":[{"href":"https:\/\/panb.ca\/fr\/wp-json\/wp\/v2\/pages"}],"about":[{"href":"https:\/\/panb.ca\/fr\/wp-json\/wp\/v2\/types\/page"}],"author":[{"embeddable":true,"href":"https:\/\/panb.ca\/fr\/wp-json\/wp\/v2\/users\/1"}],"replies":[{"embeddable":true,"href":"https:\/\/panb.ca\/fr\/wp-json\/wp\/v2\/comments?post=71701"}],"version-history":[{"count":30,"href":"https:\/\/panb.ca\/fr\/wp-json\/wp\/v2\/pages\/71701\/revisions"}],"predecessor-version":[{"id":79884,"href":"https:\/\/panb.ca\/fr\/wp-json\/wp\/v2\/pages\/71701\/revisions\/79884"}],"up":[{"embeddable":true,"href":"https:\/\/panb.ca\/fr\/wp-json\/wp\/v2\/pages\/71691"}],"wp:attachment":[{"href":"https:\/\/panb.ca\/fr\/wp-json\/wp\/v2\/media?parent=71701"}],"curies":[{"name":"wp","href":"https:\/\/api.w.org\/{rel}","templated":true}]}}