{"id":77195,"date":"2023-03-18T08:11:42","date_gmt":"2023-03-18T12:11:42","guid":{"rendered":"https:\/\/101d955997.nxcli.io\/exercice-de-la-profession\/mesures-disciplinaires\/membre-2020\/"},"modified":"2023-10-02T22:53:05","modified_gmt":"2023-10-03T02:53:05","slug":"membre-2020","status":"publish","type":"page","link":"https:\/\/panb.ca\/fr\/membre-2020\/","title":{"rendered":"Membre 2020"},"content":{"rendered":"\t\t<div data-elementor-type=\"wp-page\" data-elementor-id=\"77195\" class=\"elementor elementor-77195 elementor-76263\">\n\t\t\t\t\t\t<section class=\"elementor-section elementor-top-section elementor-element elementor-element-35cf832 thsn-col-stretched-none thsn-bg-color-over-image elementor-section-boxed elementor-section-height-default elementor-section-height-default\" data-id=\"35cf832\" data-element_type=\"section\" data-e-type=\"section\">\n\t\t\t\t\t\t<div class=\"elementor-container elementor-column-gap-extended\">\n\t\t\t\t\t<div class=\"elementor-column elementor-col-100 elementor-top-column elementor-element elementor-element-7439cc2 thsn-bg-color-over-image\" data-id=\"7439cc2\" data-element_type=\"column\" data-e-type=\"column\">\n\t\t\t<div class=\"elementor-widget-wrap elementor-element-populated\">\n\t\t\t\t\t\t<div class=\"elementor-element elementor-element-edcf837 elementor-widget elementor-widget-text-editor\" data-id=\"edcf837\" data-element_type=\"widget\" data-e-type=\"widget\" data-widget_type=\"text-editor.default\">\n\t\t\t\t<div class=\"elementor-widget-container\">\n\t\t\t\t\t\t\t\t\t<h3 class=\"western\" lang=\"en-CA\" align=\"center\"><span style=\"color: #000000;\"><span lang=\"x-none\"><b>ASSOCIATION DES PARAM\u00c9DICS DU NOUVEAU-BRUNSWICK<\/b><\/span><\/span><\/h3>\n<h4 class=\"western\" lang=\"en-CA\" align=\"center\"><span style=\"color: #000000;\"><span lang=\"x-none\"><b>Avis d&rsquo;aptitude \u00e0 la pratique <\/b><\/span><\/span><span style=\"color: #000000;\"><span lang=\"en-US\"><b>Comit\u00e9 d&rsquo;aptitude \u00e0 la pratique <\/b><\/span><\/span><span style=\"color: #000000;\"><span lang=\"x-none\"><b>D\u00e9cision <\/b><\/span><\/span> <\/h4>\n\t\t\t\t\t\t\t\t<\/div>\n\t\t\t\t<\/div>\n\t\t\t\t\t<\/div>\n\t\t<\/div>\n\t\t\t\t\t<\/div>\n\t\t<\/section>\n\t\t\t\t<section class=\"elementor-section elementor-top-section elementor-element elementor-element-28fc4b1 thsn-col-stretched-none thsn-bg-color-over-image elementor-section-boxed elementor-section-height-default elementor-section-height-default\" data-id=\"28fc4b1\" data-element_type=\"section\" data-e-type=\"section\">\n\t\t\t\t\t\t<div class=\"elementor-container elementor-column-gap-default\">\n\t\t\t\t\t<div class=\"elementor-column elementor-col-16 elementor-top-column elementor-element elementor-element-6269a4d thsn-bg-color-over-image\" data-id=\"6269a4d\" data-element_type=\"column\" data-e-type=\"column\">\n\t\t\t<div class=\"elementor-widget-wrap\">\n\t\t\t\t\t\t\t<\/div>\n\t\t<\/div>\n\t\t\t\t<div class=\"elementor-column elementor-col-66 elementor-top-column elementor-element elementor-element-0ecafa8 thsn-bg-color-over-image\" data-id=\"0ecafa8\" data-element_type=\"column\" data-e-type=\"column\">\n\t\t\t<div class=\"elementor-widget-wrap elementor-element-populated\">\n\t\t\t\t\t\t<div class=\"elementor-element elementor-element-eef8a2d elementor-widget elementor-widget-text-editor\" data-id=\"eef8a2d\" data-element_type=\"widget\" data-e-type=\"widget\" data-widget_type=\"text-editor.default\">\n\t\t\t\t<div class=\"elementor-widget-container\">\n\t\t\t\t\t\t\t\t\t<p align=\"justify\">La commission d&rsquo;aptitude \u00e0 la pratique (\u00ab\u00a0commission\u00a0\u00bb) de la Paramedic Association of New<br>Brunswick, par une d\u00e9cision dat\u00e9e du 5 novembre 2020, a d\u00e9clar\u00e9 un membre coupable d&rsquo;avoir commis une faute professionnelle.<br>pour le vol de m\u00e9dicaments, leur mauvaise administration et leur utilisation personnelle sans ordonnance ou autorisation (&nbsp;).<\/p>\n<p align=\"justify\">Le Comit\u00e9 a ordonn\u00e9 que :<\/p>\n<ol>\n<li>\n<p align=\"justify\">le membre fait l&rsquo;objet d&rsquo;un bl\u00e2me et le bl\u00e2me reste dans le dossier de l&rsquo;association pendant deux ans.<br>\n(2) ans ;<\/p>\n<\/li>\n<li>\n<p align=\"justify\">il doit payer une amende de 500 dollars et des frais de 1000 dollars.<br><\/p><\/li><\/ol>\t\t\t\t\t\t\t\t<\/div>\n\t\t\t\t<\/div>\n\t\t\t\t\t<\/div>\n\t\t<\/div>\n\t\t\t\t<div class=\"elementor-column elementor-col-16 elementor-top-column elementor-element elementor-element-12fa585 thsn-bg-color-over-image\" data-id=\"12fa585\" data-element_type=\"column\" data-e-type=\"column\">\n\t\t\t<div class=\"elementor-widget-wrap\">\n\t\t\t\t\t\t\t<\/div>\n\t\t<\/div>\n\t\t\t\t\t<\/div>\n\t\t<\/section>\n\t\t\t\t<section class=\"elementor-section elementor-top-section elementor-element elementor-element-dc692cf elementor-section-stretched elementor-section-content-middle thsn-col-stretched-none thsn-bg-color-over-image elementor-section-boxed elementor-section-height-default elementor-section-height-default\" data-id=\"dc692cf\" data-element_type=\"section\" data-e-type=\"section\" data-settings=\"{&quot;stretch_section&quot;:&quot;section-stretched&quot;,&quot;background_background&quot;:&quot;classic&quot;}\">\n\t\t\t\t\t\t<div class=\"elementor-container elementor-column-gap-extended\">\n\t\t\t\t\t<div class=\"elementor-column elementor-col-100 elementor-top-column elementor-element elementor-element-94857af thsn-bg-color-over-image\" data-id=\"94857af\" data-element_type=\"column\" data-e-type=\"column\">\n\t\t\t<div class=\"elementor-widget-wrap elementor-element-populated\">\n\t\t\t\t\t\t<div class=\"elementor-element elementor-element-d755ded elementor-widget elementor-widget-text-editor\" data-id=\"d755ded\" data-element_type=\"widget\" data-e-type=\"widget\" data-widget_type=\"text-editor.default\">\n\t\t\t\t<div class=\"elementor-widget-container\">\n\t\t\t\t\t\t\t\t\t<img decoding=\"async\" src=\"http:\/\/www.panb.ca\/images\/pdf.png\" alt=\"pdf file\">\n<a href=\"http:\/\/www.panb.ca\/files\/fitness-to-practice-member-5-11-2020.pdf\">D\u00e9cision sur l&rsquo;aptitude \u00e0 exercer<\/a>\t\t\t\t\t\t\t\t<\/div>\n\t\t\t\t<\/div>\n\t\t\t\t\t<\/div>\n\t\t<\/div>\n\t\t\t\t\t<\/div>\n\t\t<\/section>\n\t\t\t\t<\/div>\n\t\t","protected":false},"excerpt":{"rendered":"<p>ASSOCIATION DES PARAM\u00c9DICS DU NOUVEAU-BRUNSWICK Avis d&rsquo;aptitude \u00e0 la pratique Comit\u00e9 d&rsquo;aptitude \u00e0 la pratique D\u00e9cision La commission d&rsquo;aptitude \u00e0 la pratique (\u00ab\u00a0commission\u00a0\u00bb) de la Paramedic Association of NewBrunswick, par une d\u00e9cision dat\u00e9e du 5 novembre 2020, a d\u00e9clar\u00e9 un membre coupable d&rsquo;avoir commis une faute professionnelle.pour le vol de m\u00e9dicaments, leur mauvaise administration et leur utilisation personnelle sans ordonnance ou autorisation (&nbsp;). Le Comit\u00e9 a ordonn\u00e9 que : le[&hellip;]<\/p>\n","protected":false},"author":1,"featured_media":0,"parent":0,"menu_order":0,"comment_status":"closed","ping_status":"closed","template":"","meta":{"_acf_changed":false,"footnotes":""},"class_list":["post-77195","page","type-page","status-publish","hentry"],"acf":[],"_links":{"self":[{"href":"https:\/\/panb.ca\/fr\/wp-json\/wp\/v2\/pages\/77195","targetHints":{"allow":["GET"]}}],"collection":[{"href":"https:\/\/panb.ca\/fr\/wp-json\/wp\/v2\/pages"}],"about":[{"href":"https:\/\/panb.ca\/fr\/wp-json\/wp\/v2\/types\/page"}],"author":[{"embeddable":true,"href":"https:\/\/panb.ca\/fr\/wp-json\/wp\/v2\/users\/1"}],"replies":[{"embeddable":true,"href":"https:\/\/panb.ca\/fr\/wp-json\/wp\/v2\/comments?post=77195"}],"version-history":[{"count":1,"href":"https:\/\/panb.ca\/fr\/wp-json\/wp\/v2\/pages\/77195\/revisions"}],"predecessor-version":[{"id":77196,"href":"https:\/\/panb.ca\/fr\/wp-json\/wp\/v2\/pages\/77195\/revisions\/77196"}],"wp:attachment":[{"href":"https:\/\/panb.ca\/fr\/wp-json\/wp\/v2\/media?parent=77195"}],"curies":[{"name":"wp","href":"https:\/\/api.w.org\/{rel}","templated":true}]}}