{"id":77197,"date":"2023-03-18T08:24:32","date_gmt":"2023-03-18T12:24:32","guid":{"rendered":"https:\/\/101d955997.nxcli.io\/exercice-de-la-profession\/mesures-disciplinaires\/membre-2022\/"},"modified":"2023-10-02T22:53:26","modified_gmt":"2023-10-03T02:53:26","slug":"membre-2022","status":"publish","type":"page","link":"https:\/\/panb.ca\/fr\/membre-2022\/","title":{"rendered":"Membre 2022"},"content":{"rendered":"\t\t<div data-elementor-type=\"wp-page\" data-elementor-id=\"77197\" class=\"elementor elementor-77197 elementor-76280\">\n\t\t\t\t\t\t<section class=\"elementor-section elementor-top-section elementor-element elementor-element-35cf832 thsn-col-stretched-none thsn-bg-color-over-image elementor-section-boxed elementor-section-height-default elementor-section-height-default\" data-id=\"35cf832\" data-element_type=\"section\" data-e-type=\"section\">\n\t\t\t\t\t\t<div class=\"elementor-container elementor-column-gap-extended\">\n\t\t\t\t\t<div class=\"elementor-column elementor-col-100 elementor-top-column elementor-element elementor-element-7439cc2 thsn-bg-color-over-image\" data-id=\"7439cc2\" data-element_type=\"column\" data-e-type=\"column\">\n\t\t\t<div class=\"elementor-widget-wrap elementor-element-populated\">\n\t\t\t\t\t\t<div class=\"elementor-element elementor-element-233bb0d elementor-widget elementor-widget-text-editor\" data-id=\"233bb0d\" data-element_type=\"widget\" data-e-type=\"widget\" data-widget_type=\"text-editor.default\">\n\t\t\t\t<div class=\"elementor-widget-container\">\n\t\t\t\t\t\t\t\t\t<h3 class=\"western\" lang=\"en-CA\" align=\"center\"><span style=\"color: #000000;\"><span lang=\"x-none\"><b>ASSOCIATION DES PARAM\u00c9DICS DU NOUVEAU-BRUNSWICK<\/b><\/span><\/span><\/h3>\n<h4 class=\"western\" lang=\"en-CA\" align=\"center\"><span style=\"color: #000000;\"><span lang=\"x-none\"><b>Avis d&rsquo;aptitude \u00e0 la pratique <\/b><\/span><\/span><span style=\"color: #000000;\"><span lang=\"en-US\"><b>Comit\u00e9 d&rsquo;aptitude \u00e0 la pratique <\/b><\/span><\/span><span style=\"color: #000000;\"><span lang=\"x-none\"><b>D\u00e9cision <\/b><\/span><\/span> <\/h4>\n\t\t\t\t\t\t\t\t<\/div>\n\t\t\t\t<\/div>\n\t\t\t\t\t<\/div>\n\t\t<\/div>\n\t\t\t\t\t<\/div>\n\t\t<\/section>\n\t\t\t\t<section class=\"elementor-section elementor-top-section elementor-element elementor-element-28fc4b1 thsn-col-stretched-none thsn-bg-color-over-image elementor-section-boxed elementor-section-height-default elementor-section-height-default\" data-id=\"28fc4b1\" data-element_type=\"section\" data-e-type=\"section\">\n\t\t\t\t\t\t<div class=\"elementor-container elementor-column-gap-default\">\n\t\t\t\t\t<div class=\"elementor-column elementor-col-16 elementor-top-column elementor-element elementor-element-6269a4d thsn-bg-color-over-image\" data-id=\"6269a4d\" data-element_type=\"column\" data-e-type=\"column\">\n\t\t\t<div class=\"elementor-widget-wrap\">\n\t\t\t\t\t\t\t<\/div>\n\t\t<\/div>\n\t\t\t\t<div class=\"elementor-column elementor-col-66 elementor-top-column elementor-element elementor-element-0ecafa8 thsn-bg-color-over-image\" data-id=\"0ecafa8\" data-element_type=\"column\" data-e-type=\"column\">\n\t\t\t<div class=\"elementor-widget-wrap elementor-element-populated\">\n\t\t\t\t\t\t<div class=\"elementor-element elementor-element-a108422 elementor-widget elementor-widget-text-editor\" data-id=\"a108422\" data-element_type=\"widget\" data-e-type=\"widget\" data-widget_type=\"text-editor.default\">\n\t\t\t\t<div class=\"elementor-widget-container\">\n\t\t\t\t\t\t\t\t\t<p lang=\"en-CA\" align=\"left\">La commission d&rsquo;aptitude \u00e0 la pratique (\u00ab\u00a0commission\u00a0\u00bb) de la Paramedic Association of New<br \/>Brunswick, par une d\u00e9cision dat\u00e9e du 16 ao\u00fbt 2022, a constat\u00e9 qu&rsquo;un membre s&rsquo;est livr\u00e9 \u00e0 une activit\u00e9 physique et \u00e0 une activit\u00e9 de loisirs.<br \/>altercation avec quelques membres du public et a prof\u00e9r\u00e9 des menaces de mort \u00e0 l&rsquo;encontre d&rsquo;un membre de la police.<br \/>public. La commission a estim\u00e9 que le comportement du d\u00e9put\u00e9 constituait une conduite indigne d&rsquo;un membre de l&rsquo;Union europ\u00e9enne.<br \/>param\u00e9dical.<\/p>\n<p lang=\"en-CA\" align=\"left\"><span style=\"color: #000000;\"><span lang=\"x-none\">Le Comit\u00e9 a ordonn\u00e9 que le membre :<\/span><\/span><\/p>\n<ol>\n<li style=\"list-style-type: none;\">\n<ol>\n<li lang=\"en-CA\">fournir un rapport d&rsquo;\u00e9valuation \u00e9manant d&rsquo;un professionnel agr\u00e9\u00e9 et d\u00e9crivant l&rsquo;\u00e9tat de sant\u00e9 du membre.<br \/>l&rsquo;\u00e9tat de sant\u00e9 actuel et confirmant que le membre est apte \u00e0 exercer la profession d&rsquo;avocat.<br \/>param\u00e9dical ; et<\/li>\n<li lang=\"en-CA\">payer les frais pour un montant de 3 500 $. <\/li>\n<\/ol>\n<\/li>\n<\/ol>\n\t\t\t\t\t\t\t\t<\/div>\n\t\t\t\t<\/div>\n\t\t\t\t\t<\/div>\n\t\t<\/div>\n\t\t\t\t<div class=\"elementor-column elementor-col-16 elementor-top-column elementor-element elementor-element-12fa585 thsn-bg-color-over-image\" data-id=\"12fa585\" data-element_type=\"column\" data-e-type=\"column\">\n\t\t\t<div class=\"elementor-widget-wrap\">\n\t\t\t\t\t\t\t<\/div>\n\t\t<\/div>\n\t\t\t\t\t<\/div>\n\t\t<\/section>\n\t\t\t\t<section class=\"elementor-section elementor-top-section elementor-element elementor-element-dc692cf elementor-section-stretched elementor-section-content-middle thsn-col-stretched-none thsn-bg-color-over-image elementor-section-boxed elementor-section-height-default elementor-section-height-default\" data-id=\"dc692cf\" data-element_type=\"section\" data-e-type=\"section\" data-settings=\"{&quot;stretch_section&quot;:&quot;section-stretched&quot;,&quot;background_background&quot;:&quot;classic&quot;}\">\n\t\t\t\t\t\t<div class=\"elementor-container elementor-column-gap-extended\">\n\t\t\t\t\t<div class=\"elementor-column elementor-col-100 elementor-top-column elementor-element elementor-element-94857af thsn-bg-color-over-image\" data-id=\"94857af\" data-element_type=\"column\" data-e-type=\"column\">\n\t\t\t<div class=\"elementor-widget-wrap elementor-element-populated\">\n\t\t\t\t\t\t<div class=\"elementor-element elementor-element-d755ded elementor-widget elementor-widget-text-editor\" data-id=\"d755ded\" data-element_type=\"widget\" data-e-type=\"widget\" data-widget_type=\"text-editor.default\">\n\t\t\t\t<div class=\"elementor-widget-container\">\n\t\t\t\t\t\t\t\t\t<p><img decoding=\"async\" src=\"http:\/\/www.panb.ca\/images\/pdf.png\" alt=\"pdf file\"><br \/><a href=\"http:\/\/www.panb.ca\/files\/fitness-to-practice-member-16-8-2022.pdf\">D\u00e9cision sur l&rsquo;aptitude \u00e0 exercer<\/a><\/p>\n\t\t\t\t\t\t\t\t<\/div>\n\t\t\t\t<\/div>\n\t\t\t\t\t<\/div>\n\t\t<\/div>\n\t\t\t\t\t<\/div>\n\t\t<\/section>\n\t\t\t\t<\/div>\n\t\t","protected":false},"excerpt":{"rendered":"<p>ASSOCIATION DES PARAM\u00c9DICS DU NOUVEAU-BRUNSWICK Avis d&rsquo;aptitude \u00e0 la pratique Comit\u00e9 d&rsquo;aptitude \u00e0 la pratique D\u00e9cision La commission d&rsquo;aptitude \u00e0 la pratique (\u00ab\u00a0commission\u00a0\u00bb) de la Paramedic Association of NewBrunswick, par une d\u00e9cision dat\u00e9e du 16 ao\u00fbt 2022, a constat\u00e9 qu&rsquo;un membre s&rsquo;est livr\u00e9 \u00e0 une activit\u00e9 physique et \u00e0 une activit\u00e9 de loisirs.altercation avec quelques membres du public et a prof\u00e9r\u00e9 des menaces de mort \u00e0 l&rsquo;encontre d&rsquo;un membre de[&hellip;]<\/p>\n","protected":false},"author":1,"featured_media":0,"parent":0,"menu_order":0,"comment_status":"closed","ping_status":"closed","template":"","meta":{"_acf_changed":false,"footnotes":""},"class_list":["post-77197","page","type-page","status-publish","hentry"],"acf":[],"_links":{"self":[{"href":"https:\/\/panb.ca\/fr\/wp-json\/wp\/v2\/pages\/77197","targetHints":{"allow":["GET"]}}],"collection":[{"href":"https:\/\/panb.ca\/fr\/wp-json\/wp\/v2\/pages"}],"about":[{"href":"https:\/\/panb.ca\/fr\/wp-json\/wp\/v2\/types\/page"}],"author":[{"embeddable":true,"href":"https:\/\/panb.ca\/fr\/wp-json\/wp\/v2\/users\/1"}],"replies":[{"embeddable":true,"href":"https:\/\/panb.ca\/fr\/wp-json\/wp\/v2\/comments?post=77197"}],"version-history":[{"count":1,"href":"https:\/\/panb.ca\/fr\/wp-json\/wp\/v2\/pages\/77197\/revisions"}],"predecessor-version":[{"id":77198,"href":"https:\/\/panb.ca\/fr\/wp-json\/wp\/v2\/pages\/77197\/revisions\/77198"}],"wp:attachment":[{"href":"https:\/\/panb.ca\/fr\/wp-json\/wp\/v2\/media?parent=77197"}],"curies":[{"name":"wp","href":"https:\/\/api.w.org\/{rel}","templated":true}]}}