{"id":77199,"date":"2023-03-18T08:31:30","date_gmt":"2023-03-18T12:31:30","guid":{"rendered":"https:\/\/101d955997.nxcli.io\/exercice-de-la-profession\/mesures-disciplinaires\/membre-2022-2\/"},"modified":"2023-10-02T23:00:06","modified_gmt":"2023-10-03T03:00:06","slug":"membre-2022-2","status":"publish","type":"page","link":"https:\/\/panb.ca\/fr\/membre-2022-2\/","title":{"rendered":"Membre 2022"},"content":{"rendered":"\t\t<div data-elementor-type=\"wp-page\" data-elementor-id=\"77199\" class=\"elementor elementor-77199 elementor-76288\">\n\t\t\t\t\t\t<section class=\"elementor-section elementor-top-section elementor-element elementor-element-35cf832 thsn-col-stretched-none thsn-bg-color-over-image elementor-section-boxed elementor-section-height-default elementor-section-height-default\" data-id=\"35cf832\" data-element_type=\"section\" data-e-type=\"section\">\n\t\t\t\t\t\t<div class=\"elementor-container elementor-column-gap-extended\">\n\t\t\t\t\t<div class=\"elementor-column elementor-col-100 elementor-top-column elementor-element elementor-element-7439cc2 thsn-bg-color-over-image\" data-id=\"7439cc2\" data-element_type=\"column\" data-e-type=\"column\">\n\t\t\t<div class=\"elementor-widget-wrap elementor-element-populated\">\n\t\t\t\t\t\t<div class=\"elementor-element elementor-element-233bb0d elementor-widget elementor-widget-text-editor\" data-id=\"233bb0d\" data-element_type=\"widget\" data-e-type=\"widget\" data-widget_type=\"text-editor.default\">\n\t\t\t\t<div class=\"elementor-widget-container\">\n\t\t\t\t\t\t\t\t\t<h3 class=\"western\" lang=\"en-CA\" align=\"center\"><span style=\"color: #000000;\"><span lang=\"x-none\"><b>ASSOCIATION DES PARAM\u00c9DICS DU NOUVEAU-BRUNSWICK<\/b><\/span><\/span><\/h3>\n<h4 class=\"western\" lang=\"en-CA\" align=\"center\"><span style=\"color: #000000;\"><span lang=\"x-none\"><b>Avis de discipline <\/b><\/span><\/span><span style=\"color: #000000;\"><span lang=\"en-US\"><b>Comit\u00e9 <\/b><\/span><\/span><span style=\"color: #000000;\"><span lang=\"x-none\"><b>D\u00e9cision <\/b><\/span><\/span> <\/h4>\n\t\t\t\t\t\t\t\t<\/div>\n\t\t\t\t<\/div>\n\t\t\t\t\t<\/div>\n\t\t<\/div>\n\t\t\t\t\t<\/div>\n\t\t<\/section>\n\t\t\t\t<section class=\"elementor-section elementor-top-section elementor-element elementor-element-28fc4b1 thsn-col-stretched-none thsn-bg-color-over-image elementor-section-boxed elementor-section-height-default elementor-section-height-default\" data-id=\"28fc4b1\" data-element_type=\"section\" data-e-type=\"section\">\n\t\t\t\t\t\t<div class=\"elementor-container elementor-column-gap-default\">\n\t\t\t\t\t<div class=\"elementor-column elementor-col-16 elementor-top-column elementor-element elementor-element-6269a4d thsn-bg-color-over-image\" data-id=\"6269a4d\" data-element_type=\"column\" data-e-type=\"column\">\n\t\t\t<div class=\"elementor-widget-wrap\">\n\t\t\t\t\t\t\t<\/div>\n\t\t<\/div>\n\t\t\t\t<div class=\"elementor-column elementor-col-66 elementor-top-column elementor-element elementor-element-0ecafa8 thsn-bg-color-over-image\" data-id=\"0ecafa8\" data-element_type=\"column\" data-e-type=\"column\">\n\t\t\t<div class=\"elementor-widget-wrap elementor-element-populated\">\n\t\t\t\t\t\t<div class=\"elementor-element elementor-element-a108422 elementor-widget elementor-widget-text-editor\" data-id=\"a108422\" data-element_type=\"widget\" data-e-type=\"widget\" data-widget_type=\"text-editor.default\">\n\t\t\t\t<div class=\"elementor-widget-container\">\n\t\t\t\t\t\t\t\t\t<p lang=\"en-CA\" align=\"left\"><span style=\"font-size: 18px; color: var( --e-global-color-text ); font-family: inherit; font-weight: inherit;\">Le comit\u00e9 de discipline (\u00a0\u00bb comit\u00e9 \u00ab\u00a0) de l&rsquo;Association des param\u00e9dics du Nouveau-Brunswick, par une <br \/>d\u00e9cision dat\u00e9e du 18 ao\u00fbt 2022, a conclu que la conduite d&rsquo;un membre constituait <br \/>une fauteprofessionnelleet, plus particuli\u00e8rement, que le membre:<\/span> <\/p>\n<p lang=\"en-CA\" align=\"left\"><span style=\"font-size: 18px; color: var( --e-global-color-text ); font-family: inherit; font-weight: inherit;\">(a) a divulgu\u00e9 des informations confidentielles apprises sur une personne par l&rsquo;interm\u00e9diaire du membre<br \/>de ses fonctions d&rsquo;auxiliaire m\u00e9dical, ce qui n&rsquo;est pas autoris\u00e9 par la loi et qui viole le Code de d\u00e9ontologie.<br \/>L&rsquo;\u00e9thique ; <\/span><\/p>\n<p lang=\"en-CA\" align=\"left\"><span style=\"font-size: 18px; color: var( --e-global-color-text ); font-family: inherit; font-weight: inherit;\">(b) a viol\u00e9 la confidentialit\u00e9 de mani\u00e8re malveillante, bien que le d\u00e9put\u00e9 ait indiqu\u00e9 ne pas l&rsquo;avoir fait<br \/>l&rsquo;intention malveillante ; et <\/span><\/p>\n<p lang=\"en-CA\" align=\"left\"><span style=\"font-size: 18px; color: var( --e-global-color-text ); font-family: inherit; font-weight: inherit;\">(c) a fait preuve d&rsquo;un manque de jugement.<\/span><\/p>\n<p lang=\"en-CA\" align=\"left\"><span style=\"color: #000000;\"><span lang=\"x-none\">Le Comit\u00e9 a ordonn\u00e9 que le membre :<\/span><\/span><\/p>\n<ol>\n<li style=\"list-style-type: none;\">\n<ol>\n<li lang=\"en-CA\">un bl\u00e2me pour une dur\u00e9e de deux (2) ans ;<\/li>\n<li lang=\"en-CA\">pr\u00e9senter la preuve qu&rsquo;il a suivi avec succ\u00e8s un cours de gestion de la col\u00e8re ou un autre cours de gestion de la col\u00e8re.<br \/>un cours de gestion du stress, \u00e0 la charge du d\u00e9put\u00e9 ; <\/li>\n<li lang=\"en-CA\">de payer des frais d&rsquo;un montant de 2 000 $ ; et<\/li>\n<li lang=\"en-CA\">payer une amende de 1 500 dollars. <\/li>\n<\/ol>\n<\/li>\n<\/ol>\n\t\t\t\t\t\t\t\t<\/div>\n\t\t\t\t<\/div>\n\t\t\t\t\t<\/div>\n\t\t<\/div>\n\t\t\t\t<div class=\"elementor-column elementor-col-16 elementor-top-column elementor-element elementor-element-12fa585 thsn-bg-color-over-image\" data-id=\"12fa585\" data-element_type=\"column\" data-e-type=\"column\">\n\t\t\t<div class=\"elementor-widget-wrap\">\n\t\t\t\t\t\t\t<\/div>\n\t\t<\/div>\n\t\t\t\t\t<\/div>\n\t\t<\/section>\n\t\t\t\t<section class=\"elementor-section elementor-top-section elementor-element elementor-element-dc692cf elementor-section-stretched elementor-section-content-middle thsn-col-stretched-none thsn-bg-color-over-image elementor-section-boxed elementor-section-height-default elementor-section-height-default\" data-id=\"dc692cf\" data-element_type=\"section\" data-e-type=\"section\" data-settings=\"{&quot;stretch_section&quot;:&quot;section-stretched&quot;,&quot;background_background&quot;:&quot;classic&quot;}\">\n\t\t\t\t\t\t<div class=\"elementor-container elementor-column-gap-extended\">\n\t\t\t\t\t<div class=\"elementor-column elementor-col-100 elementor-top-column elementor-element elementor-element-94857af thsn-bg-color-over-image\" data-id=\"94857af\" data-element_type=\"column\" data-e-type=\"column\">\n\t\t\t<div class=\"elementor-widget-wrap elementor-element-populated\">\n\t\t\t\t\t\t<div class=\"elementor-element elementor-element-d755ded elementor-widget elementor-widget-text-editor\" data-id=\"d755ded\" data-element_type=\"widget\" data-e-type=\"widget\" data-widget_type=\"text-editor.default\">\n\t\t\t\t<div class=\"elementor-widget-container\">\n\t\t\t\t\t\t\t\t\t<p><img decoding=\"async\" src=\"http:\/\/www.panb.ca\/images\/pdf.png\" alt=\"pdf file\"><br \/><a href=\"http:\/\/www.panb.ca\/files\/discipline-member-18-8-2022.pdf\">D\u00e9cision Disciplinaire<\/a><\/p>\n\t\t\t\t\t\t\t\t<\/div>\n\t\t\t\t<\/div>\n\t\t\t\t\t<\/div>\n\t\t<\/div>\n\t\t\t\t\t<\/div>\n\t\t<\/section>\n\t\t\t\t<\/div>\n\t\t","protected":false},"excerpt":{"rendered":"<p>ASSOCIATION DES PARAM\u00c9DICS DU NOUVEAU-BRUNSWICK Avis de discipline Comit\u00e9 D\u00e9cision Le comit\u00e9 de discipline (\u00a0\u00bb comit\u00e9 \u00ab\u00a0) de l&rsquo;Association des param\u00e9dics du Nouveau-Brunswick, par une d\u00e9cision dat\u00e9e du 18 ao\u00fbt 2022, a conclu que la conduite d&rsquo;un membre constituait une fauteprofessionnelleet, plus particuli\u00e8rement, que le membre: (a) a divulgu\u00e9 des informations confidentielles apprises sur une personne par l&rsquo;interm\u00e9diaire du membrede ses fonctions d&rsquo;auxiliaire m\u00e9dical, ce qui n&rsquo;est pas autoris\u00e9 par[&hellip;]<\/p>\n","protected":false},"author":1,"featured_media":0,"parent":0,"menu_order":0,"comment_status":"closed","ping_status":"closed","template":"","meta":{"_acf_changed":false,"footnotes":""},"class_list":["post-77199","page","type-page","status-publish","hentry"],"acf":[],"_links":{"self":[{"href":"https:\/\/panb.ca\/fr\/wp-json\/wp\/v2\/pages\/77199","targetHints":{"allow":["GET"]}}],"collection":[{"href":"https:\/\/panb.ca\/fr\/wp-json\/wp\/v2\/pages"}],"about":[{"href":"https:\/\/panb.ca\/fr\/wp-json\/wp\/v2\/types\/page"}],"author":[{"embeddable":true,"href":"https:\/\/panb.ca\/fr\/wp-json\/wp\/v2\/users\/1"}],"replies":[{"embeddable":true,"href":"https:\/\/panb.ca\/fr\/wp-json\/wp\/v2\/comments?post=77199"}],"version-history":[{"count":1,"href":"https:\/\/panb.ca\/fr\/wp-json\/wp\/v2\/pages\/77199\/revisions"}],"predecessor-version":[{"id":77200,"href":"https:\/\/panb.ca\/fr\/wp-json\/wp\/v2\/pages\/77199\/revisions\/77200"}],"wp:attachment":[{"href":"https:\/\/panb.ca\/fr\/wp-json\/wp\/v2\/media?parent=77199"}],"curies":[{"name":"wp","href":"https:\/\/api.w.org\/{rel}","templated":true}]}}