{"id":77626,"date":"2023-12-17T08:29:40","date_gmt":"2023-12-17T12:29:40","guid":{"rendered":"https:\/\/101d955997.nxcli.io\/exercice-de-la-profession\/mesures-disciplinaires\/membre-2023-2\/"},"modified":"2023-12-17T08:56:14","modified_gmt":"2023-12-17T12:56:14","slug":"membre-2023-2","status":"publish","type":"page","link":"https:\/\/panb.ca\/fr\/membre-2023-2\/","title":{"rendered":"Membre 2023"},"content":{"rendered":"\t\t<div data-elementor-type=\"wp-page\" data-elementor-id=\"77626\" class=\"elementor elementor-77626 elementor-77604\">\n\t\t\t\t\t\t<section class=\"elementor-section elementor-top-section elementor-element elementor-element-35cf832 thsn-col-stretched-none thsn-bg-color-over-image elementor-section-boxed elementor-section-height-default elementor-section-height-default\" data-id=\"35cf832\" data-element_type=\"section\" data-e-type=\"section\">\n\t\t\t\t\t\t<div class=\"elementor-container elementor-column-gap-extended\">\n\t\t\t\t\t<div class=\"elementor-column elementor-col-100 elementor-top-column elementor-element elementor-element-7439cc2 thsn-bg-color-over-image\" data-id=\"7439cc2\" data-element_type=\"column\" data-e-type=\"column\">\n\t\t\t<div class=\"elementor-widget-wrap elementor-element-populated\">\n\t\t\t\t\t\t<div class=\"elementor-element elementor-element-edcf837 elementor-widget elementor-widget-text-editor\" data-id=\"edcf837\" data-element_type=\"widget\" data-e-type=\"widget\" data-widget_type=\"text-editor.default\">\n\t\t\t\t<div class=\"elementor-widget-container\">\n\t\t\t\t\t\t\t\t\t<h3 class=\"western\" lang=\"en-CA\" align=\"center\"><span style=\"color: #000000;\"><span lang=\"x-none\"><b>ASSOCIATION DES PARAM\u00c9DICS DU NOUVEAU-BRUNSWICK<\/b><\/span><\/span><\/h3>\n<h4 class=\"western\" lang=\"en-CA\" align=\"center\"><span style=\"color: #000000;\"><span lang=\"x-none\"><b>Avis de d\u00e9cision <\/b><\/span><\/span><span style=\"color: #000000;\"><span lang=\"en-US\"><b>du Comit\u00e9 <\/b><\/span><\/span><span style=\"color: #000000;\"><span lang=\"x-none\"><b>de discipline<\/b><\/span><\/span><\/h4>\n\t\t\t\t\t\t\t\t<\/div>\n\t\t\t\t<\/div>\n\t\t\t\t\t<\/div>\n\t\t<\/div>\n\t\t\t\t\t<\/div>\n\t\t<\/section>\n\t\t\t\t<section class=\"elementor-section elementor-top-section elementor-element elementor-element-28fc4b1 thsn-col-stretched-none thsn-bg-color-over-image elementor-section-boxed elementor-section-height-default elementor-section-height-default\" data-id=\"28fc4b1\" data-element_type=\"section\" data-e-type=\"section\">\n\t\t\t\t\t\t<div class=\"elementor-container elementor-column-gap-default\">\n\t\t\t\t\t<div class=\"elementor-column elementor-col-16 elementor-top-column elementor-element elementor-element-6269a4d thsn-bg-color-over-image\" data-id=\"6269a4d\" data-element_type=\"column\" data-e-type=\"column\">\n\t\t\t<div class=\"elementor-widget-wrap\">\n\t\t\t\t\t\t\t<\/div>\n\t\t<\/div>\n\t\t\t\t<div class=\"elementor-column elementor-col-66 elementor-top-column elementor-element elementor-element-0ecafa8 thsn-bg-color-over-image\" data-id=\"0ecafa8\" data-element_type=\"column\" data-e-type=\"column\">\n\t\t\t<div class=\"elementor-widget-wrap elementor-element-populated\">\n\t\t\t\t\t\t<div class=\"elementor-element elementor-element-eef8a2d elementor-widget elementor-widget-text-editor\" data-id=\"eef8a2d\" data-element_type=\"widget\" data-e-type=\"widget\" data-widget_type=\"text-editor.default\">\n\t\t\t\t<div class=\"elementor-widget-container\">\n\t\t\t\t\t\t\t\t\t<p align=\"justify\">Le comit\u00e9 de discipline de l&rsquo;Association des param\u00e9dics du Nouveau-Brunswick, par une d\u00e9cision dat\u00e9e du 4 d\u00e9cembre 2023, a conclu que la conduite d&rsquo;un membre constituait de l\u2019inconduite professionnelle lorsque le membre a modifi\u00e9 un appareil respiratoire fonctionnel simplement pour qu\u2019un autre param\u00e9dic puisse exercer une comp\u00e9tence et non pas parce que cela am\u00e9liorerait les r\u00e9sultats pour le patient, et a permis \u00e0 un param\u00e9dic de soins primaires d\u2019acqu\u00e9rir une comp\u00e9tence en dehors de son champ de pratique.<\/p>\n<p align=\"justify\">Le Comit\u00e9 a ordonn\u00e9 que le membre :<\/p>\n<ol>\n<li>\n<p align=\"justify\">soit r\u00e9primand\u00e9 pour un (1) an;<\/p>\n<\/li>\n<li>\n<p align=\"justify\">paie des frais de 1 000 $; et<\/p>\n<\/li>\n<li>\n<p align=\"justify\">paie une amende de 1 000 $.<\/p>\n<\/li>\n<\/ol>\n\t\t\t\t\t\t\t\t<\/div>\n\t\t\t\t<\/div>\n\t\t\t\t\t<\/div>\n\t\t<\/div>\n\t\t\t\t<div class=\"elementor-column elementor-col-16 elementor-top-column elementor-element elementor-element-12fa585 thsn-bg-color-over-image\" data-id=\"12fa585\" data-element_type=\"column\" data-e-type=\"column\">\n\t\t\t<div class=\"elementor-widget-wrap\">\n\t\t\t\t\t\t\t<\/div>\n\t\t<\/div>\n\t\t\t\t\t<\/div>\n\t\t<\/section>\n\t\t\t\t<section class=\"elementor-section elementor-top-section elementor-element elementor-element-dc692cf elementor-section-stretched elementor-section-content-middle thsn-col-stretched-none thsn-bg-color-over-image elementor-section-boxed elementor-section-height-default elementor-section-height-default\" data-id=\"dc692cf\" data-element_type=\"section\" data-e-type=\"section\" data-settings=\"{&quot;stretch_section&quot;:&quot;section-stretched&quot;,&quot;background_background&quot;:&quot;classic&quot;}\">\n\t\t\t\t\t\t<div class=\"elementor-container elementor-column-gap-extended\">\n\t\t\t\t\t<div class=\"elementor-column elementor-col-100 elementor-top-column elementor-element elementor-element-94857af thsn-bg-color-over-image\" data-id=\"94857af\" data-element_type=\"column\" data-e-type=\"column\">\n\t\t\t<div class=\"elementor-widget-wrap elementor-element-populated\">\n\t\t\t\t\t\t<div class=\"elementor-element elementor-element-d755ded elementor-widget elementor-widget-text-editor\" data-id=\"d755ded\" data-element_type=\"widget\" data-e-type=\"widget\" data-widget_type=\"text-editor.default\">\n\t\t\t\t<div class=\"elementor-widget-container\">\n\t\t\t\t\t\t\t\t\t<p><img decoding=\"async\" class=\"aligncenter\" src=\"http:\/\/www.panb.ca\/images\/pdf.png\" alt=\"pdf file\" \/><br \/><a href=\"http:\/\/www.panb.ca\/files\/discipline-member2-4-12-2023-FR.pdf\">D\u00e9cision Disciplinaire<\/a><\/p>\t\t\t\t\t\t\t\t<\/div>\n\t\t\t\t<\/div>\n\t\t\t\t\t<\/div>\n\t\t<\/div>\n\t\t\t\t\t<\/div>\n\t\t<\/section>\n\t\t\t\t<\/div>\n\t\t","protected":false},"excerpt":{"rendered":"<p>ASSOCIATION DES PARAM\u00c9DICS DU NOUVEAU-BRUNSWICK Avis de d\u00e9cision du Comit\u00e9 de discipline Le comit\u00e9 de discipline de l&rsquo;Association des param\u00e9dics du Nouveau-Brunswick, par une d\u00e9cision dat\u00e9e du 4 d\u00e9cembre 2023, a conclu que la conduite d&rsquo;un membre constituait de l\u2019inconduite professionnelle lorsque le membre a modifi\u00e9 un appareil respiratoire fonctionnel simplement pour qu\u2019un autre param\u00e9dic puisse exercer une comp\u00e9tence et non pas parce que cela am\u00e9liorerait les r\u00e9sultats pour le[&hellip;]<\/p>\n","protected":false},"author":1,"featured_media":0,"parent":0,"menu_order":0,"comment_status":"closed","ping_status":"closed","template":"","meta":{"_acf_changed":false,"footnotes":""},"class_list":["post-77626","page","type-page","status-publish","hentry"],"acf":[],"_links":{"self":[{"href":"https:\/\/panb.ca\/fr\/wp-json\/wp\/v2\/pages\/77626","targetHints":{"allow":["GET"]}}],"collection":[{"href":"https:\/\/panb.ca\/fr\/wp-json\/wp\/v2\/pages"}],"about":[{"href":"https:\/\/panb.ca\/fr\/wp-json\/wp\/v2\/types\/page"}],"author":[{"embeddable":true,"href":"https:\/\/panb.ca\/fr\/wp-json\/wp\/v2\/users\/1"}],"replies":[{"embeddable":true,"href":"https:\/\/panb.ca\/fr\/wp-json\/wp\/v2\/comments?post=77626"}],"version-history":[{"count":4,"href":"https:\/\/panb.ca\/fr\/wp-json\/wp\/v2\/pages\/77626\/revisions"}],"predecessor-version":[{"id":77636,"href":"https:\/\/panb.ca\/fr\/wp-json\/wp\/v2\/pages\/77626\/revisions\/77636"}],"wp:attachment":[{"href":"https:\/\/panb.ca\/fr\/wp-json\/wp\/v2\/media?parent=77626"}],"curies":[{"name":"wp","href":"https:\/\/api.w.org\/{rel}","templated":true}]}}