{"id":79556,"date":"2025-05-01T12:27:02","date_gmt":"2025-05-01T16:27:02","guid":{"rendered":"https:\/\/panb.ca\/prenez-contact-avec-nous\/"},"modified":"2025-05-12T15:28:50","modified_gmt":"2025-05-12T19:28:50","slug":"prenez-contact-avec-nous","status":"publish","type":"page","link":"https:\/\/panb.ca\/fr\/prenez-contact-avec-nous\/","title":{"rendered":"Prenez contact avec nous"},"content":{"rendered":"\t\t<div data-elementor-type=\"wp-page\" data-elementor-id=\"79556\" class=\"elementor elementor-79556 elementor-79276\">\n\t\t\t\t\t\t<section class=\"elementor-section elementor-top-section elementor-element elementor-element-99ae465 thsn-col-stretched-none thsn-bg-color-over-image elementor-section-boxed elementor-section-height-default elementor-section-height-default\" data-id=\"99ae465\" data-element_type=\"section\" data-e-type=\"section\">\n\t\t\t\t\t\t<div class=\"elementor-container elementor-column-gap-default\">\n\t\t\t\t\t<div class=\"elementor-column elementor-col-100 elementor-top-column elementor-element elementor-element-40ab838 thsn-bg-color-over-image\" data-id=\"40ab838\" data-element_type=\"column\" data-e-type=\"column\">\n\t\t\t<div class=\"elementor-widget-wrap elementor-element-populated\">\n\t\t\t\t\t\t<div class=\"elementor-element elementor-element-a6ad5b6 elementor-widget elementor-widget-heading\" data-id=\"a6ad5b6\" data-element_type=\"widget\" data-e-type=\"widget\" data-widget_type=\"heading.default\">\n\t\t\t\t<div class=\"elementor-widget-container\">\n\t\t\t\t\t<h6 class=\"elementor-heading-title elementor-size-default\">Prenez contact avec nous<\/h6>\t\t\t\t<\/div>\n\t\t\t\t<\/div>\n\t\t\t\t\t<\/div>\n\t\t<\/div>\n\t\t\t\t\t<\/div>\n\t\t<\/section>\n\t\t\t\t<section class=\"elementor-section elementor-top-section elementor-element elementor-element-a2e0358 thsn-col-stretched-none thsn-bg-color-over-image elementor-section-boxed elementor-section-height-default elementor-section-height-default\" data-id=\"a2e0358\" data-element_type=\"section\" data-e-type=\"section\">\n\t\t\t\t\t\t<div class=\"elementor-container elementor-column-gap-default\">\n\t\t\t\t\t<div class=\"elementor-column elementor-col-100 elementor-top-column elementor-element elementor-element-2536688 thsn-bg-color-over-image\" data-id=\"2536688\" data-element_type=\"column\" data-e-type=\"column\">\n\t\t\t<div class=\"elementor-widget-wrap elementor-element-populated\">\n\t\t\t\t\t\t<div class=\"elementor-element elementor-element-3e761b7 elementor-widget elementor-widget-heading\" data-id=\"3e761b7\" data-element_type=\"widget\" data-e-type=\"widget\" data-widget_type=\"heading.default\">\n\t\t\t\t<div class=\"elementor-widget-container\">\n\t\t\t\t\t<h6 class=\"elementor-heading-title elementor-size-default\">Appelez maintenant ou \u00e9crivez un message<\/h6>\t\t\t\t<\/div>\n\t\t\t\t<\/div>\n\t\t\t\t\t<\/div>\n\t\t<\/div>\n\t\t\t\t\t<\/div>\n\t\t<\/section>\n\t\t\t\t<section class=\"elementor-section elementor-top-section elementor-element elementor-element-92d0fe9 elementor-section-full_width elementor-section-stretched thsn-col-stretched-none thsn-bg-color-over-image elementor-section-height-default elementor-section-height-default\" data-id=\"92d0fe9\" data-element_type=\"section\" data-e-type=\"section\" data-settings=\"{&quot;stretch_section&quot;:&quot;section-stretched&quot;,&quot;background_background&quot;:&quot;classic&quot;}\">\n\t\t\t\t\t\t<div class=\"elementor-container elementor-column-gap-default\">\n\t\t\t\t\t<div class=\"elementor-column elementor-col-100 elementor-top-column elementor-element elementor-element-b178690 thsn-bg-color-yes thsn-elementor-bg-color-light thsn-bg-image-over-color\" data-id=\"b178690\" data-element_type=\"column\" data-e-type=\"column\" data-settings=\"{&quot;background_background&quot;:&quot;classic&quot;}\">\n\t\t\t<div class=\"elementor-widget-wrap elementor-element-populated\">\n\t\t\t\t\t\t<section class=\"elementor-section elementor-inner-section elementor-element elementor-element-586999a thsn-col-stretched-none thsn-bg-color-over-image elementor-section-boxed elementor-section-height-default elementor-section-height-default\" data-id=\"586999a\" data-element_type=\"section\" data-e-type=\"section\">\n\t\t\t\t\t\t<div class=\"elementor-container elementor-column-gap-default\">\n\t\t\t\t\t<div class=\"elementor-column elementor-col-33 elementor-inner-column elementor-element elementor-element-6180dc2 thsn-bg-color-yes thsn-elementor-bg-color-white thsn-bg-color-over-image\" data-id=\"6180dc2\" data-element_type=\"column\" data-e-type=\"column\">\n\t\t\t<div class=\"elementor-widget-wrap elementor-element-populated\">\n\t\t\t\t\t\t<div class=\"elementor-element elementor-element-1d8750b elementor-widget elementor-widget-thsn_icon_heading\" data-id=\"1d8750b\" data-element_type=\"widget\" data-e-type=\"widget\" data-widget_type=\"thsn_icon_heading.default\">\n\t\t\t\t<div class=\"elementor-widget-container\">\n\t\t\t\t\t<div class=\"thsn-ihbox thsn-ihbox-style-5\"><div class=\"thsn-ihbox-icon\"><div class=\"thsn-ihbox-icon-wrapper\"><i class=\"thsn-doctery-icon thsn-doctery-icon-location\"><\/i><\/div><\/div>\t<div class=\"thsn-overlay\">\r\n\t\t<div class=\"thsn-ihbox-icon\"><div class=\"thsn-ihbox-icon-wrapper\"><i class=\"thsn-doctery-icon thsn-doctery-icon-location\"><\/i><\/div><\/div>\t<\/div>\r\n\t<div class=\"thsn-ihbox-contents\">\r\n\t\t\t\t<h4 class=\"thsn-element-heading\">\r\n\t\t\t\t\t\r\n\t\t\t\t\t\tNotre emplacement\r\n\t\t\t\t\t\r\n\t\t\t\t\t<\/h4>\r\n\t\t\t\t\t\t<div class=\"thsn-heading-desc\">298, rue Main, Fredericton<br>\nNouveau-Brunswick E3A 1C9<\/div>\t\t\t<\/div><!-- .thsn-ihbox-contents -->\r\n<\/div>\t\t\t\t<\/div>\n\t\t\t\t<\/div>\n\t\t\t\t\t<\/div>\n\t\t<\/div>\n\t\t\t\t<div class=\"elementor-column elementor-col-33 elementor-inner-column elementor-element elementor-element-144642d thsn-bg-color-yes thsn-elementor-bg-color-white thsn-bg-color-over-image\" data-id=\"144642d\" data-element_type=\"column\" data-e-type=\"column\">\n\t\t\t<div class=\"elementor-widget-wrap elementor-element-populated\">\n\t\t\t\t\t\t<div class=\"elementor-element elementor-element-be0f2b7 elementor-widget elementor-widget-thsn_icon_heading\" data-id=\"be0f2b7\" data-element_type=\"widget\" data-e-type=\"widget\" data-widget_type=\"thsn_icon_heading.default\">\n\t\t\t\t<div class=\"elementor-widget-container\">\n\t\t\t\t\t<div class=\"thsn-ihbox thsn-ihbox-style-5\"><div class=\"thsn-ihbox-icon\"><div class=\"thsn-ihbox-icon-wrapper\"><i class=\"thsn-doctery-icon thsn-doctery-icon-phone-call\"><\/i><\/div><\/div>\t<div class=\"thsn-overlay\">\r\n\t\t<div class=\"thsn-ihbox-icon\"><div class=\"thsn-ihbox-icon-wrapper\"><i class=\"thsn-doctery-icon thsn-doctery-icon-phone-call\"><\/i><\/div><\/div>\t<\/div>\r\n\t<div class=\"thsn-ihbox-contents\">\r\n\t\t\t\t<h4 class=\"thsn-element-heading\">\r\n\t\t\t\t\t\r\n\t\t\t\t\t\tt\u00e9l\u00e9phone\r\n\t\t\t\t\t\r\n\t\t\t\t\t<\/h4>\r\n\t\t\t\t\t\t<div class=\"thsn-heading-desc\">506.459.2638 <br> 888.887.7262<\/div>\t\t\t<\/div><!-- .thsn-ihbox-contents -->\r\n<\/div>\t\t\t\t<\/div>\n\t\t\t\t<\/div>\n\t\t\t\t\t<\/div>\n\t\t<\/div>\n\t\t\t\t<div class=\"elementor-column elementor-col-33 elementor-inner-column elementor-element elementor-element-38ca70b thsn-bg-color-yes thsn-elementor-bg-color-white thsn-bg-color-over-image\" data-id=\"38ca70b\" data-element_type=\"column\" data-e-type=\"column\">\n\t\t\t<div class=\"elementor-widget-wrap elementor-element-populated\">\n\t\t\t\t\t\t<div class=\"elementor-element elementor-element-1e368da elementor-widget elementor-widget-thsn_icon_heading\" data-id=\"1e368da\" data-element_type=\"widget\" data-e-type=\"widget\" data-widget_type=\"thsn_icon_heading.default\">\n\t\t\t\t<div class=\"elementor-widget-container\">\n\t\t\t\t\t<div class=\"thsn-ihbox thsn-ihbox-style-5\"><div class=\"thsn-ihbox-icon\"><div class=\"thsn-ihbox-icon-wrapper\"><i class=\"sgicon sgicon-FileBox\"><\/i><\/div><\/div>\t<div class=\"thsn-overlay\">\r\n\t\t<div class=\"thsn-ihbox-icon\"><div class=\"thsn-ihbox-icon-wrapper\"><i class=\"sgicon sgicon-FileBox\"><\/i><\/div><\/div>\t<\/div>\r\n\t<div class=\"thsn-ihbox-contents\">\r\n\t\t\t\t<h4 class=\"thsn-element-heading\">\r\n\t\t\t\t\t\r\n\t\t\t\t\t\tCourriel\r\n\t\t\t\t\t\r\n\t\t\t\t\t<\/h4>\r\n\t\t\t\t\t\t<div class=\"thsn-heading-desc\"><a href=\"mailto:info@panb.ca\">info@panb.ca<\/a>\n<\/div>\t\t\t<\/div><!-- .thsn-ihbox-contents -->\r\n<\/div>\t\t\t\t<\/div>\n\t\t\t\t<\/div>\n\t\t\t\t\t<\/div>\n\t\t<\/div>\n\t\t\t\t\t<\/div>\n\t\t<\/section>\n\t\t\t\t<section class=\"elementor-section elementor-inner-section elementor-element elementor-element-23fed66 thsn-col-stretched-none thsn-bg-color-over-image elementor-section-boxed elementor-section-height-default elementor-section-height-default\" data-id=\"23fed66\" data-element_type=\"section\" data-e-type=\"section\">\n\t\t\t\t\t\t<div class=\"elementor-container elementor-column-gap-default\">\n\t\t\t\t\t<div class=\"elementor-column elementor-col-50 elementor-inner-column elementor-element elementor-element-33d7495 thsn-bg-color-over-image\" data-id=\"33d7495\" data-element_type=\"column\" data-e-type=\"column\">\n\t\t\t<div class=\"elementor-widget-wrap elementor-element-populated\">\n\t\t\t\t\t\t<div class=\"elementor-element elementor-element-1993fa8 elementor-widget elementor-widget-heading\" data-id=\"1993fa8\" data-element_type=\"widget\" data-e-type=\"widget\" data-widget_type=\"heading.default\">\n\t\t\t\t<div class=\"elementor-widget-container\">\n\t\t\t\t\t<h5 class=\"elementor-heading-title elementor-size-default\">Prenez contact avec nous<\/h5>\t\t\t\t<\/div>\n\t\t\t\t<\/div>\n\t\t\t\t<div class=\"elementor-element elementor-element-f7a702a elementor-widget elementor-widget-heading\" data-id=\"f7a702a\" data-element_type=\"widget\" data-e-type=\"widget\" data-widget_type=\"heading.default\">\n\t\t\t\t<div class=\"elementor-widget-container\">\n\t\t\t\t\t<h1 class=\"elementor-heading-title elementor-size-default\">Prenez contact avec nous<\/h1>\t\t\t\t<\/div>\n\t\t\t\t<\/div>\n\t\t\t\t<div class=\"elementor-element elementor-element-5ad8922 elementor-widget elementor-widget-shortcode\" data-id=\"5ad8922\" data-element_type=\"widget\" data-e-type=\"widget\" data-widget_type=\"shortcode.default\">\n\t\t\t\t<div class=\"elementor-widget-container\">\n\t\t\t\t\t\t\t<div class=\"elementor-shortcode\"><p class=\"wpcf7-contact-form-not-found\"><strong>Erreur\u00a0:<\/strong> Formulaire de contact non trouv\u00e9\u00a0!<\/p><\/div>\n\t\t\t\t\t\t<\/div>\n\t\t\t\t<\/div>\n\t\t\t\t\t<\/div>\n\t\t<\/div>\n\t\t\t\t<div class=\"elementor-column elementor-col-50 elementor-inner-column elementor-element elementor-element-4deb953 thsn-bg-color-yes thsn-elementor-bg-color-blackish thsn-text-color-white column-break-ipad-100 column-break-ipad-margin thsn-bg-color-over-image\" data-id=\"4deb953\" data-element_type=\"column\" data-e-type=\"column\" data-settings=\"{&quot;background_background&quot;:&quot;classic&quot;}\">\n\t\t\t<div class=\"elementor-widget-wrap elementor-element-populated\">\n\t\t\t\t\t\t<div class=\"elementor-element elementor-element-9b41441 elementor-widget elementor-widget-heading\" data-id=\"9b41441\" data-element_type=\"widget\" data-e-type=\"widget\" data-widget_type=\"heading.default\">\n\t\t\t\t<div class=\"elementor-widget-container\">\n\t\t\t\t\t<h2 class=\"elementor-heading-title elementor-size-default\">Heures de bureau<\/h2>\t\t\t\t<\/div>\n\t\t\t\t<\/div>\n\t\t\t\t<div class=\"elementor-element elementor-element-5c30fb7 elementor-widget elementor-widget-text-editor\" data-id=\"5c30fb7\" data-element_type=\"widget\" data-e-type=\"widget\" data-widget_type=\"text-editor.default\">\n\t\t\t\t<div class=\"elementor-widget-container\">\n\t\t\t\t\t\t\t\t\t<table style=\"width: 100%;\">\n<tbody style=\"border: 0;\">\n<tr style=\"border: 0;\">\n<td style=\"border: 0; text-align: left; color: #1bbde4;\">Lundi<\/td>\n<td style=\"border: 0; text-align: right;\">08:30 &#8211; 16:30<\/td>\n<\/tr>\n<tr style=\"border: 0;\">\n<td style=\"border: 0; text-align: left; color: #1bbde4;\">Mardi<\/td>\n<td style=\"border: 0; text-align: right;\">08:30 &#8211; 16:30<\/td>\n<\/tr>\n<tr style=\"border: 0;\">\n<td style=\"border: 0; text-align: left; color: #1bbde4;\">Mercredi<\/td>\n<td style=\"border: 0; text-align: right;\">08:30 &#8211; 16:30<\/td>\n<\/tr>\n<tr style=\"border: 0;\">\n<td style=\"border: 0; text-align: left; color: #1bbde4;\">Jeudi<\/td>\n<td style=\"border: 0; text-align: right;\">08:30 &#8211; 16:30<\/td>\n<\/tr>\n<tr style=\"border: 0;\">\n<td style=\"border: 0; text-align: left; color: #1bbde4;\">Vendredi<\/td>\n<td style=\"border: 0; text-align: right;\">08:30 &#8211; 16:30<\/td>\n<\/tr>\n<tr style=\"border: 0;\">\n<td style=\"border: 0; text-align: left; color: #1bbde4;\">Samedi<\/td>\n<td style=\"border: 0; text-align: right;\">Ferm\u00e9<\/td>\n<\/tr>\n<tr style=\"border: 0;\">\n<td style=\"border: 0; text-align: left; color: #1bbde4;\">Dimanche<\/td>\n<td style=\"border: 0; text-align: right;\">Ferm\u00e9<\/td>\n<\/tr>\n<\/tbody>\n<\/table>\t\t\t\t\t\t\t\t<\/div>\n\t\t\t\t<\/div>\n\t\t\t\t<div class=\"elementor-element elementor-element-bc97323 elementor-widget elementor-widget-thsn_icon_heading\" data-id=\"bc97323\" data-element_type=\"widget\" data-e-type=\"widget\" data-widget_type=\"thsn_icon_heading.default\">\n\t\t\t\t<div class=\"elementor-widget-container\">\n\t\t\t\t\t<div class=\"thsn-ihbox thsn-ihbox-style-4\"><div class=\"d-flex align-items-center\">\r\n\t<div class=\"thsn-ihbox-icon\"><div class=\"thsn-ihbox-icon-wrapper\"><\/div><\/div>\t<div class=\"thsn-ihbox-contents\">\r\n\t\t\t\t\r\n\t<\/div><!-- .thsn-ihbox-contents -->\r\n<\/div>\r\n<\/div>\t\t\t\t<\/div>\n\t\t\t\t<\/div>\n\t\t\t\t\t<\/div>\n\t\t<\/div>\n\t\t\t\t\t<\/div>\n\t\t<\/section>\n\t\t\t\t\t<\/div>\n\t\t<\/div>\n\t\t\t\t\t<\/div>\n\t\t<\/section>\n\t\t\t\t<section class=\"elementor-section elementor-top-section elementor-element elementor-element-caa50b1 elementor-section-full_width elementor-section-stretched thsn-col-stretched-none thsn-bg-color-over-image elementor-section-height-default elementor-section-height-default\" data-id=\"caa50b1\" data-element_type=\"section\" data-e-type=\"section\" data-settings=\"{&quot;stretch_section&quot;:&quot;section-stretched&quot;}\">\n\t\t\t\t\t\t<div class=\"elementor-container elementor-column-gap-default\">\n\t\t\t\t\t<div class=\"elementor-column elementor-col-100 elementor-top-column elementor-element elementor-element-7aae047 thsn-bg-color-over-image\" data-id=\"7aae047\" data-element_type=\"column\" data-e-type=\"column\">\n\t\t\t<div class=\"elementor-widget-wrap elementor-element-populated\">\n\t\t\t\t\t\t<div class=\"elementor-element elementor-element-cfc4d5d elementor-widget elementor-widget-google_maps\" data-id=\"cfc4d5d\" data-element_type=\"widget\" data-e-type=\"widget\" data-widget_type=\"google_maps.default\">\n\t\t\t\t<div class=\"elementor-widget-container\">\n\t\t\t\t\t\t\t<div class=\"elementor-custom-embed\">\n\t\t\t<iframe loading=\"lazy\"\n\t\t\t\t\tsrc=\"https:\/\/maps.google.com\/maps?q=Paramedic%20Association%20of%20New%20Brunswick%20298%20Main%20Street%2C%20Fredericton%2C%20NB&#038;t=m&#038;z=13&#038;output=embed&#038;iwloc=near\"\n\t\t\t\t\ttitle=\"Paramedic Association of New Brunswick 298 Main Street, Fredericton, NB\"\n\t\t\t\t\taria-label=\"Paramedic Association of New Brunswick 298 Main Street, Fredericton, NB\"\n\t\t\t><\/iframe>\n\t\t<\/div>\n\t\t\t\t\t\t<\/div>\n\t\t\t\t<\/div>\n\t\t\t\t\t<\/div>\n\t\t<\/div>\n\t\t\t\t\t<\/div>\n\t\t<\/section>\n\t\t\t\t<\/div>\n\t\t","protected":false},"excerpt":{"rendered":"<p>Prenez contact avec nous Appelez maintenant ou \u00e9crivez un message Notre emplacement 298, rue Main, Fredericton Nouveau-Brunswick E3A 1C9 t\u00e9l\u00e9phone 506.459.2638 888.887.7262 Courriel info@panb.ca Prenez contact avec nous Prenez contact avec nous Heures de bureau Lundi 08:30 &#8211; 16:30 Mardi 08:30 &#8211; 16:30 Mercredi 08:30 &#8211; 16:30 Jeudi 08:30 &#8211; 16:30 Vendredi 08:30 &#8211; 16:30 Samedi Ferm\u00e9 Dimanche Ferm\u00e9<\/p>\n","protected":false},"author":2,"featured_media":0,"parent":0,"menu_order":5,"comment_status":"closed","ping_status":"closed","template":"","meta":{"_acf_changed":false,"footnotes":""},"class_list":["post-79556","page","type-page","status-publish","hentry"],"acf":[],"_links":{"self":[{"href":"https:\/\/panb.ca\/fr\/wp-json\/wp\/v2\/pages\/79556","targetHints":{"allow":["GET"]}}],"collection":[{"href":"https:\/\/panb.ca\/fr\/wp-json\/wp\/v2\/pages"}],"about":[{"href":"https:\/\/panb.ca\/fr\/wp-json\/wp\/v2\/types\/page"}],"author":[{"embeddable":true,"href":"https:\/\/panb.ca\/fr\/wp-json\/wp\/v2\/users\/2"}],"replies":[{"embeddable":true,"href":"https:\/\/panb.ca\/fr\/wp-json\/wp\/v2\/comments?post=79556"}],"version-history":[{"count":11,"href":"https:\/\/panb.ca\/fr\/wp-json\/wp\/v2\/pages\/79556\/revisions"}],"predecessor-version":[{"id":79709,"href":"https:\/\/panb.ca\/fr\/wp-json\/wp\/v2\/pages\/79556\/revisions\/79709"}],"wp:attachment":[{"href":"https:\/\/panb.ca\/fr\/wp-json\/wp\/v2\/media?parent=79556"}],"curies":[{"name":"wp","href":"https:\/\/api.w.org\/{rel}","templated":true}]}}