{"id":80123,"date":"2025-05-30T06:08:11","date_gmt":"2025-05-30T10:08:11","guid":{"rendered":"https:\/\/panb.ca\/a-propos-de-lapnb\/monument-aux-paramedicaux\/"},"modified":"2025-06-29T07:58:31","modified_gmt":"2025-06-29T11:58:31","slug":"monument-aux-paramedicaux","status":"publish","type":"page","link":"https:\/\/panb.ca\/fr\/a-propos-de-lapnb\/monument-aux-paramedicaux\/","title":{"rendered":"Monument aux param\u00e9dicaux"},"content":{"rendered":"\t\t<div data-elementor-type=\"wp-page\" data-elementor-id=\"80123\" class=\"elementor elementor-80123 elementor-79993\">\n\t\t\t\t\t\t<section class=\"elementor-section elementor-top-section elementor-element elementor-element-99ae465 thsn-col-stretched-none thsn-bg-color-over-image elementor-section-boxed elementor-section-height-default elementor-section-height-default\" data-id=\"99ae465\" data-element_type=\"section\" data-e-type=\"section\">\n\t\t\t\t\t\t<div class=\"elementor-container elementor-column-gap-default\">\n\t\t\t\t\t<div class=\"elementor-column elementor-col-100 elementor-top-column elementor-element elementor-element-40ab838 thsn-bg-color-over-image\" data-id=\"40ab838\" data-element_type=\"column\" data-e-type=\"column\">\n\t\t\t<div class=\"elementor-widget-wrap elementor-element-populated\">\n\t\t\t\t\t\t<div class=\"elementor-element elementor-element-a6ad5b6 elementor-widget elementor-widget-heading\" data-id=\"a6ad5b6\" data-element_type=\"widget\" data-e-type=\"widget\" data-widget_type=\"heading.default\">\n\t\t\t\t<div class=\"elementor-widget-container\">\n\t\t\t\t\t<h6 class=\"elementor-heading-title elementor-size-default\">Les ambulanciers reconnus<\/h6>\t\t\t\t<\/div>\n\t\t\t\t<\/div>\n\t\t\t\t\t<\/div>\n\t\t<\/div>\n\t\t\t\t\t<\/div>\n\t\t<\/section>\n\t\t\t\t<section class=\"elementor-section elementor-top-section elementor-element elementor-element-a2e0358 thsn-col-stretched-none thsn-bg-color-over-image elementor-section-boxed elementor-section-height-default elementor-section-height-default\" data-id=\"a2e0358\" data-element_type=\"section\" data-e-type=\"section\">\n\t\t\t\t\t\t<div class=\"elementor-container elementor-column-gap-default\">\n\t\t\t\t\t<div class=\"elementor-column elementor-col-100 elementor-top-column elementor-element elementor-element-2536688 thsn-bg-color-over-image\" data-id=\"2536688\" data-element_type=\"column\" data-e-type=\"column\">\n\t\t\t<div class=\"elementor-widget-wrap elementor-element-populated\">\n\t\t\t\t\t\t<div class=\"elementor-element elementor-element-3e761b7 elementor-widget elementor-widget-heading\" data-id=\"3e761b7\" data-element_type=\"widget\" data-e-type=\"widget\" data-widget_type=\"heading.default\">\n\t\t\t\t<div class=\"elementor-widget-container\">\n\t\t\t\t\t<h6 class=\"elementor-heading-title elementor-size-default\">Monument des ambulanciers du Nouveau-Brunswick<\/h6>\t\t\t\t<\/div>\n\t\t\t\t<\/div>\n\t\t\t\t\t<\/div>\n\t\t<\/div>\n\t\t\t\t\t<\/div>\n\t\t<\/section>\n\t\t\t\t<section class=\"elementor-section elementor-top-section elementor-element elementor-element-17b2474 thsn-col-stretched-none thsn-bg-color-over-image elementor-section-boxed elementor-section-height-default elementor-section-height-default\" data-id=\"17b2474\" data-element_type=\"section\" data-e-type=\"section\">\n\t\t\t\t\t\t<div class=\"elementor-container elementor-column-gap-default\">\n\t\t\t\t\t<div class=\"elementor-column elementor-col-100 elementor-top-column elementor-element elementor-element-8344094 thsn-bg-color-over-image\" data-id=\"8344094\" data-element_type=\"column\" data-e-type=\"column\">\n\t\t\t<div class=\"elementor-widget-wrap elementor-element-populated\">\n\t\t\t\t\t\t<div class=\"elementor-element elementor-element-77a757b elementor-widget elementor-widget-text-editor\" data-id=\"77a757b\" data-element_type=\"widget\" data-e-type=\"widget\" data-widget_type=\"text-editor.default\">\n\t\t\t\t<div class=\"elementor-widget-container\">\n\t\t\t\t\t\t\t\t\t<p>Le Monument aux ambulanciers du Nouveau-Brunswick est une structure minimaliste aux lignes \u00e9pur\u00e9es et au design intemporel. Le monument est rectangulaire avec un capuchon l\u00e9g\u00e8rement inclin\u00e9, con\u00e7u intentionnellement pour s&rsquo;harmoniser avec les lignes visuelles de l&rsquo;h\u00f4tel du gouvernement. L&rsquo;Association tient \u00e0 remercier Smet Monuments pour son aide dans la conception, la fabrication et la livraison du monument.<\/p>\t\t\t\t\t\t\t\t<\/div>\n\t\t\t\t<\/div>\n\t\t\t\t<div class=\"elementor-element elementor-element-5660434 elementor-widget elementor-widget-image\" data-id=\"5660434\" data-element_type=\"widget\" data-e-type=\"widget\" data-widget_type=\"image.default\">\n\t\t\t\t<div class=\"elementor-widget-container\">\n\t\t\t\t\t\t\t\t\t\t\t\t\t\t\t<img fetchpriority=\"high\" decoding=\"async\" width=\"750\" height=\"562\" src=\"https:\/\/panb.ca\/wp-content\/uploads\/2025\/05\/carousel-2.png\" class=\"attachment-large size-large wp-image-80050\" alt=\"\" srcset=\"https:\/\/panb.ca\/wp-content\/uploads\/2025\/05\/carousel-2.png 750w, https:\/\/panb.ca\/wp-content\/uploads\/2025\/05\/carousel-2-300x225.png 300w\" sizes=\"(max-width: 750px) 100vw, 750px\" \/>\t\t\t\t\t\t\t\t\t\t\t\t\t\t\t<\/div>\n\t\t\t\t<\/div>\n\t\t\t\t\t<\/div>\n\t\t<\/div>\n\t\t\t\t\t<\/div>\n\t\t<\/section>\n\t\t\t\t<section class=\"elementor-section elementor-top-section elementor-element elementor-element-1c89dfa thsn-col-stretched-none thsn-bg-color-over-image elementor-section-boxed elementor-section-height-default elementor-section-height-default\" data-id=\"1c89dfa\" data-element_type=\"section\" data-e-type=\"section\">\n\t\t\t\t\t\t<div class=\"elementor-container elementor-column-gap-default\">\n\t\t\t\t\t<div class=\"elementor-column elementor-col-100 elementor-top-column elementor-element elementor-element-20ca547 thsn-bg-color-over-image\" data-id=\"20ca547\" data-element_type=\"column\" data-e-type=\"column\">\n\t\t\t<div class=\"elementor-widget-wrap elementor-element-populated\">\n\t\t\t\t\t\t<div class=\"elementor-element elementor-element-719738f elementor-widget elementor-widget-text-editor\" data-id=\"719738f\" data-element_type=\"widget\" data-e-type=\"widget\" data-widget_type=\"text-editor.default\">\n\t\t\t\t<div class=\"elementor-widget-container\">\n\t\t\t\t\t\t\t\t\t<p>La caract\u00e9ristique architecturale la plus frappante est la d\u00e9coupe polie au centre, dont la forme rappelle l&rsquo;\u00e9toile de vie d&rsquo;un secouriste, un symbole universellement reconnu dans le domaine param\u00e9dical. Les bords de la d\u00e9coupe de l&rsquo;\u00e9toile sont frais\u00e9s avec pr\u00e9cision, ce qui lui conf\u00e8re un aspect contemporain qui illustre la pertinence de la profession. Cette d\u00e9coupe permet de voir l&rsquo;environnement naturel, comme les arbres et la ligne d&rsquo;horizon, \u00e0 travers le monument, cr\u00e9ant ainsi un lien visuel entre le monument et son environnement.<\/p>\t\t\t\t\t\t\t\t<\/div>\n\t\t\t\t<\/div>\n\t\t\t\t<div class=\"elementor-element elementor-element-d840f1d elementor-widget elementor-widget-image\" data-id=\"d840f1d\" data-element_type=\"widget\" data-e-type=\"widget\" data-widget_type=\"image.default\">\n\t\t\t\t<div class=\"elementor-widget-container\">\n\t\t\t\t\t\t\t\t\t\t\t\t\t\t\t<img decoding=\"async\" width=\"750\" height=\"562\" src=\"https:\/\/panb.ca\/wp-content\/uploads\/2025\/05\/carousel-5.png\" class=\"attachment-large size-large wp-image-80056\" alt=\"\" srcset=\"https:\/\/panb.ca\/wp-content\/uploads\/2025\/05\/carousel-5.png 750w, https:\/\/panb.ca\/wp-content\/uploads\/2025\/05\/carousel-5-300x225.png 300w\" sizes=\"(max-width: 750px) 100vw, 750px\" \/>\t\t\t\t\t\t\t\t\t\t\t\t\t\t\t<\/div>\n\t\t\t\t<\/div>\n\t\t\t\t\t<\/div>\n\t\t<\/div>\n\t\t\t\t\t<\/div>\n\t\t<\/section>\n\t\t\t\t<section class=\"elementor-section elementor-top-section elementor-element elementor-element-9563417 thsn-col-stretched-none thsn-bg-color-over-image elementor-section-boxed elementor-section-height-default elementor-section-height-default\" data-id=\"9563417\" data-element_type=\"section\" data-e-type=\"section\">\n\t\t\t\t\t\t<div class=\"elementor-container elementor-column-gap-default\">\n\t\t\t\t\t<div class=\"elementor-column elementor-col-100 elementor-top-column elementor-element elementor-element-4aa7da4 thsn-bg-color-over-image\" data-id=\"4aa7da4\" data-element_type=\"column\" data-e-type=\"column\">\n\t\t\t<div class=\"elementor-widget-wrap elementor-element-populated\">\n\t\t\t\t\t\t<div class=\"elementor-element elementor-element-bc90706 elementor-widget elementor-widget-text-editor\" data-id=\"bc90706\" data-element_type=\"widget\" data-e-type=\"widget\" data-widget_type=\"text-editor.default\">\n\t\t\t\t<div class=\"elementor-widget-container\">\n\t\t\t\t\t\t\t\t\t<p>Le monument est en marbre avec une finition lisse et sci\u00e9e, ce qui sugg\u00e8re la durabilit\u00e9 et la solennit\u00e9. Il est mont\u00e9 sur un socle qui le sur\u00e9l\u00e8ve l\u00e9g\u00e8rement du sol, lui donnant ainsi de l&rsquo;importance sans pour autant \u00e9craser son cadre naturel. La conception g\u00e9n\u00e9rale du monument allie simplicit\u00e9 et signification symbolique, ce qui en fait un hommage respectueux aux travailleurs param\u00e9dicaux du Nouveau-Brunswick. L&#8217;emplacement du monument a \u00e9t\u00e9 choisi apr\u00e8s consultation des chefs autochtones et des arch\u00e9ologues locaux.<\/p>\t\t\t\t\t\t\t\t<\/div>\n\t\t\t\t<\/div>\n\t\t\t\t\t<\/div>\n\t\t<\/div>\n\t\t\t\t\t<\/div>\n\t\t<\/section>\n\t\t\t\t<section class=\"elementor-section elementor-top-section elementor-element elementor-element-ed21d8a thsn-col-stretched-none thsn-bg-color-over-image elementor-section-boxed elementor-section-height-default elementor-section-height-default\" data-id=\"ed21d8a\" data-element_type=\"section\" data-e-type=\"section\">\n\t\t\t\t\t\t<div class=\"elementor-container elementor-column-gap-default\">\n\t\t\t\t\t<div class=\"elementor-column elementor-col-100 elementor-top-column elementor-element elementor-element-8d4b1e8 thsn-bg-color-over-image\" data-id=\"8d4b1e8\" data-element_type=\"column\" data-e-type=\"column\">\n\t\t\t<div class=\"elementor-widget-wrap elementor-element-populated\">\n\t\t\t\t\t\t<div class=\"elementor-element elementor-element-3ab7eab elementor-widget elementor-widget-heading\" data-id=\"3ab7eab\" data-element_type=\"widget\" data-e-type=\"widget\" data-widget_type=\"heading.default\">\n\t\t\t\t<div class=\"elementor-widget-container\">\n\t\t\t\t\t<h6 class=\"elementor-heading-title elementor-size-default\">vous \u00eates invit\u00e9s<\/h6>\t\t\t\t<\/div>\n\t\t\t\t<\/div>\n\t\t\t\t\t<\/div>\n\t\t<\/div>\n\t\t\t\t\t<\/div>\n\t\t<\/section>\n\t\t\t\t<section class=\"elementor-section elementor-top-section elementor-element elementor-element-029dff0 thsn-col-stretched-none thsn-bg-color-over-image elementor-section-boxed elementor-section-height-default elementor-section-height-default\" data-id=\"029dff0\" data-element_type=\"section\" data-e-type=\"section\">\n\t\t\t\t\t\t<div class=\"elementor-container elementor-column-gap-default\">\n\t\t\t\t\t<div class=\"elementor-column elementor-col-100 elementor-top-column elementor-element elementor-element-8c56c79 thsn-bg-color-over-image\" data-id=\"8c56c79\" data-element_type=\"column\" data-e-type=\"column\">\n\t\t\t<div class=\"elementor-widget-wrap elementor-element-populated\">\n\t\t\t\t\t\t<div class=\"elementor-element elementor-element-3ab52d6 elementor-widget elementor-widget-heading\" data-id=\"3ab52d6\" data-element_type=\"widget\" data-e-type=\"widget\" data-widget_type=\"heading.default\">\n\t\t\t\t<div class=\"elementor-widget-container\">\n\t\t\t\t\t<h6 class=\"elementor-heading-title elementor-size-default\">Maison du gouvernement<\/h6>\t\t\t\t<\/div>\n\t\t\t\t<\/div>\n\t\t\t\t\t<\/div>\n\t\t<\/div>\n\t\t\t\t\t<\/div>\n\t\t<\/section>\n\t\t\t\t<section class=\"elementor-section elementor-top-section elementor-element elementor-element-dd55df1 thsn-col-stretched-none thsn-bg-color-over-image elementor-section-boxed elementor-section-height-default elementor-section-height-default\" data-id=\"dd55df1\" data-element_type=\"section\" data-e-type=\"section\">\n\t\t\t\t\t\t<div class=\"elementor-container elementor-column-gap-default\">\n\t\t\t\t\t<div class=\"elementor-column elementor-col-50 elementor-top-column elementor-element elementor-element-5ee6c71 thsn-bg-color-over-image\" data-id=\"5ee6c71\" data-element_type=\"column\" data-e-type=\"column\">\n\t\t\t<div class=\"elementor-widget-wrap elementor-element-populated\">\n\t\t\t\t\t\t<div class=\"elementor-element elementor-element-cfc4d5d elementor-widget elementor-widget-google_maps\" data-id=\"cfc4d5d\" data-element_type=\"widget\" data-e-type=\"widget\" data-widget_type=\"google_maps.default\">\n\t\t\t\t<div class=\"elementor-widget-container\">\n\t\t\t\t\t\t\t<div class=\"elementor-custom-embed\">\n\t\t\t<iframe loading=\"lazy\"\n\t\t\t\t\tsrc=\"https:\/\/maps.google.com\/maps?q=Government%20House%20Lieutenant%20Governor%20of%20New%20Brunswick%2051%20Woodstock%20Rd%2C%20Fredericton%2C%20NB%20E3B%209L8&#038;t=m&#038;z=15&#038;output=embed&#038;iwloc=near\"\n\t\t\t\t\ttitle=\"Government House Lieutenant Governor of New Brunswick 51 Woodstock Rd, Fredericton, NB E3B 9L8\"\n\t\t\t\t\taria-label=\"Government House Lieutenant Governor of New Brunswick 51 Woodstock Rd, Fredericton, NB E3B 9L8\"\n\t\t\t><\/iframe>\n\t\t<\/div>\n\t\t\t\t\t\t<\/div>\n\t\t\t\t<\/div>\n\t\t\t\t\t<\/div>\n\t\t<\/div>\n\t\t\t\t<div class=\"elementor-column elementor-col-50 elementor-top-column elementor-element elementor-element-918ba78 thsn-bg-color-over-image\" data-id=\"918ba78\" data-element_type=\"column\" data-e-type=\"column\">\n\t\t\t<div class=\"elementor-widget-wrap elementor-element-populated\">\n\t\t\t\t\t\t<div class=\"elementor-element elementor-element-2b82735 elementor-widget elementor-widget-image\" data-id=\"2b82735\" data-element_type=\"widget\" data-e-type=\"widget\" data-widget_type=\"image.default\">\n\t\t\t\t<div class=\"elementor-widget-container\">\n\t\t\t\t\t\t\t\t\t\t\t\t\t\t\t<img fetchpriority=\"high\" decoding=\"async\" width=\"750\" height=\"562\" src=\"https:\/\/panb.ca\/wp-content\/uploads\/2025\/05\/carousel-2.png\" class=\"attachment-large size-large wp-image-80050\" alt=\"\" srcset=\"https:\/\/panb.ca\/wp-content\/uploads\/2025\/05\/carousel-2.png 750w, https:\/\/panb.ca\/wp-content\/uploads\/2025\/05\/carousel-2-300x225.png 300w\" sizes=\"(max-width: 750px) 100vw, 750px\" \/>\t\t\t\t\t\t\t\t\t\t\t\t\t\t\t<\/div>\n\t\t\t\t<\/div>\n\t\t\t\t<div class=\"elementor-element elementor-element-e10dc1f elementor-arrows-position-inside elementor-pagination-position-outside elementor-widget elementor-widget-image-carousel\" data-id=\"e10dc1f\" data-element_type=\"widget\" data-e-type=\"widget\" data-settings=\"{&quot;navigation&quot;:&quot;both&quot;,&quot;autoplay&quot;:&quot;yes&quot;,&quot;pause_on_hover&quot;:&quot;yes&quot;,&quot;pause_on_interaction&quot;:&quot;yes&quot;,&quot;autoplay_speed&quot;:5000,&quot;infinite&quot;:&quot;yes&quot;,&quot;speed&quot;:500}\" data-widget_type=\"image-carousel.default\">\n\t\t\t\t<div class=\"elementor-widget-container\">\n\t\t\t\t\t\t\t<div class=\"elementor-image-carousel-wrapper swiper\" role=\"region\" aria-roledescription=\"carousel\" aria-label=\"Image Carousel\" dir=\"ltr\">\n\t\t\t<div class=\"elementor-image-carousel swiper-wrapper\" aria-live=\"off\">\n\t\t\t\t\t\t\t\t<div class=\"swiper-slide\" role=\"group\" aria-roledescription=\"slide\" aria-label=\"1 sur 10\"><figure class=\"swiper-slide-inner\"><img decoding=\"async\" class=\"swiper-slide-image\" src=\"https:\/\/panb.ca\/wp-content\/uploads\/2025\/05\/carousel-10-150x150.png\" alt=\"carousel-10\" \/><\/figure><\/div><div class=\"swiper-slide\" role=\"group\" aria-roledescription=\"slide\" aria-label=\"2 sur 10\"><figure class=\"swiper-slide-inner\"><img decoding=\"async\" class=\"swiper-slide-image\" src=\"https:\/\/panb.ca\/wp-content\/uploads\/2025\/05\/carousel-9-150x150.png\" alt=\"carousel-9\" \/><\/figure><\/div><div class=\"swiper-slide\" role=\"group\" aria-roledescription=\"slide\" aria-label=\"3 sur 10\"><figure class=\"swiper-slide-inner\"><img decoding=\"async\" class=\"swiper-slide-image\" src=\"https:\/\/panb.ca\/wp-content\/uploads\/2025\/05\/carousel-8-150x150.png\" alt=\"carousel-8\" \/><\/figure><\/div><div class=\"swiper-slide\" role=\"group\" aria-roledescription=\"slide\" aria-label=\"4 sur 10\"><figure class=\"swiper-slide-inner\"><img decoding=\"async\" class=\"swiper-slide-image\" src=\"https:\/\/panb.ca\/wp-content\/uploads\/2025\/05\/carousel-7-150x150.png\" alt=\"carousel-7\" \/><\/figure><\/div><div class=\"swiper-slide\" role=\"group\" aria-roledescription=\"slide\" aria-label=\"5 sur 10\"><figure class=\"swiper-slide-inner\"><img decoding=\"async\" class=\"swiper-slide-image\" src=\"https:\/\/panb.ca\/wp-content\/uploads\/2025\/05\/carousel-6-150x150.png\" alt=\"carousel-6\" \/><\/figure><\/div><div class=\"swiper-slide\" role=\"group\" aria-roledescription=\"slide\" aria-label=\"6 sur 10\"><figure class=\"swiper-slide-inner\"><img decoding=\"async\" class=\"swiper-slide-image\" src=\"https:\/\/panb.ca\/wp-content\/uploads\/2025\/05\/carousel-5-150x150.png\" alt=\"carousel-5\" \/><\/figure><\/div><div class=\"swiper-slide\" role=\"group\" aria-roledescription=\"slide\" aria-label=\"7 sur 10\"><figure class=\"swiper-slide-inner\"><img decoding=\"async\" class=\"swiper-slide-image\" src=\"https:\/\/panb.ca\/wp-content\/uploads\/2025\/05\/carousel-4-150x150.png\" alt=\"carousel-4\" \/><\/figure><\/div><div class=\"swiper-slide\" role=\"group\" aria-roledescription=\"slide\" aria-label=\"8 sur 10\"><figure class=\"swiper-slide-inner\"><img decoding=\"async\" class=\"swiper-slide-image\" src=\"https:\/\/panb.ca\/wp-content\/uploads\/2025\/05\/carousel-3-150x150.png\" alt=\"carousel-3\" \/><\/figure><\/div><div class=\"swiper-slide\" role=\"group\" aria-roledescription=\"slide\" aria-label=\"9 sur 10\"><figure class=\"swiper-slide-inner\"><img decoding=\"async\" class=\"swiper-slide-image\" src=\"https:\/\/panb.ca\/wp-content\/uploads\/2025\/05\/carousel-2-150x150.png\" alt=\"carousel-2\" \/><\/figure><\/div><div class=\"swiper-slide\" role=\"group\" aria-roledescription=\"slide\" aria-label=\"10 sur 10\"><figure class=\"swiper-slide-inner\"><img decoding=\"async\" class=\"swiper-slide-image\" src=\"https:\/\/panb.ca\/wp-content\/uploads\/2025\/05\/carousel-1-150x150.png\" alt=\"carousel-1\" \/><\/figure><\/div>\t\t\t<\/div>\n\t\t\t\t\t\t\t\t\t\t\t\t<div class=\"elementor-swiper-button elementor-swiper-button-prev\" role=\"button\" tabindex=\"0\">\n\t\t\t\t\t\t<i aria-hidden=\"true\" class=\"eicon-chevron-left\"><\/i>\t\t\t\t\t<\/div>\n\t\t\t\t\t<div class=\"elementor-swiper-button elementor-swiper-button-next\" role=\"button\" tabindex=\"0\">\n\t\t\t\t\t\t<i aria-hidden=\"true\" class=\"eicon-chevron-right\"><\/i>\t\t\t\t\t<\/div>\n\t\t\t\t\n\t\t\t\t\t\t\t\t\t<div class=\"swiper-pagination\"><\/div>\n\t\t\t\t\t\t\t\t\t<\/div>\n\t\t\t\t\t\t<\/div>\n\t\t\t\t<\/div>\n\t\t\t\t\t<\/div>\n\t\t<\/div>\n\t\t\t\t\t<\/div>\n\t\t<\/section>\n\t\t\t\t<\/div>\n\t\t","protected":false},"excerpt":{"rendered":"<p>Les ambulanciers reconnus Monument des ambulanciers du Nouveau-Brunswick Le Monument aux ambulanciers du Nouveau-Brunswick est une structure minimaliste aux lignes \u00e9pur\u00e9es et au design intemporel. Le monument est rectangulaire avec un capuchon l\u00e9g\u00e8rement inclin\u00e9, con\u00e7u intentionnellement pour s&rsquo;harmoniser avec les lignes visuelles de l&rsquo;h\u00f4tel du gouvernement. L&rsquo;Association tient \u00e0 remercier Smet Monuments pour son aide dans la conception, la fabrication et la livraison du monument. La caract\u00e9ristique architecturale la plus[&hellip;]<\/p>\n","protected":false},"author":2,"featured_media":0,"parent":71213,"menu_order":6,"comment_status":"closed","ping_status":"closed","template":"","meta":{"_acf_changed":false,"footnotes":""},"class_list":["post-80123","page","type-page","status-publish","hentry"],"acf":[],"_links":{"self":[{"href":"https:\/\/panb.ca\/fr\/wp-json\/wp\/v2\/pages\/80123","targetHints":{"allow":["GET"]}}],"collection":[{"href":"https:\/\/panb.ca\/fr\/wp-json\/wp\/v2\/pages"}],"about":[{"href":"https:\/\/panb.ca\/fr\/wp-json\/wp\/v2\/types\/page"}],"author":[{"embeddable":true,"href":"https:\/\/panb.ca\/fr\/wp-json\/wp\/v2\/users\/2"}],"replies":[{"embeddable":true,"href":"https:\/\/panb.ca\/fr\/wp-json\/wp\/v2\/comments?post=80123"}],"version-history":[{"count":5,"href":"https:\/\/panb.ca\/fr\/wp-json\/wp\/v2\/pages\/80123\/revisions"}],"predecessor-version":[{"id":80135,"href":"https:\/\/panb.ca\/fr\/wp-json\/wp\/v2\/pages\/80123\/revisions\/80135"}],"up":[{"embeddable":true,"href":"https:\/\/panb.ca\/fr\/wp-json\/wp\/v2\/pages\/71213"}],"wp:attachment":[{"href":"https:\/\/panb.ca\/fr\/wp-json\/wp\/v2\/media?parent=80123"}],"curies":[{"name":"wp","href":"https:\/\/api.w.org\/{rel}","templated":true}]}}