{"id":80448,"date":"2025-07-10T11:10:37","date_gmt":"2025-07-10T15:10:37","guid":{"rendered":"https:\/\/panb.ca\/inscription\/statut-du-programme-educatif\/"},"modified":"2025-07-11T11:27:38","modified_gmt":"2025-07-11T15:27:38","slug":"statut-du-programme-educatif","status":"publish","type":"page","link":"https:\/\/panb.ca\/fr\/inscription\/statut-du-programme-educatif\/","title":{"rendered":"Statut du programme \u00e9ducatif"},"content":{"rendered":"\t\t<div data-elementor-type=\"wp-page\" data-elementor-id=\"80448\" class=\"elementor elementor-80448 elementor-80363\">\n\t\t\t\t\t\t<section class=\"elementor-section elementor-top-section elementor-element elementor-element-f52c438 thsn-col-stretched-none thsn-bg-color-over-image elementor-section-boxed elementor-section-height-default elementor-section-height-default\" data-id=\"f52c438\" data-element_type=\"section\" data-e-type=\"section\">\n\t\t\t\t\t\t<div class=\"elementor-container elementor-column-gap-default\">\n\t\t\t\t\t<div class=\"elementor-column elementor-col-100 elementor-top-column elementor-element elementor-element-804aa01 thsn-bg-color-over-image\" data-id=\"804aa01\" data-element_type=\"column\" data-e-type=\"column\">\n\t\t\t<div class=\"elementor-widget-wrap elementor-element-populated\">\n\t\t\t\t\t\t<div class=\"elementor-element elementor-element-2849e07 elementor-widget elementor-widget-heading\" data-id=\"2849e07\" data-element_type=\"widget\" data-e-type=\"widget\" data-widget_type=\"heading.default\">\n\t\t\t\t<div class=\"elementor-widget-container\">\n\t\t\t\t\t<h2 class=\"elementor-heading-title elementor-size-default\">Statut du programme \u00e9ducatif<\/h2>\t\t\t\t<\/div>\n\t\t\t\t<\/div>\n\t\t\t\t\t<\/div>\n\t\t<\/div>\n\t\t\t\t\t<\/div>\n\t\t<\/section>\n\t\t\t\t<section class=\"elementor-section elementor-top-section elementor-element elementor-element-61ce035 thsn-col-stretched-none thsn-bg-color-over-image elementor-section-boxed elementor-section-height-default elementor-section-height-default\" data-id=\"61ce035\" data-element_type=\"section\" data-e-type=\"section\">\n\t\t\t\t\t\t<div class=\"elementor-container elementor-column-gap-default\">\n\t\t\t\t\t<div class=\"elementor-column elementor-col-100 elementor-top-column elementor-element elementor-element-ce05c8c thsn-bg-color-over-image\" data-id=\"ce05c8c\" data-element_type=\"column\" data-e-type=\"column\">\n\t\t\t<div class=\"elementor-widget-wrap elementor-element-populated\">\n\t\t\t\t\t\t<div class=\"elementor-element elementor-element-575adc9 elementor-widget elementor-widget-text-editor\" data-id=\"575adc9\" data-element_type=\"widget\" data-e-type=\"widget\" data-widget_type=\"text-editor.default\">\n\t\t\t\t<div class=\"elementor-widget-container\">\n\t\t\t\t\t\t\t\t\t<p>Pour que les dipl\u00f4m\u00e9s des programmes d&rsquo;\u00e9tudes soient admissibles au permis d&rsquo;exercice au Nouveau-Brunswick, les programmes doivent \u00eatre approuv\u00e9s par l&rsquo;organisme de r\u00e9glementation (l&rsquo;APNB) afin de s&rsquo;assurer que les programmes d&rsquo;\u00e9tudes pr\u00e9parent les \u00e9tudiants \u00e0 la pratique conform\u00e9ment \u00e0 la Loi sur les param\u00e9dics, aux r\u00e8glements administratifs et aux r\u00e8gles. Dans le but de prot\u00e9ger le public, le processus d&rsquo;approbation permet de s&rsquo;assurer que les r\u00e9sidents de la province re\u00e7oivent des soins de la part de travailleurs param\u00e9dicaux qui r\u00e9pondent aux exigences de la profession gr\u00e2ce \u00e0 une bonne formation de base. <\/p><p>Si les programmes \u00e9ducatifs souhaitent obtenir une approbation, vous pouvez contacter l&rsquo;association pour obtenir plus d&rsquo;informations \u00e0 l&rsquo;adresse suivante <a href=\"mailto:info@panb.ca\">: info@panb.ca<\/a>.<\/p><p>Les programmes de formation peuvent \u00eatre approuv\u00e9s au Nouveau-Brunswick, dans d&rsquo;autres provinces canadiennes ou \u00e0 l&rsquo;\u00e9tranger, par le biais de notre processus d&rsquo;approbation. \u00c0 l&rsquo;heure actuelle, les programmes de formation suivants sont approuv\u00e9s et les dipl\u00f4m\u00e9s peuvent pr\u00e9senter une demande d&rsquo;autorisation d&rsquo;exercer. <\/p>\t\t\t\t\t\t\t\t<\/div>\n\t\t\t\t<\/div>\n\t\t\t\t\t<\/div>\n\t\t<\/div>\n\t\t\t\t\t<\/div>\n\t\t<\/section>\n\t\t\t\t<section class=\"elementor-section elementor-top-section elementor-element elementor-element-2ca46a9 thsn-col-stretched-none thsn-bg-color-over-image elementor-section-boxed elementor-section-height-default elementor-section-height-default\" data-id=\"2ca46a9\" data-element_type=\"section\" data-e-type=\"section\">\n\t\t\t\t\t\t<div class=\"elementor-container elementor-column-gap-default\">\n\t\t\t\t\t<div class=\"elementor-column elementor-col-100 elementor-top-column elementor-element elementor-element-bce8a5b thsn-bg-color-over-image\" data-id=\"bce8a5b\" data-element_type=\"column\" data-e-type=\"column\">\n\t\t\t<div class=\"elementor-widget-wrap elementor-element-populated\">\n\t\t\t\t\t\t<div class=\"elementor-element elementor-element-1f1f45a elementor-widget elementor-widget-heading\" data-id=\"1f1f45a\" data-element_type=\"widget\" data-e-type=\"widget\" data-widget_type=\"heading.default\">\n\t\t\t\t<div class=\"elementor-widget-container\">\n\t\t\t\t\t<h3 class=\"elementor-heading-title elementor-size-default\">Programmes \u00e9ducatifs<\/h3>\t\t\t\t<\/div>\n\t\t\t\t<\/div>\n\t\t\t\t\t<\/div>\n\t\t<\/div>\n\t\t\t\t\t<\/div>\n\t\t<\/section>\n\t\t\t\t<section class=\"elementor-section elementor-top-section elementor-element elementor-element-02f0c3b thsn-col-stretched-none thsn-bg-color-over-image elementor-section-boxed elementor-section-height-default elementor-section-height-default\" data-id=\"02f0c3b\" data-element_type=\"section\" data-e-type=\"section\">\n\t\t\t\t\t\t<div class=\"elementor-container elementor-column-gap-default\">\n\t\t\t\t\t<div class=\"elementor-column elementor-col-33 elementor-top-column elementor-element elementor-element-1b4fb2b thsn-bg-color-over-image\" data-id=\"1b4fb2b\" data-element_type=\"column\" data-e-type=\"column\">\n\t\t\t<div class=\"elementor-widget-wrap elementor-element-populated\">\n\t\t\t\t\t\t<div class=\"elementor-element elementor-element-3dcd8e1 elementor-widget__width-initial elementor-widget elementor-widget-heading\" data-id=\"3dcd8e1\" data-element_type=\"widget\" data-e-type=\"widget\" data-widget_type=\"heading.default\">\n\t\t\t\t<div class=\"elementor-widget-container\">\n\t\t\t\t\t<h5 class=\"elementor-heading-title elementor-size-default\">Programme \u00e9ducatif<\/h5>\t\t\t\t<\/div>\n\t\t\t\t<\/div>\n\t\t\t\t\t<\/div>\n\t\t<\/div>\n\t\t\t\t<div class=\"elementor-column elementor-col-33 elementor-top-column elementor-element elementor-element-93e8c97 thsn-bg-color-over-image\" data-id=\"93e8c97\" data-element_type=\"column\" data-e-type=\"column\">\n\t\t\t<div class=\"elementor-widget-wrap elementor-element-populated\">\n\t\t\t\t\t\t<div class=\"elementor-element elementor-element-5fa971c elementor-widget__width-initial elementor-widget elementor-widget-heading\" data-id=\"5fa971c\" data-element_type=\"widget\" data-e-type=\"widget\" data-widget_type=\"heading.default\">\n\t\t\t\t<div class=\"elementor-widget-container\">\n\t\t\t\t\t<h5 class=\"elementor-heading-title elementor-size-default\">Type de programme<\/h5>\t\t\t\t<\/div>\n\t\t\t\t<\/div>\n\t\t\t\t\t<\/div>\n\t\t<\/div>\n\t\t\t\t<div class=\"elementor-column elementor-col-33 elementor-top-column elementor-element elementor-element-07410d7 thsn-bg-color-over-image\" data-id=\"07410d7\" data-element_type=\"column\" data-e-type=\"column\">\n\t\t\t<div class=\"elementor-widget-wrap elementor-element-populated\">\n\t\t\t\t\t\t<div class=\"elementor-element elementor-element-69c155c elementor-widget__width-initial elementor-widget elementor-widget-heading\" data-id=\"69c155c\" data-element_type=\"widget\" data-e-type=\"widget\" data-widget_type=\"heading.default\">\n\t\t\t\t<div class=\"elementor-widget-container\">\n\t\t\t\t\t<h5 class=\"elementor-heading-title elementor-size-default\">Statut du programme<\/h5>\t\t\t\t<\/div>\n\t\t\t\t<\/div>\n\t\t\t\t\t<\/div>\n\t\t<\/div>\n\t\t\t\t\t<\/div>\n\t\t<\/section>\n\t\t\t\t<section class=\"elementor-section elementor-top-section elementor-element elementor-element-b5030d9 thsn-col-stretched-none thsn-bg-color-over-image elementor-section-boxed elementor-section-height-default elementor-section-height-default\" data-id=\"b5030d9\" data-element_type=\"section\" data-e-type=\"section\">\n\t\t\t\t\t\t<div class=\"elementor-container elementor-column-gap-default\">\n\t\t\t\t\t<div class=\"elementor-column elementor-col-33 elementor-top-column elementor-element elementor-element-99eb3d3 thsn-bg-color-over-image\" data-id=\"99eb3d3\" data-element_type=\"column\" data-e-type=\"column\">\n\t\t\t<div class=\"elementor-widget-wrap elementor-element-populated\">\n\t\t\t\t\t\t<div class=\"elementor-element elementor-element-92d8611 elementor-widget-mobile__width-initial elementor-widget elementor-widget-heading\" data-id=\"92d8611\" data-element_type=\"widget\" data-e-type=\"widget\" data-widget_type=\"heading.default\">\n\t\t\t\t<div class=\"elementor-widget-container\">\n\t\t\t\t\t<div class=\"elementor-heading-title elementor-size-default\">Medavie Health Ed - NB<br><br>CCNB- NB<br><br>Medavie Health Ed - NB<br><br>Medavie Health Ed - NB<br><br>CCNB - NB<br><br>Coll\u00e8ge Oulton - NB<br><br>Omni Life Support - NB<br><br>Coll\u00e8ge Holland - \u00ce.-P.-\u00c9.<br><br>Northern Maine CC - \u00c9tats-Unis<br><br>Universit\u00e9 de Doha - Doha<br><br>Medavie Health Ed - NS<br><br>Coll\u00e8ge Holland - \u00ce.-P.-\u00c9.<br><br>Northern Maine CC - \u00c9tats-Unis<br><br>Institut de formation aux situations d'urgence - Trinit\u00e9-et-Tobago<br><br>  Universit\u00e9 technique de la p\u00e9ninsule du Cap - Afrique du Sud<br><\/div>\t\t\t\t<\/div>\n\t\t\t\t<\/div>\n\t\t\t\t\t<\/div>\n\t\t<\/div>\n\t\t\t\t<div class=\"elementor-column elementor-col-33 elementor-top-column elementor-element elementor-element-78fc5f7 thsn-bg-color-over-image\" data-id=\"78fc5f7\" data-element_type=\"column\" data-e-type=\"column\">\n\t\t\t<div class=\"elementor-widget-wrap elementor-element-populated\">\n\t\t\t\t\t\t<div class=\"elementor-element elementor-element-703a20d elementor-widget elementor-widget-heading\" data-id=\"703a20d\" data-element_type=\"widget\" data-e-type=\"widget\" data-widget_type=\"heading.default\">\n\t\t\t\t<div class=\"elementor-widget-container\">\n\t\t\t\t\t<div class=\"elementor-heading-title elementor-size-default\">Programme EMT<br><br>Programme EMT<br><br>Programme PCP (civil)<br><br>Programme PCP (militaire)<br><br>Programme PCP<br><br>Programme PCP<br><br>Programme PCP<br><br>Programme PCP<br><br>Programme PCP<br><br>Programme ACP<br><br>Programme ACP<br><br>Programme ACP<br><br>Programme ACP<br><br><br>Programme PCP<br><br><br>Programme PCP<br><br><\/div>\t\t\t\t<\/div>\n\t\t\t\t<\/div>\n\t\t\t\t\t<\/div>\n\t\t<\/div>\n\t\t\t\t<div class=\"elementor-column elementor-col-33 elementor-top-column elementor-element elementor-element-f219747 thsn-bg-color-over-image\" data-id=\"f219747\" data-element_type=\"column\" data-e-type=\"column\">\n\t\t\t<div class=\"elementor-widget-wrap elementor-element-populated\">\n\t\t\t\t\t\t<div class=\"elementor-element elementor-element-fc16f9a elementor-widget elementor-widget-heading\" data-id=\"fc16f9a\" data-element_type=\"widget\" data-e-type=\"widget\" data-widget_type=\"heading.default\">\n\t\t\t\t<div class=\"elementor-widget-container\">\n\t\t\t\t\t<div class=\"elementor-heading-title elementor-size-default\">Approbation transitoire<br><br>Approbation transitoire<br><br>Approbation transitoire<br><br>Approbation transitoire<br><br>Approbation transitoire<br><br>Approbation transitoire<br><br>Approbation transitoire<br><br>Approbation transitoire<br><br>Approbation transitoire<br><br>Approbation transitoire<br><br>Approbation transitoire<br><br>Approbation transitoire<br><br>Approbation transitoire<br><br><br>Premi\u00e8re \u00e9tape de la demande<br><br><br>Premi\u00e8re \u00e9tape de la demande<br><br><br><\/div>\t\t\t\t<\/div>\n\t\t\t\t<\/div>\n\t\t\t\t\t<\/div>\n\t\t<\/div>\n\t\t\t\t\t<\/div>\n\t\t<\/section>\n\t\t\t\t<section class=\"elementor-section elementor-top-section elementor-element elementor-element-014b4a4 thsn-col-stretched-none thsn-bg-color-over-image elementor-section-boxed elementor-section-height-default elementor-section-height-default\" data-id=\"014b4a4\" data-element_type=\"section\" data-e-type=\"section\">\n\t\t\t\t\t\t<div class=\"elementor-container elementor-column-gap-default\">\n\t\t\t\t\t<div class=\"elementor-column elementor-col-100 elementor-top-column elementor-element elementor-element-ee0eab6 thsn-bg-color-over-image\" data-id=\"ee0eab6\" data-element_type=\"column\" data-e-type=\"column\">\n\t\t\t<div class=\"elementor-widget-wrap\">\n\t\t\t\t\t\t\t<\/div>\n\t\t<\/div>\n\t\t\t\t\t<\/div>\n\t\t<\/section>\n\t\t\t\t<\/div>\n\t\t","protected":false},"excerpt":{"rendered":"<p>Statut du programme \u00e9ducatif Pour que les dipl\u00f4m\u00e9s des programmes d&rsquo;\u00e9tudes soient admissibles au permis d&rsquo;exercice au Nouveau-Brunswick, les programmes doivent \u00eatre approuv\u00e9s par l&rsquo;organisme de r\u00e9glementation (l&rsquo;APNB) afin de s&rsquo;assurer que les programmes d&rsquo;\u00e9tudes pr\u00e9parent les \u00e9tudiants \u00e0 la pratique conform\u00e9ment \u00e0 la Loi sur les param\u00e9dics, aux r\u00e8glements administratifs et aux r\u00e8gles. Dans le but de prot\u00e9ger le public, le processus d&rsquo;approbation permet de s&rsquo;assurer que les r\u00e9sidents[&hellip;]<\/p>\n","protected":false},"author":5,"featured_media":0,"parent":71370,"menu_order":2,"comment_status":"closed","ping_status":"closed","template":"","meta":{"_acf_changed":false,"footnotes":""},"class_list":["post-80448","page","type-page","status-publish","hentry"],"acf":[],"_links":{"self":[{"href":"https:\/\/panb.ca\/fr\/wp-json\/wp\/v2\/pages\/80448","targetHints":{"allow":["GET"]}}],"collection":[{"href":"https:\/\/panb.ca\/fr\/wp-json\/wp\/v2\/pages"}],"about":[{"href":"https:\/\/panb.ca\/fr\/wp-json\/wp\/v2\/types\/page"}],"author":[{"embeddable":true,"href":"https:\/\/panb.ca\/fr\/wp-json\/wp\/v2\/users\/5"}],"replies":[{"embeddable":true,"href":"https:\/\/panb.ca\/fr\/wp-json\/wp\/v2\/comments?post=80448"}],"version-history":[{"count":1,"href":"https:\/\/panb.ca\/fr\/wp-json\/wp\/v2\/pages\/80448\/revisions"}],"predecessor-version":[{"id":80449,"href":"https:\/\/panb.ca\/fr\/wp-json\/wp\/v2\/pages\/80448\/revisions\/80449"}],"up":[{"embeddable":true,"href":"https:\/\/panb.ca\/fr\/wp-json\/wp\/v2\/pages\/71370"}],"wp:attachment":[{"href":"https:\/\/panb.ca\/fr\/wp-json\/wp\/v2\/media?parent=80448"}],"curies":[{"name":"wp","href":"https:\/\/api.w.org\/{rel}","templated":true}]}}